{"id":823,"date":"2022-03-31T16:39:31","date_gmt":"2022-03-31T16:39:31","guid":{"rendered":"https:\/\/www.privio.eu\/?page_id=823"},"modified":"2024-06-26T07:35:11","modified_gmt":"2024-06-26T07:35:11","slug":"gdpr","status":"publish","type":"page","link":"https:\/\/www.privio.com\/it\/gdpr\/","title":{"rendered":"GDPR"},"content":{"rendered":"<div data-elementor-type=\"wp-page\" data-elementor-id=\"823\" class=\"elementor elementor-823\" data-elementor-post-type=\"page\">\n\t\t\t\t\t\t<section class=\"elementor-section elementor-top-section elementor-element elementor-element-381306d elementor-section-boxed elementor-section-height-default elementor-section-height-default\" data-id=\"381306d\" data-element_type=\"section\" data-e-type=\"section\" data-settings=\"{&quot;jet_parallax_layout_list&quot;:[]}\">\n\t\t\t\t\t\t<div class=\"elementor-container elementor-column-gap-no\">\n\t\t\t\t\t<div class=\"elementor-column elementor-col-100 elementor-top-column elementor-element elementor-element-e3fcfb2\" data-id=\"e3fcfb2\" data-element_type=\"column\" data-e-type=\"column\">\n\t\t\t<div class=\"elementor-widget-wrap elementor-element-populated\">\n\t\t\t\t\t\t<div class=\"elementor-element elementor-element-2646c1f elementor-widget elementor-widget-jet-headline\" data-id=\"2646c1f\" data-element_type=\"widget\" data-e-type=\"widget\" data-widget_type=\"jet-headline.default\">\n\t\t\t\t<div class=\"elementor-widget-container\">\n\t\t\t\t\t<h1 class=\"jet-headline jet-headline--direction-horizontal\"><span class=\"jet-headline__part jet-headline__first headline__part--image-text\"><span class=\"jet-headline__label\">GDPR<\/span><\/span><span class=\"jet-headline__space\">&nbsp;<\/span><\/h1>\t\t\t\t<\/div>\n\t\t\t\t<\/div>\n\t\t\t\t<div class=\"elementor-element elementor-element-94ac7ca elementor-absolute elementor-widget__width-auto elementor-hidden-tablet elementor-hidden-mobile elementor-invisible elementor-widget elementor-widget-jet-headline\" data-id=\"94ac7ca\" data-element_type=\"widget\" data-e-type=\"widget\" data-settings=\"{&quot;_position&quot;:&quot;absolute&quot;,&quot;_animation&quot;:&quot;flash&quot;}\" data-widget_type=\"jet-headline.default\">\n\t\t\t\t<div class=\"elementor-widget-container\">\n\t\t\t\t\t<h2 class=\"jet-headline jet-headline--direction-horizontal\"><span class=\"jet-headline__part jet-headline__first headline__part--image-text\"><span class=\"jet-headline__label\">GPDR<\/span><\/span><span class=\"jet-headline__space\">&nbsp;<\/span><\/h2>\t\t\t\t<\/div>\n\t\t\t\t<\/div>\n\t\t\t\t<section class=\"elementor-section elementor-inner-section elementor-element elementor-element-efe71cb elementor-section-boxed elementor-section-height-default elementor-section-height-default\" data-id=\"efe71cb\" data-element_type=\"section\" data-e-type=\"section\" data-settings=\"{&quot;jet_parallax_layout_list&quot;:[]}\">\n\t\t\t\t\t\t<div class=\"elementor-container elementor-column-gap-no\">\n\t\t\t\t\t<div class=\"elementor-column elementor-col-100 elementor-inner-column elementor-element elementor-element-b7dd839\" data-id=\"b7dd839\" data-element_type=\"column\" data-e-type=\"column\">\n\t\t\t<div class=\"elementor-widget-wrap elementor-element-populated\">\n\t\t\t\t\t\t<div class=\"elementor-element elementor-element-cd48212 elementor-widget elementor-widget-text-editor\" data-id=\"cd48212\" data-element_type=\"widget\" data-e-type=\"widget\" data-widget_type=\"text-editor.default\">\n\t\t\t\t<div class=\"elementor-widget-container\">\n\t\t\t\t\t\t\t\t\t<h1>Politica sulla privacy<\/h1>\t\t\t\t\t\t\t\t<\/div>\n\t\t\t\t<\/div>\n\t\t\t\t<div class=\"elementor-element elementor-element-d4a7a55 elementor-widget elementor-widget-text-editor\" data-id=\"d4a7a55\" data-element_type=\"widget\" data-e-type=\"widget\" data-widget_type=\"text-editor.default\">\n\t\t\t\t<div class=\"elementor-widget-container\">\n\t\t\t\t\t\t\t\t\t<p>Data effettiva: 13 giugno 2019<\/p><p>PRIVIO (\"noi\", \"noi\" o \"nostro\") gestisce il sito web https:\/\/www.privio.com (di seguito denominato \"Servizio\").<\/p><p>Questa pagina ti informa delle nostre politiche riguardanti la raccolta, l'uso e la divulgazione dei dati personali quando usi il nostro Servizio e le scelte che hai associato a tali dati.<\/p><p>Utilizziamo i vostri dati per fornire e migliorare il Servizio. Utilizzando il Servizio, l'utente accetta la raccolta e l'utilizzo delle informazioni in conformit\u00e0 con la presente informativa. Se non diversamente definito nella presente Informativa sulla privacy, i termini utilizzati nella presente Informativa sulla privacy hanno lo stesso significato dei nostri Termini e condizioni, accessibili da https:\/\/www.privio.com.<\/p>\t\t\t\t\t\t\t\t<\/div>\n\t\t\t\t<\/div>\n\t\t\t\t\t<\/div>\n\t\t<\/div>\n\t\t\t\t\t<\/div>\n\t\t<\/section>\n\t\t\t\t<section class=\"elementor-section elementor-inner-section elementor-element elementor-element-cc25b9a elementor-section-boxed elementor-section-height-default elementor-section-height-default\" data-id=\"cc25b9a\" data-element_type=\"section\" data-e-type=\"section\" data-settings=\"{&quot;jet_parallax_layout_list&quot;:[]}\">\n\t\t\t\t\t\t<div class=\"elementor-container elementor-column-gap-no\">\n\t\t\t\t\t<div class=\"elementor-column elementor-col-100 elementor-inner-column elementor-element elementor-element-ba004d4\" data-id=\"ba004d4\" data-element_type=\"column\" data-e-type=\"column\">\n\t\t\t<div class=\"elementor-widget-wrap elementor-element-populated\">\n\t\t\t\t\t\t<div class=\"elementor-element elementor-element-7a6cde1 elementor-widget elementor-widget-text-editor\" data-id=\"7a6cde1\" data-element_type=\"widget\" data-e-type=\"widget\" data-widget_type=\"text-editor.default\">\n\t\t\t\t<div class=\"elementor-widget-container\">\n\t\t\t\t\t\t\t\t\t<h2>Definizioni<\/h2>\t\t\t\t\t\t\t\t<\/div>\n\t\t\t\t<\/div>\n\t\t\t\t<div class=\"elementor-element elementor-element-309539e elementor-widget elementor-widget-text-editor\" data-id=\"309539e\" data-element_type=\"widget\" data-e-type=\"widget\" data-widget_type=\"text-editor.default\">\n\t\t\t\t<div class=\"elementor-widget-container\">\n\t\t\t\t\t\t\t\t\t<p><strong>Servizio<\/strong>\u00a0Il servizio \u00e8 il sito web https:\/\/www.privio.com gestito da PRIVIO.<\/p><p><strong>Dati personali<\/strong>\u00a0Per Dati Personali si intendono i dati relativi a un individuo vivente che pu\u00f2 essere identificato da tali dati (o da quelli e da altre informazioni in nostro possesso o che potrebbero venire in nostro possesso).<\/p><p><strong>Dati d'uso<\/strong>\u00a0I Dati di Utilizzo sono dati raccolti automaticamente dall'uso del Servizio o dall'infrastruttura del Servizio stesso (per esempio, la durata della visita di una pagina).<\/p><p><strong>Cookie<\/strong>\u00a0I cookie sono piccoli file memorizzati sul suo dispositivo (computer o dispositivo mobile).<\/p>\t\t\t\t\t\t\t\t<\/div>\n\t\t\t\t<\/div>\n\t\t\t\t\t<\/div>\n\t\t<\/div>\n\t\t\t\t\t<\/div>\n\t\t<\/section>\n\t\t\t\t<section class=\"elementor-section elementor-inner-section elementor-element elementor-element-0bf2dc8 elementor-section-boxed elementor-section-height-default elementor-section-height-default\" data-id=\"0bf2dc8\" data-element_type=\"section\" data-e-type=\"section\" data-settings=\"{&quot;jet_parallax_layout_list&quot;:[]}\">\n\t\t\t\t\t\t<div class=\"elementor-container elementor-column-gap-no\">\n\t\t\t\t\t<div class=\"elementor-column elementor-col-100 elementor-inner-column elementor-element elementor-element-8900c36\" data-id=\"8900c36\" data-element_type=\"column\" data-e-type=\"column\">\n\t\t\t<div class=\"elementor-widget-wrap elementor-element-populated\">\n\t\t\t\t\t\t<div class=\"elementor-element elementor-element-824dcc0 elementor-widget elementor-widget-text-editor\" data-id=\"824dcc0\" data-element_type=\"widget\" data-e-type=\"widget\" data-widget_type=\"text-editor.default\">\n\t\t\t\t<div class=\"elementor-widget-container\">\n\t\t\t\t\t\t\t\t\t<h2>Raccolta e uso delle informazioni<\/h2>\t\t\t\t\t\t\t\t<\/div>\n\t\t\t\t<\/div>\n\t\t\t\t<div class=\"elementor-element elementor-element-4b12e28 elementor-widget elementor-widget-text-editor\" data-id=\"4b12e28\" data-element_type=\"widget\" data-e-type=\"widget\" data-widget_type=\"text-editor.default\">\n\t\t\t\t<div class=\"elementor-widget-container\">\n\t\t\t\t\t\t\t\t\t<p>Raccogliamo diversi tipi di informazioni per vari scopi per fornire e migliorare il nostro servizio a voi.<\/p>\t\t\t\t\t\t\t\t<\/div>\n\t\t\t\t<\/div>\n\t\t\t\t\t<\/div>\n\t\t<\/div>\n\t\t\t\t\t<\/div>\n\t\t<\/section>\n\t\t\t\t<section class=\"elementor-section elementor-inner-section elementor-element elementor-element-effbab4 elementor-section-boxed elementor-section-height-default elementor-section-height-default\" data-id=\"effbab4\" data-element_type=\"section\" data-e-type=\"section\" data-settings=\"{&quot;jet_parallax_layout_list&quot;:[]}\">\n\t\t\t\t\t\t<div class=\"elementor-container elementor-column-gap-no\">\n\t\t\t\t\t<div class=\"elementor-column elementor-col-100 elementor-inner-column elementor-element elementor-element-eff61ab\" data-id=\"eff61ab\" data-element_type=\"column\" data-e-type=\"column\">\n\t\t\t<div class=\"elementor-widget-wrap elementor-element-populated\">\n\t\t\t\t\t\t<div class=\"elementor-element elementor-element-aab9e35 elementor-widget elementor-widget-text-editor\" data-id=\"aab9e35\" data-element_type=\"widget\" data-e-type=\"widget\" data-widget_type=\"text-editor.default\">\n\t\t\t\t<div class=\"elementor-widget-container\">\n\t\t\t\t\t\t\t\t\t<h3>Tipi di dati raccolti<\/h3>\t\t\t\t\t\t\t\t<\/div>\n\t\t\t\t<\/div>\n\t\t\t\t<div class=\"elementor-element elementor-element-109782a elementor-widget elementor-widget-text-editor\" data-id=\"109782a\" data-element_type=\"widget\" data-e-type=\"widget\" data-widget_type=\"text-editor.default\">\n\t\t\t\t<div class=\"elementor-widget-container\">\n\t\t\t\t\t\t\t\t\t<h4>Dati personali<\/h4><p>Durante l'utilizzo del nostro Servizio, potremmo chiederti di fornirci alcune informazioni di identificazione personale che possono essere utilizzate per contattarti o identificarti (\"Dati personali\"). Le informazioni di identificazione personale possono includere, ma non sono limitate a:<\/p><ul><li>Indirizzo e-mail<\/li><li>Nome e cognome<\/li><li>Numero di telefono<\/li><li>Cookie e dati di utilizzo<\/li><\/ul><h4>Dati d'uso<\/h4><p>Possiamo anche raccogliere informazioni sulle modalit\u00e0 di accesso e utilizzo del Servizio (\"Dati di utilizzo\"). Questi dati di utilizzo possono includere informazioni quali l'indirizzo di protocollo Internet del vostro computer (ad esempio l'indirizzo IP), il tipo di browser, la versione del browser, le pagine del nostro Servizio che visitate, l'ora e la data della vostra visita, il tempo trascorso su tali pagine, gli identificatori unici del dispositivo e altri dati diagnostici.<\/p><h4>Dati di tracciamento e cookie<\/h4><p>Utilizziamo i cookie e tecnologie di tracciamento simili per tracciare l'attivit\u00e0 sul nostro Servizio e conserviamo alcune informazioni.<\/p><p>I cookie sono file con una piccola quantit\u00e0 di dati che possono includere un identificatore unico anonimo. I cookie vengono inviati al suo browser da un sito web e memorizzati sul suo dispositivo. Vengono utilizzate anche altre tecnologie di tracciamento come beacon, tag e script per raccogliere e tracciare informazioni e per migliorare e analizzare il nostro Servizio.<\/p><p>\u00c8 possibile impostare il browser per rifiutare tutti i cookie o per indicare quando un cookie viene inviato. Tuttavia, se non accetta i cookie, potrebbe non essere in grado di utilizzare alcune parti del nostro Servizio.<\/p><p>Esempi di cookie che utilizziamo:<\/p><ul><li><strong>Cookie di sessione.<\/strong>\u00a0Utilizziamo i cookie di sessione per far funzionare il nostro servizio.<\/li><li><strong>Cookie di preferenza.<\/strong>\u00a0Utilizziamo i cookie di preferenza per ricordare le tue preferenze e le varie impostazioni.<\/li><li><strong>Cookie di sicurezza.<\/strong>\u00a0Utilizziamo i cookie di sicurezza per scopi di sicurezza.<\/li><\/ul><h2>Uso dei dati<\/h2><p>PRIVIO utilizza i dati raccolti per vari scopi:<\/p><ul><li>Per fornire e mantenere il nostro servizio<\/li><li>Per notificarle delle modifiche al nostro servizio<\/li><li>Per permetterle di partecipare a funzioni interattive del nostro Servizio quando lei sceglie di farlo<\/li><li>Per fornire assistenza ai clienti<\/li><li>Per raccogliere analisi o informazioni preziose in modo da poter migliorare il nostro servizio<\/li><li>Per monitorare l'uso del nostro servizio<\/li><li>Individuare, prevenire e affrontare problemi tecnici<\/li><\/ul><h2>Trasferimento di dati<\/h2><p>Le vostre informazioni, compresi i Dati personali, possono essere trasferite a - e mantenute su - computer situati al di fuori del vostro stato, provincia, paese o altra giurisdizione governativa dove le leggi sulla protezione dei dati possono differire da quelle della vostra giurisdizione.<\/p><p>Se si trova al di fuori della Francia e sceglie di fornirci informazioni, la preghiamo di notare che trasferiamo i dati, compresi i dati personali, in Francia e li trattiamo l\u00ec.<\/p><p>Il suo consenso a questa politica sulla privacy seguito dall'invio di tali informazioni rappresenta il suo consenso a tale trasferimento.<\/p><p>PRIVIO adotter\u00e0 tutte le misure ragionevolmente necessarie per garantire che i vostri dati siano trattati in modo sicuro e in conformit\u00e0 con la presente informativa sulla privacy e nessun trasferimento dei vostri dati personali avr\u00e0 luogo verso un'organizzazione o un paese a meno che non vi siano controlli adeguati in atto tra cui la sicurezza dei vostri dati e altre informazioni personali.<\/p><h2>Divulgazione dei dati<\/h2>\t\t\t\t\t\t\t\t<\/div>\n\t\t\t\t<\/div>\n\t\t\t\t\t<\/div>\n\t\t<\/div>\n\t\t\t\t\t<\/div>\n\t\t<\/section>\n\t\t\t\t<section class=\"elementor-section elementor-inner-section elementor-element elementor-element-fb09143 elementor-section-boxed elementor-section-height-default elementor-section-height-default\" data-id=\"fb09143\" data-element_type=\"section\" data-e-type=\"section\" data-settings=\"{&quot;jet_parallax_layout_list&quot;:[]}\">\n\t\t\t\t\t\t<div class=\"elementor-container elementor-column-gap-no\">\n\t\t\t\t\t<div class=\"elementor-column elementor-col-100 elementor-inner-column elementor-element elementor-element-d116e5b\" data-id=\"d116e5b\" data-element_type=\"column\" data-e-type=\"column\">\n\t\t\t<div class=\"elementor-widget-wrap elementor-element-populated\">\n\t\t\t\t\t\t<div class=\"elementor-element elementor-element-511384f elementor-widget elementor-widget-text-editor\" data-id=\"511384f\" data-element_type=\"widget\" data-e-type=\"widget\" data-widget_type=\"text-editor.default\">\n\t\t\t\t<div class=\"elementor-widget-container\">\n\t\t\t\t\t\t\t\t\t<h3>Requisiti legali<\/h3>\t\t\t\t\t\t\t\t<\/div>\n\t\t\t\t<\/div>\n\t\t\t\t<div class=\"elementor-element elementor-element-8aadec1 elementor-widget elementor-widget-text-editor\" data-id=\"8aadec1\" data-element_type=\"widget\" data-e-type=\"widget\" data-widget_type=\"text-editor.default\">\n\t\t\t\t<div class=\"elementor-widget-container\">\n\t\t\t\t\t\t\t\t\t<p>PRIVIO pu\u00f2 divulgare i vostri dati personali nella convinzione in buona fede che tale azione sia necessaria per:<\/p><ul><li>Per adempiere a un obbligo legale<\/li><li>Per proteggere e difendere i diritti o la propriet\u00e0 di PRIVIO<\/li><li>Per prevenire o indagare su possibili illeciti in relazione al Servizio<\/li><li>Per proteggere la sicurezza personale degli utenti del servizio o del pubblico<\/li><li>Per proteggersi dalla responsabilit\u00e0 legale<\/li><\/ul><h2>Sicurezza dei dati<\/h2><p>La sicurezza dei tuoi dati \u00e8 importante per noi, ma ricorda che nessun metodo di trasmissione su Internet o metodo di archiviazione elettronica \u00e8 100% sicuro. Anche se ci sforziamo di utilizzare mezzi commercialmente accettabili per proteggere i vostri dati personali, non possiamo garantirne la sicurezza assoluta.<\/p><h2>Fornitori di servizi<\/h2><p>Possiamo impiegare societ\u00e0 e individui di terze parti per facilitare il nostro Servizio (\"Fornitori di servizi\"), fornire il Servizio per nostro conto, eseguire servizi relativi al Servizio o assisterci nell'analisi di come il nostro Servizio viene utilizzato.<\/p><p>Queste terze parti hanno accesso ai vostri dati personali solo per svolgere questi compiti per nostro conto e sono obbligati a non divulgare o utilizzare i dati per qualsiasi altro scopo.<\/p><h2>Link ad altri siti<\/h2><p>Il nostro servizio pu\u00f2 contenere link ad altri siti che non sono gestiti da noi. Se si fa clic su un link di terze parti, sarete diretti al sito di quella terza parte. Vi consigliamo vivamente di rivedere l'informativa sulla privacy di ogni sito che visitate.<\/p><p>Non abbiamo alcun controllo e non ci assumiamo alcuna responsabilit\u00e0 per il contenuto, le politiche sulla privacy o le pratiche di qualsiasi sito o servizio di terze parti.<\/p><h2>Privacy dei bambini<\/h2><p>Il nostro Servizio non si rivolge a persone di et\u00e0 inferiore ai 18 anni (\"Bambini\").<\/p><p>Non raccogliamo consapevolmente informazioni di identificazione personale da chiunque abbia meno di 18 anni. Se sei un genitore o un tutore e sei consapevole che tuo figlio ci ha fornito Dati personali, ti preghiamo di contattarci. Se ci accorgiamo di aver raccolto Dati personali da bambini senza la verifica del consenso dei genitori, prendiamo provvedimenti per rimuovere tali informazioni dai nostri server.<\/p><h2>Modifiche a questa politica sulla privacy<\/h2><p>Possiamo aggiornare la nostra Informativa sulla privacy di tanto in tanto. Vi informeremo di qualsiasi modifica pubblicando la nuova informativa sulla privacy su questa pagina.<\/p><p>Vi informeremo via e-mail e\/o con un avviso ben visibile sul nostro Servizio, prima che la modifica diventi effettiva e aggiorneremo la \"data di entrata in vigore\" all'inizio di questa Informativa sulla privacy.<\/p><p>Si consiglia di rivedere periodicamente la presente informativa sulla privacy per eventuali modifiche. Le modifiche a questa politica sulla privacy sono effettive quando vengono pubblicate su questa pagina.<\/p><h2>Contattateci<\/h2><p>Se avete domande su questa politica sulla privacy, vi preghiamo di contattarci: Per e-mail:\u00a0<a href=\"mailto:gpdr@privio.com\">gdpr@privio.com<\/a><\/p>\t\t\t\t\t\t\t\t<\/div>\n\t\t\t\t<\/div>\n\t\t\t\t\t<\/div>\n\t\t<\/div>\n\t\t\t\t\t<\/div>\n\t\t<\/section>\n\t\t\t\t\t<\/div>\n\t\t<\/div>\n\t\t\t\t\t<\/div>\n\t\t<\/section>\n\t\t\t\t<\/div>","protected":false},"excerpt":{"rendered":"<p>GDPR&nbsp; GPDR&nbsp; Privacy Policy Effective date: June 13, 2019 PRIVIO (\u00ab\u00a0us\u00a0\u00bb, \u00ab\u00a0we\u00a0\u00bb, or \u00ab\u00a0our\u00a0\u00bb) operates the https:\/\/www.privio.com website (hereinafter referred to as the \u00ab\u00a0Service\u00a0\u00bb). This page informs you of our policies regarding the collection, use and disclosure of personal data when you use our Service and the choices you have associated with that data. We [&hellip;]<\/p>\n","protected":false},"author":2,"featured_media":0,"parent":0,"menu_order":0,"comment_status":"closed","ping_status":"closed","template":"elementor_header_footer","meta":{"footnotes":""},"class_list":["post-823","page","type-page","status-publish","hentry"],"_links":{"self":[{"href":"https:\/\/www.privio.com\/it\/wp-json\/wp\/v2\/pages\/823","targetHints":{"allow":["GET"]}}],"collection":[{"href":"https:\/\/www.privio.com\/it\/wp-json\/wp\/v2\/pages"}],"about":[{"href":"https:\/\/www.privio.com\/it\/wp-json\/wp\/v2\/types\/page"}],"author":[{"embeddable":true,"href":"https:\/\/www.privio.com\/it\/wp-json\/wp\/v2\/users\/2"}],"replies":[{"embeddable":true,"href":"https:\/\/www.privio.com\/it\/wp-json\/wp\/v2\/comments?post=823"}],"version-history":[{"count":26,"href":"https:\/\/www.privio.com\/it\/wp-json\/wp\/v2\/pages\/823\/revisions"}],"predecessor-version":[{"id":5861,"href":"https:\/\/www.privio.com\/it\/wp-json\/wp\/v2\/pages\/823\/revisions\/5861"}],"wp:attachment":[{"href":"https:\/\/www.privio.com\/it\/wp-json\/wp\/v2\/media?parent=823"}],"curies":[{"name":"wp","href":"https:\/\/api.w.org\/{rel}","templated":true}]}}