{"id":832,"date":"2022-03-31T16:45:22","date_gmt":"2022-03-31T16:45:22","guid":{"rendered":"https:\/\/www.privio.eu\/?page_id=832"},"modified":"2022-04-05T15:14:57","modified_gmt":"2022-04-05T15:14:57","slug":"privacy","status":"publish","type":"page","link":"https:\/\/www.privio.com\/fr\/privacy\/","title":{"rendered":"Vie priv\u00e9e"},"content":{"rendered":"<div data-elementor-type=\"wp-page\" data-elementor-id=\"832\" class=\"elementor elementor-832\" data-elementor-post-type=\"page\">\n\t\t\t\t\t\t<section class=\"elementor-section elementor-top-section elementor-element elementor-element-86c3969 elementor-section-boxed elementor-section-height-default elementor-section-height-default\" data-id=\"86c3969\" data-element_type=\"section\" data-e-type=\"section\" data-settings=\"{&quot;jet_parallax_layout_list&quot;:[]}\">\n\t\t\t\t\t\t<div class=\"elementor-container elementor-column-gap-no\">\n\t\t\t\t\t<div class=\"elementor-column elementor-col-100 elementor-top-column elementor-element elementor-element-aff9f28\" data-id=\"aff9f28\" data-element_type=\"column\" data-e-type=\"column\">\n\t\t\t<div class=\"elementor-widget-wrap elementor-element-populated\">\n\t\t\t\t\t\t<div class=\"elementor-element elementor-element-86650f5 elementor-widget elementor-widget-jet-headline\" data-id=\"86650f5\" data-element_type=\"widget\" data-e-type=\"widget\" data-widget_type=\"jet-headline.default\">\n\t\t\t\t<div class=\"elementor-widget-container\">\n\t\t\t\t\t<h1 class=\"jet-headline jet-headline--direction-horizontal\"><span class=\"jet-headline__part jet-headline__first headline__part--image-text\"><span class=\"jet-headline__label\">Vie priv\u00e9e<\/span><\/span><span class=\"jet-headline__space\">&nbsp;<\/span><\/h1>\t\t\t\t<\/div>\n\t\t\t\t<\/div>\n\t\t\t\t<div class=\"elementor-element elementor-element-d799dbf elementor-absolute elementor-widget__width-auto elementor-hidden-tablet elementor-hidden-mobile elementor-invisible elementor-widget elementor-widget-jet-headline\" data-id=\"d799dbf\" data-element_type=\"widget\" data-e-type=\"widget\" data-settings=\"{&quot;_position&quot;:&quot;absolute&quot;,&quot;_animation&quot;:&quot;flash&quot;}\" data-widget_type=\"jet-headline.default\">\n\t\t\t\t<div class=\"elementor-widget-container\">\n\t\t\t\t\t<h2 class=\"jet-headline jet-headline--direction-horizontal\"><span class=\"jet-headline__part jet-headline__first headline__part--image-text\"><span class=\"jet-headline__label\">Vie priv\u00e9e<\/span><\/span><span class=\"jet-headline__space\">&nbsp;<\/span><\/h2>\t\t\t\t<\/div>\n\t\t\t\t<\/div>\n\t\t\t\t<section class=\"elementor-section elementor-inner-section elementor-element elementor-element-643f506 elementor-section-boxed elementor-section-height-default elementor-section-height-default\" data-id=\"643f506\" data-element_type=\"section\" data-e-type=\"section\" data-settings=\"{&quot;jet_parallax_layout_list&quot;:[]}\">\n\t\t\t\t\t\t<div class=\"elementor-container elementor-column-gap-no\">\n\t\t\t\t\t<div class=\"elementor-column elementor-col-100 elementor-inner-column elementor-element elementor-element-452131e\" data-id=\"452131e\" data-element_type=\"column\" data-e-type=\"column\">\n\t\t\t<div class=\"elementor-widget-wrap elementor-element-populated\">\n\t\t\t\t\t\t<div class=\"elementor-element elementor-element-759e9ea elementor-widget elementor-widget-text-editor\" data-id=\"759e9ea\" data-element_type=\"widget\" data-e-type=\"widget\" data-widget_type=\"text-editor.default\">\n\t\t\t\t<div class=\"elementor-widget-container\">\n\t\t\t\t\t\t\t\t\t<h2>Qu'est-ce qu'un cookie ?<\/h2>\t\t\t\t\t\t\t\t<\/div>\n\t\t\t\t<\/div>\n\t\t\t\t<div class=\"elementor-element elementor-element-8fbfe97 elementor-widget elementor-widget-text-editor\" data-id=\"8fbfe97\" data-element_type=\"widget\" data-e-type=\"widget\" data-widget_type=\"text-editor.default\">\n\t\t\t\t<div class=\"elementor-widget-container\">\n\t\t\t\t\t\t\t\t\t<p>Un cookie est un petit fichier texte au format alphanum\u00e9rique d\u00e9pos\u00e9 sur le disque dur de l'internaute par le serveur du site visit\u00e9 ou par un serveur tiers (r\u00e9gie publicitaire, service de web analytique, etc...). Un cookie permet de reconna\u00eetre un visiteur lorsqu'il revient sur un site web. Cependant, d'un point de vue technique, le cookie permet en fait de reconna\u00eetre une machine et pas vraiment un utilisateur. C'est gr\u00e2ce aux cookies qu'il est possible d'acc\u00e9der automatiquement \u00e0 des pages personnalis\u00e9es sans s'identifier. Les donn\u00e9es comportementales sont li\u00e9es au num\u00e9ro du cookie et stock\u00e9es sur les serveurs qui ont plac\u00e9 les cookies. Un cookie permet une identification nominative uniquement si l'internaute s'est d\u00e9j\u00e0 inscrit sur le site (dans la limite mentionn\u00e9e ci-dessus).<\/p>\t\t\t\t\t\t\t\t<\/div>\n\t\t\t\t<\/div>\n\t\t\t\t\t<\/div>\n\t\t<\/div>\n\t\t\t\t\t<\/div>\n\t\t<\/section>\n\t\t\t\t<section class=\"elementor-section elementor-inner-section elementor-element elementor-element-762c3f1 elementor-section-boxed elementor-section-height-default elementor-section-height-default\" data-id=\"762c3f1\" data-element_type=\"section\" data-e-type=\"section\" data-settings=\"{&quot;jet_parallax_layout_list&quot;:[]}\">\n\t\t\t\t\t\t<div class=\"elementor-container elementor-column-gap-no\">\n\t\t\t\t\t<div class=\"elementor-column elementor-col-100 elementor-inner-column elementor-element elementor-element-dbc1ea4\" data-id=\"dbc1ea4\" data-element_type=\"column\" data-e-type=\"column\">\n\t\t\t<div class=\"elementor-widget-wrap elementor-element-populated\">\n\t\t\t\t\t\t<div class=\"elementor-element elementor-element-d3436cf elementor-widget elementor-widget-text-editor\" data-id=\"d3436cf\" data-element_type=\"widget\" data-e-type=\"widget\" data-widget_type=\"text-editor.default\">\n\t\t\t\t<div class=\"elementor-widget-container\">\n\t\t\t\t\t\t\t\t\t<h2>Cookies utilis\u00e9s<\/h2>\t\t\t\t\t\t\t\t<\/div>\n\t\t\t\t<\/div>\n\t\t\t\t<div class=\"elementor-element elementor-element-e7e633d elementor-widget elementor-widget-text-editor\" data-id=\"e7e633d\" data-element_type=\"widget\" data-e-type=\"widget\" data-widget_type=\"text-editor.default\">\n\t\t\t\t<div class=\"elementor-widget-container\">\n\t\t\t\t\t\t\t\t\t<p>Lorsque vous visitez notre site, des informations relatives \u00e0 la navigation de votre terminal (ordinateur, tablette, smartphone, etc.) sur notre site peuvent \u00eatre enregistr\u00e9es dans des fichiers \" cookies \" install\u00e9s sur votre terminal. Par ailleurs, nous sommes susceptibles d'acheter des espaces publicitaires directement ou par l'interm\u00e9diaire de nos prestataires (agences de communication, r\u00e9gies publicitaires) afin de promouvoir nos activit\u00e9s et nos offres sur des sites tiers, au moyen de contenus publicitaires (textes, graphiques, animations, vid\u00e9os, etc.) diffus\u00e9s par ces sites. Veuillez noter que seul l'\u00e9metteur d'un cookie est susceptible de lire ou de modifier les informations qui y sont contenues.<\/p><h3>1. Les cookies que nous \u00e9mettons sur notre site<\/h3><p>Lorsque vous vous connectez \u00e0 notre site, nous sommes susceptibles d'installer divers cookies dans votre terminal nous permettant de reconna\u00eetre le navigateur de votre terminal pendant la dur\u00e9e de validit\u00e9 du cookie concern\u00e9.<\/p><p>Ces cookies nous permettent de :<\/p><ul><li>d'\u00e9tablir des statistiques et volumes de fr\u00e9quentation et d'utilisation des diff\u00e9rents \u00e9l\u00e9ments composant notre site (rubriques et contenus visit\u00e9s, parcours), nous permettant d'am\u00e9liorer l'int\u00e9r\u00eat et l'ergonomie de nos services ;<\/li><li>d'adapter la pr\u00e9sentation de notre site aux pr\u00e9f\u00e9rences d'affichage de votre terminal (langue utilis\u00e9e, r\u00e9solution d'affichage, syst\u00e8me d'exploitation utilis\u00e9, etc.) lors de vos visites sur notre site, en fonction du mat\u00e9riel et du logiciel de visualisation ou de lecture que votre terminal contient ;<\/li><li>pour stocker des informations relatives \u00e0 un formulaire que vous avez rempli sur notre site (inscription ou acc\u00e8s \u00e0 votre compte) ou \u00e0 des produits, services ou informations que vous avez choisis sur notre site (contenu d'un panier de commande, etc.) ;<\/li><li>pour vous permettre d'acc\u00e9der \u00e0 des espaces r\u00e9serv\u00e9s et personnels de notre site, tels que votre compte, gr\u00e2ce \u00e0 des identifiants ou des donn\u00e9es que vous nous avez pr\u00e9alablement confi\u00e9s ;<\/li><li>pour mettre en \u0153uvre des mesures de s\u00e9curit\u00e9, par exemple lorsqu'il vous est demand\u00e9 de vous reconnecter \u00e0 un contenu ou \u00e0 un service apr\u00e8s un certain laps de temps.<\/li><\/ul><h3>2. Cookies de tiers<\/h3><p>Des cookies peuvent \u00e9galement \u00eatre d\u00e9pos\u00e9s par des soci\u00e9t\u00e9s partenaires (cookies tiers). Ces cookies ont notamment pour but d'identifier vos centres d'int\u00e9r\u00eat \u00e0 travers les produits consult\u00e9s ou achet\u00e9s sur notre site et de collecter des donn\u00e9es de navigation afin de personnaliser l'offre publicitaire qui vous est adress\u00e9e en dehors du site ou de r\u00e9pondre \u00e0 des objectifs sp\u00e9cifiques.<\/p><p>Des cookies peuvent \u00e9galement \u00eatre enregistr\u00e9s via notre site sur votre terminal par les r\u00e9seaux sociaux lorsque vous utilisez les boutons du r\u00e9seau (\" Facebook \", \" Pinterest \", \" Instagram \", \" Google + \" etc....).<\/p><h3>3. Cookies plac\u00e9s par nous sur les sites sur lesquels nos publicit\u00e9s sont pr\u00e9sentes.<\/h3><p>Lorsque vous acc\u00e9dez \u00e0 un site contenant une de nos publicit\u00e9s, cette derni\u00e8re peut contenir un cookie. Ce cookie peut \u00eatre stock\u00e9 sur votre terminal et nous permettre de reconna\u00eetre le navigateur de votre terminal pendant la dur\u00e9e de validit\u00e9 du cookie concern\u00e9.<\/p>\t\t\t\t\t\t\t\t<\/div>\n\t\t\t\t<\/div>\n\t\t\t\t\t<\/div>\n\t\t<\/div>\n\t\t\t\t\t<\/div>\n\t\t<\/section>\n\t\t\t\t<section class=\"elementor-section elementor-inner-section elementor-element elementor-element-82e8071 elementor-section-boxed elementor-section-height-default elementor-section-height-default\" data-id=\"82e8071\" data-element_type=\"section\" data-e-type=\"section\" data-settings=\"{&quot;jet_parallax_layout_list&quot;:[]}\">\n\t\t\t\t\t\t<div class=\"elementor-container elementor-column-gap-no\">\n\t\t\t\t\t<div class=\"elementor-column elementor-col-100 elementor-inner-column elementor-element elementor-element-ae95aaf\" data-id=\"ae95aaf\" data-element_type=\"column\" data-e-type=\"column\">\n\t\t\t<div class=\"elementor-widget-wrap elementor-element-populated\">\n\t\t\t\t\t\t<div class=\"elementor-element elementor-element-bec2a92 elementor-widget elementor-widget-text-editor\" data-id=\"bec2a92\" data-element_type=\"widget\" data-e-type=\"widget\" data-widget_type=\"text-editor.default\">\n\t\t\t\t<div class=\"elementor-widget-container\">\n\t\t\t\t\t\t\t\t\t<h2>Comment g\u00e9rez-vous vos cookies ?<\/h2>\t\t\t\t\t\t\t\t<\/div>\n\t\t\t\t<\/div>\n\t\t\t\t<div class=\"elementor-element elementor-element-061fd82 elementor-widget elementor-widget-text-editor\" data-id=\"061fd82\" data-element_type=\"widget\" data-e-type=\"widget\" data-widget_type=\"text-editor.default\">\n\t\t\t\t<div class=\"elementor-widget-container\">\n\t\t\t\t\t\t\t\t\t<p>Vous disposez de plusieurs options pour g\u00e9rer vos cookies. Tout param\u00e9trage que vous entreprendrez sera susceptible de modifier votre navigation sur Internet et vos conditions d'acc\u00e8s \u00e0 certains services n\u00e9cessitant l'utilisation de cookies.<\/p><p>Vous pouvez choisir \u00e0 tout moment d'exprimer et de modifier vos souhaits en mati\u00e8re de cookies, par les moyens d\u00e9crits ci-dessous.<\/p>\t\t\t\t\t\t\t\t<\/div>\n\t\t\t\t<\/div>\n\t\t\t\t\t<\/div>\n\t\t<\/div>\n\t\t\t\t\t<\/div>\n\t\t<\/section>\n\t\t\t\t<section class=\"elementor-section elementor-inner-section elementor-element elementor-element-2a0921d elementor-section-boxed elementor-section-height-default elementor-section-height-default\" data-id=\"2a0921d\" data-element_type=\"section\" data-e-type=\"section\" data-settings=\"{&quot;jet_parallax_layout_list&quot;:[]}\">\n\t\t\t\t\t\t<div class=\"elementor-container elementor-column-gap-no\">\n\t\t\t\t\t<div class=\"elementor-column elementor-col-100 elementor-inner-column elementor-element elementor-element-69acc50\" data-id=\"69acc50\" data-element_type=\"column\" data-e-type=\"column\">\n\t\t\t<div class=\"elementor-widget-wrap elementor-element-populated\">\n\t\t\t\t\t\t<div class=\"elementor-element elementor-element-eeee535 elementor-widget elementor-widget-text-editor\" data-id=\"eeee535\" data-element_type=\"widget\" data-e-type=\"widget\" data-widget_type=\"text-editor.default\">\n\t\t\t\t<div class=\"elementor-widget-container\">\n\t\t\t\t\t\t\t\t\t<h2>Les choix qui vous sont offerts par votre logiciel de navigation<\/h2>\t\t\t\t\t\t\t\t<\/div>\n\t\t\t\t<\/div>\n\t\t\t\t<div class=\"elementor-element elementor-element-0604a70 elementor-widget elementor-widget-text-editor\" data-id=\"0604a70\" data-element_type=\"widget\" data-e-type=\"widget\" data-widget_type=\"text-editor.default\">\n\t\t\t\t<div class=\"elementor-widget-container\">\n\t\t\t\t\t\t\t\t\t<p>Vous pouvez configurer votre logiciel de navigation pour que des cookies soient enregistr\u00e9s sur votre terminal ou, au contraire, qu'ils soient rejet\u00e9s, soit syst\u00e9matiquement, soit en fonction de leur \u00e9metteur. Vous pouvez \u00e9galement configurer votre logiciel de navigation de mani\u00e8re \u00e0 ce que l'acceptation ou le refus des cookies vous soit propos\u00e9 ponctuellement, avant qu'un cookie soit susceptible d'\u00eatre enregistr\u00e9 sur votre terminal.<\/p><p>Si vous avez accept\u00e9 dans votre logiciel de navigation l'enregistrement de cookies dans votre terminal, les cookies int\u00e9gr\u00e9s dans les pages et contenus que vous avez consult\u00e9s pourront \u00eatre stock\u00e9s temporairement dans un espace d\u00e9di\u00e9 de votre terminal. Ils n'y seront lisibles que par leur \u00e9metteur.<\/p><p>Si vous refusez d'enregistrer les cookies que nous \u00e9mettons dans votre terminal, ou si vous supprimez les cookies que nous avons enregistr\u00e9s, vous ne pourrez plus b\u00e9n\u00e9ficier d'un certain nombre de fonctionnalit\u00e9s qui sont pourtant n\u00e9cessaires pour naviguer dans certains espaces de notre site. Tel serait le cas si nous ne pouvions pas reconna\u00eetre, \u00e0 des fins de compatibilit\u00e9 technique, le type de navigateur utilis\u00e9 par votre terminal, ses param\u00e8tres de langue et d'affichage ou le pays depuis lequel votre terminal semble connect\u00e9 \u00e0 Internet. Le cas \u00e9ch\u00e9ant, nous d\u00e9clinons toute responsabilit\u00e9 pour les cons\u00e9quences li\u00e9es au fonctionnement d\u00e9grad\u00e9 de nos services r\u00e9sultant de l'impossibilit\u00e9 pour nous d'enregistrer ou de consulter les cookies n\u00e9cessaires \u00e0 leur fonctionnement et que vous auriez refus\u00e9s ou supprim\u00e9s.<\/p><p>Pour la gestion des cookies et de vos choix, la configuration de chaque navigateur est diff\u00e9rente. Elle est d\u00e9crite dans le menu d'aide de votre navigateur, qui vous permettra de savoir comment modifier vos pr\u00e9f\u00e9rences en mati\u00e8re de cookies.<\/p><ul><li>Avec le navigateur Internet Explorer : Ouvrez le menu \" Outils \", s\u00e9lectionnez la section \" Options Internet \", cliquez sur l'onglet \" S\u00e9curit\u00e9 \", puis \" Personnaliser le niveau \".<\/li><li>Avec le navigateur Mozilla : Ouvrez le menu \" Outils \", s\u00e9lectionnez la section \" Options \", cliquez sur l'onglet \" Vie priv\u00e9e \".<\/li><li>Avec le navigateur Chrome : Ouvrez le menu \" Outils \", s\u00e9lectionnez la rubrique \" Options \", cliquez sur l'onglet \" Options avanc\u00e9es \", puis cliquez sur le bouton \" Param\u00e8tres de contenu \", cliquez sur l'onglet \" Cookies \".<\/li><li>Avec le navigateur Safari : Ouvrez le menu \" Outils \", s\u00e9lectionnez l'\u00e9l\u00e9ment \" Pr\u00e9f\u00e9rences \", cliquez sur l'onglet \" S\u00e9curit\u00e9 \".<\/li><li>Avec le navigateur Opera : Ouvrez le menu \" Outils \", s\u00e9lectionnez la section \" Pr\u00e9f\u00e9rences \", cliquez sur l'onglet \" Cookies \".<\/li><\/ul><h2>Vos choix exprim\u00e9s en ligne vers des plateformes interprofessionnelles<\/h2><p>Vous pouvez vous connecter au site Youronlinechoices, propos\u00e9 par les professionnels de la publicit\u00e9 num\u00e9rique regroup\u00e9s au sein de l'association europ\u00e9enne EDAA (European Digital Advertising Alliance) et g\u00e9r\u00e9 en France par l'Interactive Advertising Bureau France.<\/p><p>Vous pourrez ainsi conna\u00eetre les soci\u00e9t\u00e9s inscrites sur cette plateforme et qui vous offrent la possibilit\u00e9 de refuser ou d'accepter les cookies utilis\u00e9s par ces soci\u00e9t\u00e9s pour adapter \u00e0 vos informations de navigation les publicit\u00e9s susceptibles d'\u00eatre affich\u00e9es sur votre terminal : http:\/\/www.youronlinechoices.com\/fr\/controler-ses-cookies\/.<\/p><p>Cette plateforme europ\u00e9enne est partag\u00e9e par des centaines de professionnels de la publicit\u00e9 sur Internet et constitue une interface centralis\u00e9e qui vous permet d'exprimer votre refus ou votre acceptation des cookies qui peuvent \u00eatre utilis\u00e9s pour adapter les publicit\u00e9s susceptibles d'\u00eatre affich\u00e9es sur votre appareil \u00e0 vos informations de navigation.<\/p><p>Notez que cette proc\u00e9dure n'emp\u00eachera pas l'affichage de publicit\u00e9s sur les sites Web que vous visitez. Elle bloquera uniquement les technologies qui permettent d'adapter les publicit\u00e9s \u00e0 vos int\u00e9r\u00eats.<\/p>\t\t\t\t\t\t\t\t<\/div>\n\t\t\t\t<\/div>\n\t\t\t\t\t<\/div>\n\t\t<\/div>\n\t\t\t\t\t<\/div>\n\t\t<\/section>\n\t\t\t\t\t<\/div>\n\t\t<\/div>\n\t\t\t\t\t<\/div>\n\t\t<\/section>\n\t\t\t\t<\/div>","protected":false},"excerpt":{"rendered":"<p>Privacy&nbsp; Privacy&nbsp; What is a cookie? A cookie is a small text file in alphanumeric format deposited on the hard disk of the Internet user by the server of the site visited or by a third party server (advertising network, web analytics service, etc\u2026). A cookie makes it possible to recognize a visitor when he [&hellip;]<\/p>\n","protected":false},"author":2,"featured_media":0,"parent":0,"menu_order":0,"comment_status":"closed","ping_status":"closed","template":"elementor_header_footer","meta":{"footnotes":""},"class_list":["post-832","page","type-page","status-publish","hentry"],"_links":{"self":[{"href":"https:\/\/www.privio.com\/fr\/wp-json\/wp\/v2\/pages\/832","targetHints":{"allow":["GET"]}}],"collection":[{"href":"https:\/\/www.privio.com\/fr\/wp-json\/wp\/v2\/pages"}],"about":[{"href":"https:\/\/www.privio.com\/fr\/wp-json\/wp\/v2\/types\/page"}],"author":[{"embeddable":true,"href":"https:\/\/www.privio.com\/fr\/wp-json\/wp\/v2\/users\/2"}],"replies":[{"embeddable":true,"href":"https:\/\/www.privio.com\/fr\/wp-json\/wp\/v2\/comments?post=832"}],"version-history":[{"count":16,"href":"https:\/\/www.privio.com\/fr\/wp-json\/wp\/v2\/pages\/832\/revisions"}],"predecessor-version":[{"id":1722,"href":"https:\/\/www.privio.com\/fr\/wp-json\/wp\/v2\/pages\/832\/revisions\/1722"}],"wp:attachment":[{"href":"https:\/\/www.privio.com\/fr\/wp-json\/wp\/v2\/media?parent=832"}],"curies":[{"name":"wp","href":"https:\/\/api.w.org\/{rel}","templated":true}]}}