{"id":823,"date":"2022-03-31T16:39:31","date_gmt":"2022-03-31T16:39:31","guid":{"rendered":"https:\/\/www.privio.eu\/?page_id=823"},"modified":"2024-06-26T07:35:11","modified_gmt":"2024-06-26T07:35:11","slug":"gdpr","status":"publish","type":"page","link":"https:\/\/www.privio.com\/fr\/gdpr\/","title":{"rendered":"RGPD"},"content":{"rendered":"<div data-elementor-type=\"wp-page\" data-elementor-id=\"823\" class=\"elementor elementor-823\" data-elementor-post-type=\"page\">\n\t\t\t\t\t\t<section class=\"elementor-section elementor-top-section elementor-element elementor-element-381306d elementor-section-boxed elementor-section-height-default elementor-section-height-default\" data-id=\"381306d\" data-element_type=\"section\" data-e-type=\"section\" data-settings=\"{&quot;jet_parallax_layout_list&quot;:[]}\">\n\t\t\t\t\t\t<div class=\"elementor-container elementor-column-gap-no\">\n\t\t\t\t\t<div class=\"elementor-column elementor-col-100 elementor-top-column elementor-element elementor-element-e3fcfb2\" data-id=\"e3fcfb2\" data-element_type=\"column\" data-e-type=\"column\">\n\t\t\t<div class=\"elementor-widget-wrap elementor-element-populated\">\n\t\t\t\t\t\t<div class=\"elementor-element elementor-element-2646c1f elementor-widget elementor-widget-jet-headline\" data-id=\"2646c1f\" data-element_type=\"widget\" data-e-type=\"widget\" data-widget_type=\"jet-headline.default\">\n\t\t\t\t<div class=\"elementor-widget-container\">\n\t\t\t\t\t<h1 class=\"jet-headline jet-headline--direction-horizontal\"><span class=\"jet-headline__part jet-headline__first headline__part--image-text\"><span class=\"jet-headline__label\">RGPD<\/span><\/span><span class=\"jet-headline__space\">&nbsp;<\/span><\/h1>\t\t\t\t<\/div>\n\t\t\t\t<\/div>\n\t\t\t\t<div class=\"elementor-element elementor-element-94ac7ca elementor-absolute elementor-widget__width-auto elementor-hidden-tablet elementor-hidden-mobile elementor-invisible elementor-widget elementor-widget-jet-headline\" data-id=\"94ac7ca\" data-element_type=\"widget\" data-e-type=\"widget\" data-settings=\"{&quot;_position&quot;:&quot;absolute&quot;,&quot;_animation&quot;:&quot;flash&quot;}\" data-widget_type=\"jet-headline.default\">\n\t\t\t\t<div class=\"elementor-widget-container\">\n\t\t\t\t\t<h2 class=\"jet-headline jet-headline--direction-horizontal\"><span class=\"jet-headline__part jet-headline__first headline__part--image-text\"><span class=\"jet-headline__label\">GPDR<\/span><\/span><span class=\"jet-headline__space\">&nbsp;<\/span><\/h2>\t\t\t\t<\/div>\n\t\t\t\t<\/div>\n\t\t\t\t<section class=\"elementor-section elementor-inner-section elementor-element elementor-element-efe71cb elementor-section-boxed elementor-section-height-default elementor-section-height-default\" data-id=\"efe71cb\" data-element_type=\"section\" data-e-type=\"section\" data-settings=\"{&quot;jet_parallax_layout_list&quot;:[]}\">\n\t\t\t\t\t\t<div class=\"elementor-container elementor-column-gap-no\">\n\t\t\t\t\t<div class=\"elementor-column elementor-col-100 elementor-inner-column elementor-element elementor-element-b7dd839\" data-id=\"b7dd839\" data-element_type=\"column\" data-e-type=\"column\">\n\t\t\t<div class=\"elementor-widget-wrap elementor-element-populated\">\n\t\t\t\t\t\t<div class=\"elementor-element elementor-element-cd48212 elementor-widget elementor-widget-text-editor\" data-id=\"cd48212\" data-element_type=\"widget\" data-e-type=\"widget\" data-widget_type=\"text-editor.default\">\n\t\t\t\t<div class=\"elementor-widget-container\">\n\t\t\t\t\t\t\t\t\t<h1>Politique de confidentialit\u00e9<\/h1>\t\t\t\t\t\t\t\t<\/div>\n\t\t\t\t<\/div>\n\t\t\t\t<div class=\"elementor-element elementor-element-d4a7a55 elementor-widget elementor-widget-text-editor\" data-id=\"d4a7a55\" data-element_type=\"widget\" data-e-type=\"widget\" data-widget_type=\"text-editor.default\">\n\t\t\t\t<div class=\"elementor-widget-container\">\n\t\t\t\t\t\t\t\t\t<p>Date d'entr\u00e9e en vigueur : 13 juin 2019<\/p><p>PRIVIO (\" nous \", \" nous \", ou \" notre \") exploite le site web https:\/\/www.privio.com (ci-apr\u00e8s d\u00e9nomm\u00e9 le \" Service \").<\/p><p>Cette page vous informe de nos politiques concernant la collecte, l'utilisation et la divulgation de donn\u00e9es personnelles lorsque vous utilisez notre service et des choix que vous avez associ\u00e9s \u00e0 ces donn\u00e9es.<\/p><p>Nous utilisons vos donn\u00e9es pour fournir et am\u00e9liorer le service. En utilisant le service, vous acceptez la collecte et l'utilisation des informations conform\u00e9ment \u00e0 la pr\u00e9sente politique. Sauf d\u00e9finition contraire, les termes utilis\u00e9s dans la pr\u00e9sente politique de confidentialit\u00e9 ont la m\u00eame signification que dans nos conditions g\u00e9n\u00e9rales, accessibles \u00e0 l'adresse https:\/\/www.privio.com.<\/p>\t\t\t\t\t\t\t\t<\/div>\n\t\t\t\t<\/div>\n\t\t\t\t\t<\/div>\n\t\t<\/div>\n\t\t\t\t\t<\/div>\n\t\t<\/section>\n\t\t\t\t<section class=\"elementor-section elementor-inner-section elementor-element elementor-element-cc25b9a elementor-section-boxed elementor-section-height-default elementor-section-height-default\" data-id=\"cc25b9a\" data-element_type=\"section\" data-e-type=\"section\" data-settings=\"{&quot;jet_parallax_layout_list&quot;:[]}\">\n\t\t\t\t\t\t<div class=\"elementor-container elementor-column-gap-no\">\n\t\t\t\t\t<div class=\"elementor-column elementor-col-100 elementor-inner-column elementor-element elementor-element-ba004d4\" data-id=\"ba004d4\" data-element_type=\"column\" data-e-type=\"column\">\n\t\t\t<div class=\"elementor-widget-wrap elementor-element-populated\">\n\t\t\t\t\t\t<div class=\"elementor-element elementor-element-7a6cde1 elementor-widget elementor-widget-text-editor\" data-id=\"7a6cde1\" data-element_type=\"widget\" data-e-type=\"widget\" data-widget_type=\"text-editor.default\">\n\t\t\t\t<div class=\"elementor-widget-container\">\n\t\t\t\t\t\t\t\t\t<h2>D\u00e9finitions<\/h2>\t\t\t\t\t\t\t\t<\/div>\n\t\t\t\t<\/div>\n\t\t\t\t<div class=\"elementor-element elementor-element-309539e elementor-widget elementor-widget-text-editor\" data-id=\"309539e\" data-element_type=\"widget\" data-e-type=\"widget\" data-widget_type=\"text-editor.default\">\n\t\t\t\t<div class=\"elementor-widget-container\">\n\t\t\t\t\t\t\t\t\t<p><strong>Service<\/strong>\u00a0Le service est le site web https:\/\/www.privio.com exploit\u00e9 par PRIVIO.<\/p><p><strong>Donn\u00e9es personnelles<\/strong>\u00a0Les donn\u00e9es personnelles d\u00e9signent les donn\u00e9es relatives \u00e0 un individu vivant qui peut \u00eatre identifi\u00e9 \u00e0 partir de ces donn\u00e9es (ou \u00e0 partir de ces donn\u00e9es et d'autres informations en notre possession ou susceptibles d'\u00eatre en notre possession).<\/p><p><strong>Donn\u00e9es d'utilisation<\/strong>\u00a0Les donn\u00e9es d'utilisation sont des donn\u00e9es collect\u00e9es automatiquement, g\u00e9n\u00e9r\u00e9es par l'utilisation du service ou par l'infrastructure du service elle-m\u00eame (par exemple, la dur\u00e9e de la visite d'une page).<\/p><p><strong>Cookies<\/strong>\u00a0Les cookies sont de petits fichiers stock\u00e9s sur votre appareil (ordinateur ou appareil mobile).<\/p>\t\t\t\t\t\t\t\t<\/div>\n\t\t\t\t<\/div>\n\t\t\t\t\t<\/div>\n\t\t<\/div>\n\t\t\t\t\t<\/div>\n\t\t<\/section>\n\t\t\t\t<section class=\"elementor-section elementor-inner-section elementor-element elementor-element-0bf2dc8 elementor-section-boxed elementor-section-height-default elementor-section-height-default\" data-id=\"0bf2dc8\" data-element_type=\"section\" data-e-type=\"section\" data-settings=\"{&quot;jet_parallax_layout_list&quot;:[]}\">\n\t\t\t\t\t\t<div class=\"elementor-container elementor-column-gap-no\">\n\t\t\t\t\t<div class=\"elementor-column elementor-col-100 elementor-inner-column elementor-element elementor-element-8900c36\" data-id=\"8900c36\" data-element_type=\"column\" data-e-type=\"column\">\n\t\t\t<div class=\"elementor-widget-wrap elementor-element-populated\">\n\t\t\t\t\t\t<div class=\"elementor-element elementor-element-824dcc0 elementor-widget elementor-widget-text-editor\" data-id=\"824dcc0\" data-element_type=\"widget\" data-e-type=\"widget\" data-widget_type=\"text-editor.default\">\n\t\t\t\t<div class=\"elementor-widget-container\">\n\t\t\t\t\t\t\t\t\t<h2>Collecte et utilisation des informations<\/h2>\t\t\t\t\t\t\t\t<\/div>\n\t\t\t\t<\/div>\n\t\t\t\t<div class=\"elementor-element elementor-element-4b12e28 elementor-widget elementor-widget-text-editor\" data-id=\"4b12e28\" data-element_type=\"widget\" data-e-type=\"widget\" data-widget_type=\"text-editor.default\">\n\t\t\t\t<div class=\"elementor-widget-container\">\n\t\t\t\t\t\t\t\t\t<p>Nous recueillons plusieurs types d'informations \u00e0 des fins diverses pour vous fournir et am\u00e9liorer notre service.<\/p>\t\t\t\t\t\t\t\t<\/div>\n\t\t\t\t<\/div>\n\t\t\t\t\t<\/div>\n\t\t<\/div>\n\t\t\t\t\t<\/div>\n\t\t<\/section>\n\t\t\t\t<section class=\"elementor-section elementor-inner-section elementor-element elementor-element-effbab4 elementor-section-boxed elementor-section-height-default elementor-section-height-default\" data-id=\"effbab4\" data-element_type=\"section\" data-e-type=\"section\" data-settings=\"{&quot;jet_parallax_layout_list&quot;:[]}\">\n\t\t\t\t\t\t<div class=\"elementor-container elementor-column-gap-no\">\n\t\t\t\t\t<div class=\"elementor-column elementor-col-100 elementor-inner-column elementor-element elementor-element-eff61ab\" data-id=\"eff61ab\" data-element_type=\"column\" data-e-type=\"column\">\n\t\t\t<div class=\"elementor-widget-wrap elementor-element-populated\">\n\t\t\t\t\t\t<div class=\"elementor-element elementor-element-aab9e35 elementor-widget elementor-widget-text-editor\" data-id=\"aab9e35\" data-element_type=\"widget\" data-e-type=\"widget\" data-widget_type=\"text-editor.default\">\n\t\t\t\t<div class=\"elementor-widget-container\">\n\t\t\t\t\t\t\t\t\t<h3>Types de donn\u00e9es collect\u00e9es<\/h3>\t\t\t\t\t\t\t\t<\/div>\n\t\t\t\t<\/div>\n\t\t\t\t<div class=\"elementor-element elementor-element-109782a elementor-widget elementor-widget-text-editor\" data-id=\"109782a\" data-element_type=\"widget\" data-e-type=\"widget\" data-widget_type=\"text-editor.default\">\n\t\t\t\t<div class=\"elementor-widget-container\">\n\t\t\t\t\t\t\t\t\t<h4>Donn\u00e9es personnelles<\/h4><p>Lors de l'utilisation de notre Service, nous pouvons vous demander de nous fournir certaines informations personnellement identifiables qui peuvent \u00eatre utilis\u00e9es pour vous contacter ou vous identifier (\" Donn\u00e9es personnelles \"). Les informations personnellement identifiables peuvent inclure, mais ne sont pas limit\u00e9es \u00e0 :<\/p><ul><li>Adresse \u00e9lectronique<\/li><li>Pr\u00e9nom et nom de famille<\/li><li>Num\u00e9ro de t\u00e9l\u00e9phone<\/li><li>Cookies et donn\u00e9es d'utilisation<\/li><\/ul><h4>Donn\u00e9es d'utilisation<\/h4><p>Nous pouvons \u00e9galement recueillir des informations sur la mani\u00e8re dont le Service est consult\u00e9 et utilis\u00e9 (\" Donn\u00e9es d'utilisation \"). Ces donn\u00e9es d'utilisation peuvent inclure des informations telles que l'adresse de protocole Internet (par exemple, l'adresse IP) de votre ordinateur, le type de navigateur, la version du navigateur, les pages de notre service que vous visitez, l'heure et la date de votre visite, le temps pass\u00e9 sur ces pages, les identifiants uniques des appareils et d'autres donn\u00e9es de diagnostic.<\/p><h4>Donn\u00e9es sur le suivi et les cookies<\/h4><p>Nous utilisons des cookies et des technologies de suivi similaires pour suivre l'activit\u00e9 sur notre service et nous conservons certaines informations.<\/p><p>Les cookies sont des fichiers contenant une petite quantit\u00e9 de donn\u00e9es qui peuvent inclure un identifiant unique anonyme. Les cookies sont envoy\u00e9s \u00e0 votre navigateur depuis un site web et stock\u00e9s sur votre appareil. D'autres technologies de suivi sont \u00e9galement utilis\u00e9es, telles que des balises, des marqueurs et des scripts, pour collecter et suivre des informations et pour am\u00e9liorer et analyser notre service.<\/p><p>Vous pouvez demander \u00e0 votre navigateur de refuser tous les cookies ou d'indiquer quand un cookie est envoy\u00e9. Toutefois, si vous n'acceptez pas les cookies, il se peut que vous ne puissiez pas utiliser certaines parties de notre service.<\/p><p>Exemples de cookies que nous utilisons :<\/p><ul><li><strong>Cookies de session.<\/strong>\u00a0Nous utilisons des cookies de session pour faire fonctionner notre service.<\/li><li><strong>Cookies de pr\u00e9f\u00e9rence.<\/strong>\u00a0Nous utilisons des cookies de pr\u00e9f\u00e9rence pour m\u00e9moriser vos pr\u00e9f\u00e9rences et divers param\u00e8tres.<\/li><li><strong>Cookies de s\u00e9curit\u00e9.<\/strong>\u00a0Nous utilisons des cookies de s\u00e9curit\u00e9 \u00e0 des fins de s\u00e9curit\u00e9.<\/li><\/ul><h2>Utilisation des donn\u00e9es<\/h2><p>PRIVIO utilise les donn\u00e9es collect\u00e9es \u00e0 des fins diverses :<\/p><ul><li>Pour fournir et maintenir notre service<\/li><li>pour vous informer des modifications apport\u00e9es \u00e0 notre service<\/li><li>pour vous permettre de participer \u00e0 des fonctions interactives de notre service lorsque vous choisissez de le faire.<\/li><li>Fournir une assistance \u00e0 la client\u00e8le<\/li><li>pour recueillir des analyses ou des informations pr\u00e9cieuses afin d'am\u00e9liorer notre service.<\/li><li>Pour contr\u00f4ler l'utilisation de notre service<\/li><li>D\u00e9tecter, pr\u00e9venir et r\u00e9soudre les probl\u00e8mes techniques<\/li><\/ul><h2>Transfert de donn\u00e9es<\/h2><p>Vos informations, y compris les donn\u00e9es personnelles, peuvent \u00eatre transf\u00e9r\u00e9es vers - et conserv\u00e9es sur - des ordinateurs situ\u00e9s en dehors de votre \u00c9tat, province, pays ou autre juridiction gouvernementale o\u00f9 les lois de protection des donn\u00e9es peuvent diff\u00e9rer de celles de votre juridiction.<\/p><p>Si vous \u00eates situ\u00e9 en dehors de la France et que vous choisissez de nous fournir des informations, veuillez noter que nous transf\u00e9rons les donn\u00e9es, y compris les Donn\u00e9es personnelles, en France et les traitons dans ce pays.<\/p><p>Votre consentement \u00e0 la pr\u00e9sente politique de confidentialit\u00e9, suivi de votre soumission de ces informations, repr\u00e9sente votre accord \u00e0 ce transfert.<\/p><p>PRIVIO prendra toutes les mesures raisonnablement n\u00e9cessaires pour s'assurer que vos donn\u00e9es sont trait\u00e9es en toute s\u00e9curit\u00e9 et conform\u00e9ment \u00e0 la pr\u00e9sente politique de confidentialit\u00e9 et aucun transfert de vos donn\u00e9es personnelles n'aura lieu vers une organisation ou un pays \u00e0 moins qu'il n'existe des contr\u00f4les ad\u00e9quats en place, y compris la s\u00e9curit\u00e9 de vos donn\u00e9es et autres informations personnelles.<\/p><h2>Divulgation des donn\u00e9es<\/h2>\t\t\t\t\t\t\t\t<\/div>\n\t\t\t\t<\/div>\n\t\t\t\t\t<\/div>\n\t\t<\/div>\n\t\t\t\t\t<\/div>\n\t\t<\/section>\n\t\t\t\t<section class=\"elementor-section elementor-inner-section elementor-element elementor-element-fb09143 elementor-section-boxed elementor-section-height-default elementor-section-height-default\" data-id=\"fb09143\" data-element_type=\"section\" data-e-type=\"section\" data-settings=\"{&quot;jet_parallax_layout_list&quot;:[]}\">\n\t\t\t\t\t\t<div class=\"elementor-container elementor-column-gap-no\">\n\t\t\t\t\t<div class=\"elementor-column elementor-col-100 elementor-inner-column elementor-element elementor-element-d116e5b\" data-id=\"d116e5b\" data-element_type=\"column\" data-e-type=\"column\">\n\t\t\t<div class=\"elementor-widget-wrap elementor-element-populated\">\n\t\t\t\t\t\t<div class=\"elementor-element elementor-element-511384f elementor-widget elementor-widget-text-editor\" data-id=\"511384f\" data-element_type=\"widget\" data-e-type=\"widget\" data-widget_type=\"text-editor.default\">\n\t\t\t\t<div class=\"elementor-widget-container\">\n\t\t\t\t\t\t\t\t\t<h3>Exigences l\u00e9gales<\/h3>\t\t\t\t\t\t\t\t<\/div>\n\t\t\t\t<\/div>\n\t\t\t\t<div class=\"elementor-element elementor-element-8aadec1 elementor-widget elementor-widget-text-editor\" data-id=\"8aadec1\" data-element_type=\"widget\" data-e-type=\"widget\" data-widget_type=\"text-editor.default\">\n\t\t\t\t<div class=\"elementor-widget-container\">\n\t\t\t\t\t\t\t\t\t<p>PRIVIO peut divulguer vos donn\u00e9es personnelles en croyant de bonne foi qu'une telle action est n\u00e9cessaire pour :<\/p><ul><li>Pour se conformer \u00e0 une obligation l\u00e9gale<\/li><li>Prot\u00e9ger et d\u00e9fendre les droits ou les biens de PRIVIO.<\/li><li>pour pr\u00e9venir ou enqu\u00eater sur d'\u00e9ventuels actes r\u00e9pr\u00e9hensibles en rapport avec le service<\/li><li>prot\u00e9ger la s\u00e9curit\u00e9 personnelle des utilisateurs du service ou du public<\/li><li>Pour se prot\u00e9ger contre la responsabilit\u00e9 l\u00e9gale<\/li><\/ul><h2>S\u00e9curit\u00e9 des donn\u00e9es<\/h2><p>La s\u00e9curit\u00e9 de vos donn\u00e9es est importante pour nous, mais n'oubliez pas qu'aucune m\u00e9thode de transmission sur Internet ou de stockage \u00e9lectronique n'est 100% s\u00fbre. Bien que nous nous efforcions d'utiliser des moyens commercialement acceptables pour prot\u00e9ger vos donn\u00e9es personnelles, nous ne pouvons pas garantir leur s\u00e9curit\u00e9 absolue.<\/p><h2>Fournisseurs de services<\/h2><p>Nous pouvons employer des soci\u00e9t\u00e9s et des personnes tierces pour faciliter notre service (les \" fournisseurs de services \"), fournir le service en notre nom, ex\u00e9cuter des services li\u00e9s au service ou nous aider \u00e0 analyser la fa\u00e7on dont notre service est utilis\u00e9.<\/p><p>Ces tiers ont acc\u00e8s \u00e0 vos donn\u00e9es personnelles uniquement pour effectuer ces t\u00e2ches en notre nom et sont tenus de ne pas les divulguer ou les utiliser \u00e0 d'autres fins.<\/p><h2>Liens vers d'autres sites<\/h2><p>Notre service peut contenir des liens vers d'autres sites qui ne sont pas exploit\u00e9s par nous. Si vous cliquez sur un lien tiers, vous serez dirig\u00e9 vers le site de ce tiers. Nous vous conseillons vivement de consulter la politique de confidentialit\u00e9 de chaque site que vous visitez.<\/p><p>Nous n'avons aucun contr\u00f4le et n'assumons aucune responsabilit\u00e9 quant au contenu, aux politiques de confidentialit\u00e9 ou aux pratiques de tout site ou service tiers.<\/p><h2>La vie priv\u00e9e des enfants<\/h2><p>Notre service ne s'adresse pas aux personnes \u00e2g\u00e9es de moins de 18 ans (les \"enfants\").<\/p><p>Nous ne collectons pas sciemment d'informations personnellement identifiables aupr\u00e8s de personnes \u00e2g\u00e9es de moins de 18 ans. Si vous \u00eates un parent ou un tuteur et que vous savez que votre enfant nous a fourni des donn\u00e9es personnelles, veuillez nous contacter. Si nous nous rendons compte que nous avons recueilli des donn\u00e9es personnelles d'enfants sans v\u00e9rification du consentement parental, nous prenons des mesures pour supprimer ces informations de nos serveurs.<\/p><h2>Modifications de la pr\u00e9sente politique de confidentialit\u00e9<\/h2><p>Nous pouvons mettre \u00e0 jour notre politique de confidentialit\u00e9 de temps \u00e0 autre. Nous vous informerons de toute modification en publiant la nouvelle politique de confidentialit\u00e9 sur cette page.<\/p><p>Nous vous en informerons par e-mail et\/ou par un avis bien visible sur notre Service, avant que la modification ne prenne effet et nous mettrons \u00e0 jour la \" date d'entr\u00e9e en vigueur \" en haut de la pr\u00e9sente Politique de confidentialit\u00e9.<\/p><p>Nous vous conseillons de consulter r\u00e9guli\u00e8rement cette politique de confidentialit\u00e9 pour prendre connaissance des \u00e9ventuelles modifications. Les modifications apport\u00e9es \u00e0 cette politique de confidentialit\u00e9 entrent en vigueur lorsqu'elles sont publi\u00e9es sur cette page.<\/p><h2>Nous contacter<\/h2><p>Si vous avez des questions sur cette politique de confidentialit\u00e9, veuillez nous contacter : Par courriel :\u00a0<a href=\"mailto:gpdr@privio.com\">gdpr@privio.com<\/a><\/p>\t\t\t\t\t\t\t\t<\/div>\n\t\t\t\t<\/div>\n\t\t\t\t\t<\/div>\n\t\t<\/div>\n\t\t\t\t\t<\/div>\n\t\t<\/section>\n\t\t\t\t\t<\/div>\n\t\t<\/div>\n\t\t\t\t\t<\/div>\n\t\t<\/section>\n\t\t\t\t<\/div>","protected":false},"excerpt":{"rendered":"<p>GDPR&nbsp; GPDR&nbsp; Privacy Policy Effective date: June 13, 2019 PRIVIO (\u00ab\u00a0us\u00a0\u00bb, \u00ab\u00a0we\u00a0\u00bb, or \u00ab\u00a0our\u00a0\u00bb) operates the https:\/\/www.privio.com website (hereinafter referred to as the \u00ab\u00a0Service\u00a0\u00bb). This page informs you of our policies regarding the collection, use and disclosure of personal data when you use our Service and the choices you have associated with that data. We [&hellip;]<\/p>\n","protected":false},"author":2,"featured_media":0,"parent":0,"menu_order":0,"comment_status":"closed","ping_status":"closed","template":"elementor_header_footer","meta":{"footnotes":""},"class_list":["post-823","page","type-page","status-publish","hentry"],"_links":{"self":[{"href":"https:\/\/www.privio.com\/fr\/wp-json\/wp\/v2\/pages\/823","targetHints":{"allow":["GET"]}}],"collection":[{"href":"https:\/\/www.privio.com\/fr\/wp-json\/wp\/v2\/pages"}],"about":[{"href":"https:\/\/www.privio.com\/fr\/wp-json\/wp\/v2\/types\/page"}],"author":[{"embeddable":true,"href":"https:\/\/www.privio.com\/fr\/wp-json\/wp\/v2\/users\/2"}],"replies":[{"embeddable":true,"href":"https:\/\/www.privio.com\/fr\/wp-json\/wp\/v2\/comments?post=823"}],"version-history":[{"count":26,"href":"https:\/\/www.privio.com\/fr\/wp-json\/wp\/v2\/pages\/823\/revisions"}],"predecessor-version":[{"id":5861,"href":"https:\/\/www.privio.com\/fr\/wp-json\/wp\/v2\/pages\/823\/revisions\/5861"}],"wp:attachment":[{"href":"https:\/\/www.privio.com\/fr\/wp-json\/wp\/v2\/media?parent=823"}],"curies":[{"name":"wp","href":"https:\/\/api.w.org\/{rel}","templated":true}]}}