{"id":1116,"date":"2022-04-04T05:21:34","date_gmt":"2022-04-04T05:21:34","guid":{"rendered":"https:\/\/www.privio.eu\/?page_id=1116"},"modified":"2022-04-14T16:48:04","modified_gmt":"2022-04-14T16:48:04","slug":"for-festivals","status":"publish","type":"page","link":"https:\/\/www.privio.com\/fr\/for-festivals\/","title":{"rendered":"Pour les festivals"},"content":{"rendered":"\t\t<div data-elementor-type=\"wp-page\" data-elementor-id=\"1116\" class=\"elementor elementor-1116\" data-elementor-post-type=\"page\">\n\t\t\t\t\t\t<section class=\"elementor-section elementor-top-section elementor-element elementor-element-2ac9256 elementor-section-boxed elementor-section-height-default elementor-section-height-default\" data-id=\"2ac9256\" data-element_type=\"section\" data-e-type=\"section\" data-settings=\"{&quot;jet_parallax_layout_list&quot;:[]}\">\n\t\t\t\t\t\t<div class=\"elementor-container elementor-column-gap-no\">\n\t\t\t\t\t<div class=\"elementor-column elementor-col-50 elementor-top-column elementor-element elementor-element-5a7d996\" data-id=\"5a7d996\" data-element_type=\"column\" data-e-type=\"column\">\n\t\t\t<div class=\"elementor-widget-wrap elementor-element-populated\">\n\t\t\t\t\t\t<div class=\"elementor-element elementor-element-fccc1b1 elementor-widget elementor-widget-jet-headline\" data-id=\"fccc1b1\" data-element_type=\"widget\" data-e-type=\"widget\" data-widget_type=\"jet-headline.default\">\n\t\t\t\t<div class=\"elementor-widget-container\">\n\t\t\t\t\t<h1 class=\"jet-headline jet-headline--direction-horizontal\"><span class=\"jet-headline__part jet-headline__first headline__part--image-text\"><span class=\"jet-headline__label\">For festivals <\/span><\/span><span class=\"jet-headline__space\">&nbsp;<\/span><\/h1>\t\t\t\t<\/div>\n\t\t\t\t<\/div>\n\t\t\t\t<div class=\"elementor-element elementor-element-b628262 elementor-absolute elementor-widget__width-auto elementor-hidden-tablet elementor-hidden-mobile elementor-invisible elementor-widget elementor-widget-jet-headline\" data-id=\"b628262\" data-element_type=\"widget\" data-e-type=\"widget\" data-settings=\"{&quot;_position&quot;:&quot;absolute&quot;,&quot;_animation&quot;:&quot;flash&quot;}\" data-widget_type=\"jet-headline.default\">\n\t\t\t\t<div class=\"elementor-widget-container\">\n\t\t\t\t\t<h2 class=\"jet-headline jet-headline--direction-horizontal\"><span class=\"jet-headline__part jet-headline__first headline__part--image-text\"><span class=\"jet-headline__label\">For festivals <\/span><\/span><span class=\"jet-headline__space\">&nbsp;<\/span><\/h2>\t\t\t\t<\/div>\n\t\t\t\t<\/div>\n\t\t\t\t\t<\/div>\n\t\t<\/div>\n\t\t\t\t<div class=\"elementor-column elementor-col-50 elementor-top-column elementor-element elementor-element-e1ba2d5\" data-id=\"e1ba2d5\" data-element_type=\"column\" data-e-type=\"column\">\n\t\t\t<div class=\"elementor-widget-wrap elementor-element-populated\">\n\t\t\t\t\t\t<div class=\"elementor-element elementor-element-1835c69 elementor-widget elementor-widget-text-editor\" data-id=\"1835c69\" data-element_type=\"widget\" data-e-type=\"widget\" data-widget_type=\"text-editor.default\">\n\t\t\t\t<div class=\"elementor-widget-container\">\n\t\t\t\t\t\t\t\t\t<p>Privio is providing a service for Film Festivals Online. This service permit to :<\/p><p>\u2013 Festivals can create Public Upload webpage to receive project. <br \/>\u2013 Organize Projects, Sessions, Themes<br \/>\u2013 Send links to the Jury<br \/>\u2013 Make a Films festival project totaly online.<\/p>\t\t\t\t\t\t\t\t<\/div>\n\t\t\t\t<\/div>\n\t\t\t\t\t<\/div>\n\t\t<\/div>\n\t\t\t\t\t<\/div>\n\t\t<\/section>\n\t\t\t\t<section class=\"elementor-section elementor-top-section elementor-element elementor-element-833f29d elementor-section-full_width elementor-section-height-default elementor-section-height-default\" data-id=\"833f29d\" data-element_type=\"section\" data-e-type=\"section\" data-settings=\"{&quot;jet_parallax_layout_list&quot;:[]}\">\n\t\t\t\t\t\t<div class=\"elementor-container elementor-column-gap-no\">\n\t\t\t\t\t<div class=\"elementor-column elementor-col-100 elementor-top-column elementor-element elementor-element-73cbae0\" data-id=\"73cbae0\" data-element_type=\"column\" data-e-type=\"column\">\n\t\t\t<div class=\"elementor-widget-wrap elementor-element-populated\">\n\t\t\t\t\t\t<div class=\"elementor-element elementor-element-d781644 elementor-widget elementor-widget-template\" data-id=\"d781644\" data-element_type=\"widget\" data-e-type=\"widget\" data-widget_type=\"template.default\">\n\t\t\t\t<div class=\"elementor-widget-container\">\n\t\t\t\t\t\t\t<div class=\"elementor-template\">\n\t\t\t\t\t<div data-elementor-type=\"section\" data-elementor-id=\"1139\" class=\"elementor elementor-1139\" data-elementor-post-type=\"elementor_library\">\n\t\t\t\t\t<section class=\"elementor-section elementor-top-section elementor-element elementor-element-b608d3b elementor-section-full_width elementor-section-height-min-height elementor-section-height-default elementor-section-items-middle\" data-id=\"b608d3b\" data-element_type=\"section\" data-e-type=\"section\" data-settings=\"{&quot;jet_parallax_layout_list&quot;:[],&quot;background_background&quot;:&quot;classic&quot;,&quot;background_motion_fx_motion_fx_scrolling&quot;:&quot;yes&quot;,&quot;background_motion_fx_translateX_effect&quot;:&quot;yes&quot;,&quot;background_motion_fx_translateX_direction&quot;:&quot;negative&quot;,&quot;background_motion_fx_translateX_speed&quot;:{&quot;unit&quot;:&quot;px&quot;,&quot;size&quot;:10,&quot;sizes&quot;:[]},&quot;background_motion_fx_translateX_affectedRange&quot;:{&quot;unit&quot;:&quot;%&quot;,&quot;size&quot;:&quot;&quot;,&quot;sizes&quot;:{&quot;start&quot;:0,&quot;end&quot;:100}},&quot;background_motion_fx_devices&quot;:[&quot;desktop&quot;,&quot;tablet&quot;,&quot;mobile&quot;]}\">\n\t\t\t\t\t\t<div class=\"elementor-container elementor-column-gap-no\">\n\t\t\t\t\t<div class=\"elementor-column elementor-col-50 elementor-top-column elementor-element elementor-element-ea42ff2\" data-id=\"ea42ff2\" data-element_type=\"column\" data-e-type=\"column\">\n\t\t\t<div class=\"elementor-widget-wrap elementor-element-populated\">\n\t\t\t\t\t\t<div class=\"elementor-element elementor-element-7440d85 elementor-widget__width-initial elementor-invisible elementor-widget elementor-widget-image\" data-id=\"7440d85\" data-element_type=\"widget\" data-e-type=\"widget\" data-settings=\"{&quot;_animation&quot;:&quot;slideInLeft&quot;,&quot;_animation_mobile&quot;:&quot;none&quot;}\" data-widget_type=\"image.default\">\n\t\t\t\t<div class=\"elementor-widget-container\">\n\t\t\t\t\t\t\t\t\t\t\t\t\t\t\t<img fetchpriority=\"high\" decoding=\"async\" width=\"747\" height=\"665\" src=\"https:\/\/www.privio.com\/wp-content\/uploads\/2022\/03\/image-39-1.png\" class=\"attachment-large size-large wp-image-497\" alt=\"\" srcset=\"https:\/\/www.privio.com\/wp-content\/uploads\/2022\/03\/image-39-1.png 747w, https:\/\/www.privio.com\/wp-content\/uploads\/2022\/03\/image-39-1-300x267.png 300w\" sizes=\"(max-width: 747px) 100vw, 747px\" \/>\t\t\t\t\t\t\t\t\t\t\t\t\t\t\t<\/div>\n\t\t\t\t<\/div>\n\t\t\t\t<div class=\"elementor-element elementor-element-66b407f elementor-widget__width-initial elementor-absolute animated-fast elementor-invisible elementor-widget elementor-widget-image\" data-id=\"66b407f\" data-element_type=\"widget\" data-e-type=\"widget\" data-settings=\"{&quot;_position&quot;:&quot;absolute&quot;,&quot;_animation&quot;:&quot;slideInLeft&quot;,&quot;_animation_mobile&quot;:&quot;none&quot;}\" data-widget_type=\"image.default\">\n\t\t\t\t<div class=\"elementor-widget-container\">\n\t\t\t\t\t\t\t\t\t\t\t\t\t\t\t<img decoding=\"async\" width=\"244\" height=\"527\" src=\"https:\/\/www.privio.com\/wp-content\/uploads\/2022\/03\/Group-1989.png\" class=\"attachment-large size-large wp-image-498\" alt=\"\" srcset=\"https:\/\/www.privio.com\/wp-content\/uploads\/2022\/03\/Group-1989.png 244w, https:\/\/www.privio.com\/wp-content\/uploads\/2022\/03\/Group-1989-139x300.png 139w\" sizes=\"(max-width: 244px) 100vw, 244px\" \/>\t\t\t\t\t\t\t\t\t\t\t\t\t\t\t<\/div>\n\t\t\t\t<\/div>\n\t\t\t\t\t<\/div>\n\t\t<\/div>\n\t\t\t\t<div class=\"elementor-column elementor-col-50 elementor-top-column elementor-element elementor-element-fe8c53d\" data-id=\"fe8c53d\" data-element_type=\"column\" data-e-type=\"column\" data-settings=\"{&quot;animation_tablet&quot;:&quot;none&quot;,&quot;animation_mobile&quot;:&quot;none&quot;}\">\n\t\t\t<div class=\"elementor-widget-wrap elementor-element-populated\">\n\t\t\t\t\t\t<div class=\"elementor-element elementor-element-a6803a7 elementor-widget__width-initial elementor-widget-mobile__width-initial elementor-vertical-align-top elementor-widget elementor-widget-image-box\" data-id=\"a6803a7\" data-element_type=\"widget\" data-e-type=\"widget\" data-widget_type=\"image-box.default\">\n\t\t\t\t<div class=\"elementor-widget-container\">\n\t\t\t\t\t<div class=\"elementor-image-box-wrapper\"><div class=\"elementor-image-box-content\"><h3 class=\"elementor-image-box-title\">Manage your project and media<\/h3><p class=\"elementor-image-box-description\">You can manage your movie catalog directly in Privio and index them according to your needs.<\/p><\/div><\/div>\t\t\t\t<\/div>\n\t\t\t\t<\/div>\n\t\t\t\t<div class=\"elementor-element elementor-element-cc2c472 elementor-widget__width-initial elementor-widget-mobile__width-initial elementor-vertical-align-top elementor-widget elementor-widget-image-box\" data-id=\"cc2c472\" data-element_type=\"widget\" data-e-type=\"widget\" data-widget_type=\"image-box.default\">\n\t\t\t\t<div class=\"elementor-widget-container\">\n\t\t\t\t\t<div class=\"elementor-image-box-wrapper\"><div class=\"elementor-image-box-content\"><h3 class=\"elementor-image-box-title\">Send a link and watch it instantly<\/h3><p class=\"elementor-image-box-description\">Thanks to our technology you can send a link and view it securely the next second. It's as simple as bonjour.<\/p><\/div><\/div>\t\t\t\t<\/div>\n\t\t\t\t<\/div>\n\t\t\t\t<div class=\"elementor-element elementor-element-694e6c0 elementor-widget elementor-widget-spacer\" data-id=\"694e6c0\" data-element_type=\"widget\" data-e-type=\"widget\" data-widget_type=\"spacer.default\">\n\t\t\t\t<div class=\"elementor-widget-container\">\n\t\t\t\t\t\t\t<div class=\"elementor-spacer\">\n\t\t\t<div class=\"elementor-spacer-inner\"><\/div>\n\t\t<\/div>\n\t\t\t\t\t\t<\/div>\n\t\t\t\t<\/div>\n\t\t\t\t<div class=\"elementor-element elementor-element-70c573a elementor-widget__width-initial elementor-widget-mobile__width-initial elementor-vertical-align-top elementor-widget elementor-widget-image-box\" data-id=\"70c573a\" data-element_type=\"widget\" data-e-type=\"widget\" data-widget_type=\"image-box.default\">\n\t\t\t\t<div class=\"elementor-widget-container\">\n\t\t\t\t\t<div class=\"elementor-image-box-wrapper\"><div class=\"elementor-image-box-content\"><h3 class=\"elementor-image-box-title\">Get metrics from viewers<\/h3><p class=\"elementor-image-box-description\">You have the possibility to follow, identify at the minute ready who saw what, where and when.<\/p><\/div><\/div>\t\t\t\t<\/div>\n\t\t\t\t<\/div>\n\t\t\t\t<div class=\"elementor-element elementor-element-33cece5 elementor-widget__width-initial elementor-widget-mobile__width-initial elementor-vertical-align-top elementor-widget elementor-widget-image-box\" data-id=\"33cece5\" data-element_type=\"widget\" data-e-type=\"widget\" data-widget_type=\"image-box.default\">\n\t\t\t\t<div class=\"elementor-widget-container\">\n\t\t\t\t\t<div class=\"elementor-image-box-wrapper\"><div class=\"elementor-image-box-content\"><h3 class=\"elementor-image-box-title\">Unique and Identifiable Files<\/h3><p class=\"elementor-image-box-description\">Thanks to our technology, each viewer looks at their unique file. And this allows us to trace, to trace the information<\/p><\/div><\/div>\t\t\t\t<\/div>\n\t\t\t\t<\/div>\n\t\t\t\t\t<\/div>\n\t\t<\/div>\n\t\t\t\t\t<\/div>\n\t\t<\/section>\n\t\t\t\t<\/div>\n\t\t\t\t<\/div>\n\t\t\t\t\t\t<\/div>\n\t\t\t\t<\/div>\n\t\t\t\t<div class=\"elementor-element elementor-element-e00aeda elementor-align-justify elementor-widget__width-initial elementor-widget-tablet__width-initial elementor-widget elementor-widget-button\" data-id=\"e00aeda\" data-element_type=\"widget\" data-e-type=\"widget\" data-widget_type=\"button.default\">\n\t\t\t\t<div class=\"elementor-widget-container\">\n\t\t\t\t\t\t\t\t\t<div class=\"elementor-button-wrapper\">\n\t\t\t\t\t<a class=\"elementor-button elementor-button-link elementor-size-sm\" href=\"https:\/\/www.privio.com\/screener\/\">\n\t\t\t\t\t\t<span class=\"elementor-button-content-wrapper\">\n\t\t\t\t\t\t\t\t\t<span class=\"elementor-button-text\">Screener<\/span>\n\t\t\t\t\t<\/span>\n\t\t\t\t\t<\/a>\n\t\t\t\t<\/div>\n\t\t\t\t\t\t\t\t<\/div>\n\t\t\t\t<\/div>\n\t\t\t\t\t<\/div>\n\t\t<\/div>\n\t\t\t\t\t<\/div>\n\t\t<\/section>\n\t\t\t\t<\/div>\n\t\t","protected":false},"excerpt":{"rendered":"<p>Pour les festivals Pour les festivals, Privio fournit un service pour les festivals de films en ligne. Ce service permet de : - Les festivals peuvent cr\u00e9er une page web publique de t\u00e9l\u00e9chargement pour recevoir les projets. - Organiser des projets, des sessions, des th\u00e8mes - Envoyer des liens au jury - Faire un projet de festival de films enti\u00e8rement en ligne. Screener<\/p>","protected":false},"author":2,"featured_media":0,"parent":0,"menu_order":0,"comment_status":"closed","ping_status":"closed","template":"elementor_header_footer","meta":{"footnotes":""},"class_list":["post-1116","page","type-page","status-publish","hentry"],"_links":{"self":[{"href":"https:\/\/www.privio.com\/fr\/wp-json\/wp\/v2\/pages\/1116","targetHints":{"allow":["GET"]}}],"collection":[{"href":"https:\/\/www.privio.com\/fr\/wp-json\/wp\/v2\/pages"}],"about":[{"href":"https:\/\/www.privio.com\/fr\/wp-json\/wp\/v2\/types\/page"}],"author":[{"embeddable":true,"href":"https:\/\/www.privio.com\/fr\/wp-json\/wp\/v2\/users\/2"}],"replies":[{"embeddable":true,"href":"https:\/\/www.privio.com\/fr\/wp-json\/wp\/v2\/comments?post=1116"}],"version-history":[{"count":38,"href":"https:\/\/www.privio.com\/fr\/wp-json\/wp\/v2\/pages\/1116\/revisions"}],"predecessor-version":[{"id":2693,"href":"https:\/\/www.privio.com\/fr\/wp-json\/wp\/v2\/pages\/1116\/revisions\/2693"}],"wp:attachment":[{"href":"https:\/\/www.privio.com\/fr\/wp-json\/wp\/v2\/media?parent=1116"}],"curies":[{"name":"wp","href":"https:\/\/api.w.org\/{rel}","templated":true}]}}