{"id":823,"date":"2022-03-31T16:39:31","date_gmt":"2022-03-31T16:39:31","guid":{"rendered":"https:\/\/www.privio.eu\/?page_id=823"},"modified":"2024-06-26T07:35:11","modified_gmt":"2024-06-26T07:35:11","slug":"gdpr","status":"publish","type":"page","link":"https:\/\/www.privio.com\/es\/gdpr\/","title":{"rendered":"GDPR"},"content":{"rendered":"<div data-elementor-type=\"wp-page\" data-elementor-id=\"823\" class=\"elementor elementor-823\" data-elementor-post-type=\"page\">\n\t\t\t\t\t\t<section class=\"elementor-section elementor-top-section elementor-element elementor-element-381306d elementor-section-boxed elementor-section-height-default elementor-section-height-default\" data-id=\"381306d\" data-element_type=\"section\" data-e-type=\"section\" data-settings=\"{&quot;jet_parallax_layout_list&quot;:[]}\">\n\t\t\t\t\t\t<div class=\"elementor-container elementor-column-gap-no\">\n\t\t\t\t\t<div class=\"elementor-column elementor-col-100 elementor-top-column elementor-element elementor-element-e3fcfb2\" data-id=\"e3fcfb2\" data-element_type=\"column\" data-e-type=\"column\">\n\t\t\t<div class=\"elementor-widget-wrap elementor-element-populated\">\n\t\t\t\t\t\t<div class=\"elementor-element elementor-element-2646c1f elementor-widget elementor-widget-jet-headline\" data-id=\"2646c1f\" data-element_type=\"widget\" data-e-type=\"widget\" data-widget_type=\"jet-headline.default\">\n\t\t\t\t<div class=\"elementor-widget-container\">\n\t\t\t\t\t<h1 class=\"jet-headline jet-headline--direction-horizontal\"><span class=\"jet-headline__part jet-headline__first headline__part--image-text\"><span class=\"jet-headline__label\">GDPR<\/span><\/span><span class=\"jet-headline__space\">&nbsp;<\/span><\/h1>\t\t\t\t<\/div>\n\t\t\t\t<\/div>\n\t\t\t\t<div class=\"elementor-element elementor-element-94ac7ca elementor-absolute elementor-widget__width-auto elementor-hidden-tablet elementor-hidden-mobile elementor-invisible elementor-widget elementor-widget-jet-headline\" data-id=\"94ac7ca\" data-element_type=\"widget\" data-e-type=\"widget\" data-settings=\"{&quot;_position&quot;:&quot;absolute&quot;,&quot;_animation&quot;:&quot;flash&quot;}\" data-widget_type=\"jet-headline.default\">\n\t\t\t\t<div class=\"elementor-widget-container\">\n\t\t\t\t\t<h2 class=\"jet-headline jet-headline--direction-horizontal\"><span class=\"jet-headline__part jet-headline__first headline__part--image-text\"><span class=\"jet-headline__label\">GPDR<\/span><\/span><span class=\"jet-headline__space\">&nbsp;<\/span><\/h2>\t\t\t\t<\/div>\n\t\t\t\t<\/div>\n\t\t\t\t<section class=\"elementor-section elementor-inner-section elementor-element elementor-element-efe71cb elementor-section-boxed elementor-section-height-default elementor-section-height-default\" data-id=\"efe71cb\" data-element_type=\"section\" data-e-type=\"section\" data-settings=\"{&quot;jet_parallax_layout_list&quot;:[]}\">\n\t\t\t\t\t\t<div class=\"elementor-container elementor-column-gap-no\">\n\t\t\t\t\t<div class=\"elementor-column elementor-col-100 elementor-inner-column elementor-element elementor-element-b7dd839\" data-id=\"b7dd839\" data-element_type=\"column\" data-e-type=\"column\">\n\t\t\t<div class=\"elementor-widget-wrap elementor-element-populated\">\n\t\t\t\t\t\t<div class=\"elementor-element elementor-element-cd48212 elementor-widget elementor-widget-text-editor\" data-id=\"cd48212\" data-element_type=\"widget\" data-e-type=\"widget\" data-widget_type=\"text-editor.default\">\n\t\t\t\t<div class=\"elementor-widget-container\">\n\t\t\t\t\t\t\t\t\t<h1>Pol\u00edtica de privacidad<\/h1>\t\t\t\t\t\t\t\t<\/div>\n\t\t\t\t<\/div>\n\t\t\t\t<div class=\"elementor-element elementor-element-d4a7a55 elementor-widget elementor-widget-text-editor\" data-id=\"d4a7a55\" data-element_type=\"widget\" data-e-type=\"widget\" data-widget_type=\"text-editor.default\">\n\t\t\t\t<div class=\"elementor-widget-container\">\n\t\t\t\t\t\t\t\t\t<p>Fecha de entrada en vigor: 13 de junio de 2019<\/p><p>PRIVIO (en adelante, \"nosotros\" o \"nuestro\") gestiona el sitio web https:\/\/www.privio.com (en adelante, el \"Servicio\").<\/p><p>Esta p\u00e1gina le informa de nuestras pol\u00edticas relativas a la recopilaci\u00f3n, el uso y la divulgaci\u00f3n de datos personales cuando utiliza nuestro Servicio y las opciones que tiene asociadas a esos datos.<\/p><p>Utilizamos sus datos para proporcionar y mejorar el Servicio. Al utilizar el Servicio, usted acepta la recopilaci\u00f3n y el uso de la informaci\u00f3n de acuerdo con esta pol\u00edtica. Salvo que se definan de otro modo en la presente Pol\u00edtica de Privacidad, los t\u00e9rminos utilizados en ella tienen el mismo significado que en nuestras Condiciones Generales, accesibles desde https:\/\/www.privio.com.<\/p>\t\t\t\t\t\t\t\t<\/div>\n\t\t\t\t<\/div>\n\t\t\t\t\t<\/div>\n\t\t<\/div>\n\t\t\t\t\t<\/div>\n\t\t<\/section>\n\t\t\t\t<section class=\"elementor-section elementor-inner-section elementor-element elementor-element-cc25b9a elementor-section-boxed elementor-section-height-default elementor-section-height-default\" data-id=\"cc25b9a\" data-element_type=\"section\" data-e-type=\"section\" data-settings=\"{&quot;jet_parallax_layout_list&quot;:[]}\">\n\t\t\t\t\t\t<div class=\"elementor-container elementor-column-gap-no\">\n\t\t\t\t\t<div class=\"elementor-column elementor-col-100 elementor-inner-column elementor-element elementor-element-ba004d4\" data-id=\"ba004d4\" data-element_type=\"column\" data-e-type=\"column\">\n\t\t\t<div class=\"elementor-widget-wrap elementor-element-populated\">\n\t\t\t\t\t\t<div class=\"elementor-element elementor-element-7a6cde1 elementor-widget elementor-widget-text-editor\" data-id=\"7a6cde1\" data-element_type=\"widget\" data-e-type=\"widget\" data-widget_type=\"text-editor.default\">\n\t\t\t\t<div class=\"elementor-widget-container\">\n\t\t\t\t\t\t\t\t\t<h2>Definiciones<\/h2>\t\t\t\t\t\t\t\t<\/div>\n\t\t\t\t<\/div>\n\t\t\t\t<div class=\"elementor-element elementor-element-309539e elementor-widget elementor-widget-text-editor\" data-id=\"309539e\" data-element_type=\"widget\" data-e-type=\"widget\" data-widget_type=\"text-editor.default\">\n\t\t\t\t<div class=\"elementor-widget-container\">\n\t\t\t\t\t\t\t\t\t<p><strong>Servicio<\/strong>\u00a0Servicio es el sitio web https:\/\/www.privio.com operado por PRIVIO<\/p><p><strong>Datos personales<\/strong>\u00a0Por datos personales se entienden los datos de una persona viva que puede ser identificada a partir de dichos datos (o de \u00e9stos y de otra informaci\u00f3n que est\u00e9 en nuestro poder o que pueda llegar a estarlo).<\/p><p><strong>Datos de uso<\/strong>\u00a0Los datos de uso son datos recogidos autom\u00e1ticamente, ya sea generados por el uso del Servicio o por la propia infraestructura del Servicio (por ejemplo, la duraci\u00f3n de la visita a una p\u00e1gina).<\/p><p><strong>Galletas<\/strong>\u00a0Las cookies son peque\u00f1os archivos almacenados en su dispositivo (ordenador o dispositivo m\u00f3vil).<\/p>\t\t\t\t\t\t\t\t<\/div>\n\t\t\t\t<\/div>\n\t\t\t\t\t<\/div>\n\t\t<\/div>\n\t\t\t\t\t<\/div>\n\t\t<\/section>\n\t\t\t\t<section class=\"elementor-section elementor-inner-section elementor-element elementor-element-0bf2dc8 elementor-section-boxed elementor-section-height-default elementor-section-height-default\" data-id=\"0bf2dc8\" data-element_type=\"section\" data-e-type=\"section\" data-settings=\"{&quot;jet_parallax_layout_list&quot;:[]}\">\n\t\t\t\t\t\t<div class=\"elementor-container elementor-column-gap-no\">\n\t\t\t\t\t<div class=\"elementor-column elementor-col-100 elementor-inner-column elementor-element elementor-element-8900c36\" data-id=\"8900c36\" data-element_type=\"column\" data-e-type=\"column\">\n\t\t\t<div class=\"elementor-widget-wrap elementor-element-populated\">\n\t\t\t\t\t\t<div class=\"elementor-element elementor-element-824dcc0 elementor-widget elementor-widget-text-editor\" data-id=\"824dcc0\" data-element_type=\"widget\" data-e-type=\"widget\" data-widget_type=\"text-editor.default\">\n\t\t\t\t<div class=\"elementor-widget-container\">\n\t\t\t\t\t\t\t\t\t<h2>Recogida y uso de la informaci\u00f3n<\/h2>\t\t\t\t\t\t\t\t<\/div>\n\t\t\t\t<\/div>\n\t\t\t\t<div class=\"elementor-element elementor-element-4b12e28 elementor-widget elementor-widget-text-editor\" data-id=\"4b12e28\" data-element_type=\"widget\" data-e-type=\"widget\" data-widget_type=\"text-editor.default\">\n\t\t\t\t<div class=\"elementor-widget-container\">\n\t\t\t\t\t\t\t\t\t<p>Recogemos varios tipos de informaci\u00f3n con diversos fines para proporcionarle y mejorar nuestro Servicio.<\/p>\t\t\t\t\t\t\t\t<\/div>\n\t\t\t\t<\/div>\n\t\t\t\t\t<\/div>\n\t\t<\/div>\n\t\t\t\t\t<\/div>\n\t\t<\/section>\n\t\t\t\t<section class=\"elementor-section elementor-inner-section elementor-element elementor-element-effbab4 elementor-section-boxed elementor-section-height-default elementor-section-height-default\" data-id=\"effbab4\" data-element_type=\"section\" data-e-type=\"section\" data-settings=\"{&quot;jet_parallax_layout_list&quot;:[]}\">\n\t\t\t\t\t\t<div class=\"elementor-container elementor-column-gap-no\">\n\t\t\t\t\t<div class=\"elementor-column elementor-col-100 elementor-inner-column elementor-element elementor-element-eff61ab\" data-id=\"eff61ab\" data-element_type=\"column\" data-e-type=\"column\">\n\t\t\t<div class=\"elementor-widget-wrap elementor-element-populated\">\n\t\t\t\t\t\t<div class=\"elementor-element elementor-element-aab9e35 elementor-widget elementor-widget-text-editor\" data-id=\"aab9e35\" data-element_type=\"widget\" data-e-type=\"widget\" data-widget_type=\"text-editor.default\">\n\t\t\t\t<div class=\"elementor-widget-container\">\n\t\t\t\t\t\t\t\t\t<h3>Tipos de datos recogidos<\/h3>\t\t\t\t\t\t\t\t<\/div>\n\t\t\t\t<\/div>\n\t\t\t\t<div class=\"elementor-element elementor-element-109782a elementor-widget elementor-widget-text-editor\" data-id=\"109782a\" data-element_type=\"widget\" data-e-type=\"widget\" data-widget_type=\"text-editor.default\">\n\t\t\t\t<div class=\"elementor-widget-container\">\n\t\t\t\t\t\t\t\t\t<h4>Datos personales<\/h4><p>Al utilizar nuestro Servicio, es posible que le pidamos que nos proporcione cierta informaci\u00f3n de identificaci\u00f3n personal que pueda utilizarse para ponerse en contacto con usted o identificarle (\"Datos personales\"). La informaci\u00f3n personal identificable puede incluir, pero no se limita a:<\/p><ul><li>Direcci\u00f3n de correo electr\u00f3nico<\/li><li>Nombre y apellidos<\/li><li>N\u00famero de tel\u00e9fono<\/li><li>Cookies y datos de uso<\/li><\/ul><h4>Datos de uso<\/h4><p>Tambi\u00e9n podemos recopilar informaci\u00f3n sobre c\u00f3mo se accede y se utiliza el Servicio (\"Datos de uso\"). Estos Datos de Uso pueden incluir informaci\u00f3n como la direcci\u00f3n de Protocolo de Internet de su ordenador (por ejemplo, la direcci\u00f3n IP), el tipo de navegador, la versi\u00f3n del navegador, las p\u00e1ginas de nuestro Servicio que visita, la hora y la fecha de su visita, el tiempo que pasa en esas p\u00e1ginas, los identificadores de dispositivo \u00fanicos y otros datos de diagn\u00f3stico.<\/p><h4>Datos de seguimiento y cookies<\/h4><p>Utilizamos cookies y tecnolog\u00edas de seguimiento similares para rastrear la actividad en nuestro Servicio y guardamos cierta informaci\u00f3n.<\/p><p>Las cookies son archivos con una peque\u00f1a cantidad de datos que pueden incluir un identificador \u00fanico an\u00f3nimo. Las cookies se env\u00edan a su navegador desde un sitio web y se almacenan en su dispositivo. Tambi\u00e9n se utilizan otras tecnolog\u00edas de seguimiento, como balizas, etiquetas y scripts, para recopilar y rastrear informaci\u00f3n y mejorar y analizar nuestro Servicio.<\/p><p>Usted puede indicar a su navegador que rechace todas las cookies o que le indique cu\u00e1ndo se env\u00eda una cookie. Sin embargo, si no acepta las cookies, es posible que no pueda utilizar algunas partes de nuestro Servicio.<\/p><p>Ejemplos de cookies que utilizamos:<\/p><ul><li><strong>Cookies de sesi\u00f3n.<\/strong>\u00a0Utilizamos cookies de sesi\u00f3n para el funcionamiento de nuestro servicio.<\/li><li><strong>Cookies de preferencia.<\/strong>\u00a0Utilizamos cookies de preferencia para recordar sus preferencias y diversos ajustes.<\/li><li><strong>Cookies de seguridad.<\/strong>\u00a0Utilizamos cookies de seguridad por motivos de seguridad.<\/li><\/ul><h2>Uso de los datos<\/h2><p>PRIVIO utiliza los datos recogidos para diversos fines:<\/p><ul><li>Para proporcionar y mantener nuestro Servicio<\/li><li>Para notificarle los cambios en nuestro Servicio<\/li><li>Permitirle participar en las funciones interactivas de nuestro Servicio cuando decida hacerlo<\/li><li>Proporcionar asistencia al cliente<\/li><li>Recoger an\u00e1lisis o informaci\u00f3n valiosa para que podamos mejorar nuestro Servicio<\/li><li>Para controlar el uso de nuestro Servicio<\/li><li>Detectar, prevenir y resolver problemas t\u00e9cnicos<\/li><\/ul><h2>Transferencia de datos<\/h2><p>Su informaci\u00f3n, incluidos los Datos Personales, puede ser transferida a -y mantenida en- ordenadores situados fuera de su estado, provincia, pa\u00eds u otra jurisdicci\u00f3n gubernamental en la que las leyes de protecci\u00f3n de datos pueden diferir de las de su jurisdicci\u00f3n.<\/p><p>Si se encuentra fuera de Francia y decide proporcionarnos informaci\u00f3n, tenga en cuenta que transferimos los datos, incluidos los datos personales, a Francia y los procesamos all\u00ed.<\/p><p>Su consentimiento a la presente pol\u00edtica de privacidad, seguido del env\u00edo de dicha informaci\u00f3n, representa su acuerdo con dicha transferencia.<\/p><p>PRIVIO tomar\u00e1 todas las medidas razonablemente necesarias para garantizar que sus datos sean tratados de forma segura y de acuerdo con esta Pol\u00edtica de Privacidad y no se realizar\u00e1 ninguna transferencia de sus Datos Personales a una organizaci\u00f3n o pa\u00eds a menos que existan controles adecuados que incluyan la seguridad de sus datos y otra informaci\u00f3n personal.<\/p><h2>Divulgaci\u00f3n de datos<\/h2>\t\t\t\t\t\t\t\t<\/div>\n\t\t\t\t<\/div>\n\t\t\t\t\t<\/div>\n\t\t<\/div>\n\t\t\t\t\t<\/div>\n\t\t<\/section>\n\t\t\t\t<section class=\"elementor-section elementor-inner-section elementor-element elementor-element-fb09143 elementor-section-boxed elementor-section-height-default elementor-section-height-default\" data-id=\"fb09143\" data-element_type=\"section\" data-e-type=\"section\" data-settings=\"{&quot;jet_parallax_layout_list&quot;:[]}\">\n\t\t\t\t\t\t<div class=\"elementor-container elementor-column-gap-no\">\n\t\t\t\t\t<div class=\"elementor-column elementor-col-100 elementor-inner-column elementor-element elementor-element-d116e5b\" data-id=\"d116e5b\" data-element_type=\"column\" data-e-type=\"column\">\n\t\t\t<div class=\"elementor-widget-wrap elementor-element-populated\">\n\t\t\t\t\t\t<div class=\"elementor-element elementor-element-511384f elementor-widget elementor-widget-text-editor\" data-id=\"511384f\" data-element_type=\"widget\" data-e-type=\"widget\" data-widget_type=\"text-editor.default\">\n\t\t\t\t<div class=\"elementor-widget-container\">\n\t\t\t\t\t\t\t\t\t<h3>Requisitos legales<\/h3>\t\t\t\t\t\t\t\t<\/div>\n\t\t\t\t<\/div>\n\t\t\t\t<div class=\"elementor-element elementor-element-8aadec1 elementor-widget elementor-widget-text-editor\" data-id=\"8aadec1\" data-element_type=\"widget\" data-e-type=\"widget\" data-widget_type=\"text-editor.default\">\n\t\t\t\t<div class=\"elementor-widget-container\">\n\t\t\t\t\t\t\t\t\t<p>PRIVIO puede revelar sus Datos Personales si cree de buena fe que dicha acci\u00f3n es necesaria para:<\/p><ul><li>Para cumplir con una obligaci\u00f3n legal<\/li><li>Para proteger y defender los derechos o la propiedad de PRIVIO<\/li><li>Para prevenir o investigar posibles infracciones en relaci\u00f3n con el Servicio<\/li><li>Proteger la seguridad personal de los usuarios del Servicio o del p\u00fablico<\/li><li>Para protegerse de la responsabilidad legal<\/li><\/ul><h2>Seguridad de los datos<\/h2><p>La seguridad de sus datos es importante para nosotros, pero recuerde que ning\u00fan m\u00e9todo de transmisi\u00f3n por Internet o m\u00e9todo de almacenamiento electr\u00f3nico es 100% seguro. Aunque nos esforzamos por utilizar medios comercialmente aceptables para proteger sus Datos Personales, no podemos garantizar su absoluta seguridad.<\/p><h2>Proveedores de servicios<\/h2><p>Podemos emplear a terceras empresas y personas para facilitar nuestro Servicio (\"Proveedores de Servicios\"), proporcionar el Servicio en nuestro nombre, realizar servicios relacionados con el Servicio o ayudarnos a analizar c\u00f3mo se utiliza nuestro Servicio.<\/p><p>Estos terceros tienen acceso a sus Datos Personales \u00fanicamente para realizar estas tareas en nuestro nombre y est\u00e1n obligados a no divulgarlos ni utilizarlos para ning\u00fan otro fin.<\/p><h2>Enlaces a otros sitios<\/h2><p>Nuestro Servicio puede contener enlaces a otros sitios que no son operados por nosotros. Si hace clic en un enlace de un tercero, ser\u00e1 dirigido al sitio de ese tercero. Le recomendamos encarecidamente que revise la pol\u00edtica de privacidad de cada sitio que visite.<\/p><p>No tenemos ning\u00fan control ni asumimos ninguna responsabilidad por el contenido, las pol\u00edticas de privacidad o las pr\u00e1cticas de los sitios o servicios de terceros.<\/p><h2>Privacidad de los ni\u00f1os<\/h2><p>Nuestro Servicio no se dirige a menores de 18 a\u00f1os (\"Ni\u00f1os\").<\/p><p>No recopilamos conscientemente informaci\u00f3n personal identificable de ninguna persona menor de 18 a\u00f1os. Si usted es un padre o tutor y tiene conocimiento de que su hijo nos ha proporcionado datos personales, p\u00f3ngase en contacto con nosotros. Si tenemos conocimiento de que hemos recopilado Datos Personales de ni\u00f1os sin verificar el consentimiento de los padres, tomamos medidas para eliminar esa informaci\u00f3n de nuestros servidores.<\/p><h2>Cambios en esta pol\u00edtica de privacidad<\/h2><p>Podemos actualizar nuestra Pol\u00edtica de Privacidad de vez en cuando. Le notificaremos cualquier cambio publicando la nueva Pol\u00edtica de Privacidad en esta p\u00e1gina.<\/p><p>Se lo comunicaremos por correo electr\u00f3nico y\/o mediante un aviso destacado en nuestro Servicio, antes de que el cambio entre en vigor, y actualizaremos la \"fecha de entrada en vigor\" en la parte superior de esta Pol\u00edtica de Privacidad.<\/p><p>Le recomendamos que revise peri\u00f3dicamente esta pol\u00edtica de privacidad para comprobar si se han producido cambios. Los cambios en esta Pol\u00edtica de Privacidad son efectivos cuando se publican en esta p\u00e1gina.<\/p><h2>Contacto<\/h2><p>Si tiene alguna pregunta sobre esta pol\u00edtica de privacidad, p\u00f3ngase en contacto con nosotros: Por correo electr\u00f3nico:\u00a0<a href=\"mailto:gpdr@privio.com\">gdpr@privio.com<\/a><\/p>\t\t\t\t\t\t\t\t<\/div>\n\t\t\t\t<\/div>\n\t\t\t\t\t<\/div>\n\t\t<\/div>\n\t\t\t\t\t<\/div>\n\t\t<\/section>\n\t\t\t\t\t<\/div>\n\t\t<\/div>\n\t\t\t\t\t<\/div>\n\t\t<\/section>\n\t\t\t\t<\/div>","protected":false},"excerpt":{"rendered":"<p>GDPR&nbsp; GPDR&nbsp; Privacy Policy Effective date: June 13, 2019 PRIVIO (\u00ab\u00a0us\u00a0\u00bb, \u00ab\u00a0we\u00a0\u00bb, or \u00ab\u00a0our\u00a0\u00bb) operates the https:\/\/www.privio.com website (hereinafter referred to as the \u00ab\u00a0Service\u00a0\u00bb). This page informs you of our policies regarding the collection, use and disclosure of personal data when you use our Service and the choices you have associated with that data. We [&hellip;]<\/p>\n","protected":false},"author":2,"featured_media":0,"parent":0,"menu_order":0,"comment_status":"closed","ping_status":"closed","template":"elementor_header_footer","meta":{"footnotes":""},"class_list":["post-823","page","type-page","status-publish","hentry"],"_links":{"self":[{"href":"https:\/\/www.privio.com\/es\/wp-json\/wp\/v2\/pages\/823","targetHints":{"allow":["GET"]}}],"collection":[{"href":"https:\/\/www.privio.com\/es\/wp-json\/wp\/v2\/pages"}],"about":[{"href":"https:\/\/www.privio.com\/es\/wp-json\/wp\/v2\/types\/page"}],"author":[{"embeddable":true,"href":"https:\/\/www.privio.com\/es\/wp-json\/wp\/v2\/users\/2"}],"replies":[{"embeddable":true,"href":"https:\/\/www.privio.com\/es\/wp-json\/wp\/v2\/comments?post=823"}],"version-history":[{"count":26,"href":"https:\/\/www.privio.com\/es\/wp-json\/wp\/v2\/pages\/823\/revisions"}],"predecessor-version":[{"id":5861,"href":"https:\/\/www.privio.com\/es\/wp-json\/wp\/v2\/pages\/823\/revisions\/5861"}],"wp:attachment":[{"href":"https:\/\/www.privio.com\/es\/wp-json\/wp\/v2\/media?parent=823"}],"curies":[{"name":"wp","href":"https:\/\/api.w.org\/{rel}","templated":true}]}}