{"id":809,"date":"2022-03-31T16:29:07","date_gmt":"2022-03-31T16:29:07","guid":{"rendered":"https:\/\/www.privio.eu\/?page_id=809"},"modified":"2022-04-05T15:13:53","modified_gmt":"2022-04-05T15:13:53","slug":"legals","status":"publish","type":"page","link":"https:\/\/www.privio.com\/es\/legals\/","title":{"rendered":"Legales"},"content":{"rendered":"<div data-elementor-type=\"wp-page\" data-elementor-id=\"809\" class=\"elementor elementor-809\" data-elementor-post-type=\"page\">\n\t\t\t\t\t\t<section class=\"elementor-section elementor-top-section elementor-element elementor-element-1c15d32 elementor-section-boxed elementor-section-height-default elementor-section-height-default\" data-id=\"1c15d32\" data-element_type=\"section\" data-e-type=\"section\" data-settings=\"{&quot;jet_parallax_layout_list&quot;:[]}\">\n\t\t\t\t\t\t<div class=\"elementor-container elementor-column-gap-no\">\n\t\t\t\t\t<div class=\"elementor-column elementor-col-100 elementor-top-column elementor-element elementor-element-d31d156\" data-id=\"d31d156\" data-element_type=\"column\" data-e-type=\"column\">\n\t\t\t<div class=\"elementor-widget-wrap elementor-element-populated\">\n\t\t\t\t\t\t<div class=\"elementor-element elementor-element-884841e elementor-widget elementor-widget-jet-headline\" data-id=\"884841e\" data-element_type=\"widget\" data-e-type=\"widget\" data-widget_type=\"jet-headline.default\">\n\t\t\t\t<div class=\"elementor-widget-container\">\n\t\t\t\t\t<h1 class=\"jet-headline jet-headline--direction-horizontal\"><span class=\"jet-headline__part jet-headline__first headline__part--image-text\"><span class=\"jet-headline__label\">Legales<\/span><\/span><span class=\"jet-headline__space\">&nbsp;<\/span><\/h1>\t\t\t\t<\/div>\n\t\t\t\t<\/div>\n\t\t\t\t<div class=\"elementor-element elementor-element-5e21ea0 elementor-absolute elementor-widget__width-auto elementor-hidden-tablet elementor-hidden-mobile elementor-invisible elementor-widget elementor-widget-jet-headline\" data-id=\"5e21ea0\" data-element_type=\"widget\" data-e-type=\"widget\" data-settings=\"{&quot;_position&quot;:&quot;absolute&quot;,&quot;_animation&quot;:&quot;flash&quot;}\" data-widget_type=\"jet-headline.default\">\n\t\t\t\t<div class=\"elementor-widget-container\">\n\t\t\t\t\t<h2 class=\"jet-headline jet-headline--direction-horizontal\"><span class=\"jet-headline__part jet-headline__first headline__part--image-text\"><span class=\"jet-headline__label\">Legales<\/span><\/span><span class=\"jet-headline__space\">&nbsp;<\/span><\/h2>\t\t\t\t<\/div>\n\t\t\t\t<\/div>\n\t\t\t\t<section class=\"elementor-section elementor-inner-section elementor-element elementor-element-418ca10 elementor-section-boxed elementor-section-height-default elementor-section-height-default\" data-id=\"418ca10\" data-element_type=\"section\" data-e-type=\"section\" data-settings=\"{&quot;jet_parallax_layout_list&quot;:[]}\">\n\t\t\t\t\t\t<div class=\"elementor-container elementor-column-gap-no\">\n\t\t\t\t\t<div class=\"elementor-column elementor-col-100 elementor-inner-column elementor-element elementor-element-555a100\" data-id=\"555a100\" data-element_type=\"column\" data-e-type=\"column\">\n\t\t\t<div class=\"elementor-widget-wrap elementor-element-populated\">\n\t\t\t\t\t\t<div class=\"elementor-element elementor-element-0eb8123 elementor-widget elementor-widget-text-editor\" data-id=\"0eb8123\" data-element_type=\"widget\" data-e-type=\"widget\" data-widget_type=\"text-editor.default\">\n\t\t\t\t<div class=\"elementor-widget-container\">\n\t\t\t\t\t\t\t\t\t<h2>\u00bfQui\u00e9nes somos?<\/h2>\t\t\t\t\t\t\t\t<\/div>\n\t\t\t\t<\/div>\n\t\t\t\t<div class=\"elementor-element elementor-element-d610223 elementor-widget elementor-widget-text-editor\" data-id=\"d610223\" data-element_type=\"widget\" data-e-type=\"widget\" data-widget_type=\"text-editor.default\">\n\t\t\t\t<div class=\"elementor-widget-container\">\n\t\t\t\t\t\t\t\t\t<p>La direcci\u00f3n de nuestro sitio web es: https:\/\/privio.com.<\/p>\t\t\t\t\t\t\t\t<\/div>\n\t\t\t\t<\/div>\n\t\t\t\t\t<\/div>\n\t\t<\/div>\n\t\t\t\t\t<\/div>\n\t\t<\/section>\n\t\t\t\t<section class=\"elementor-section elementor-inner-section elementor-element elementor-element-690736b elementor-section-boxed elementor-section-height-default elementor-section-height-default\" data-id=\"690736b\" data-element_type=\"section\" data-e-type=\"section\" data-settings=\"{&quot;jet_parallax_layout_list&quot;:[]}\">\n\t\t\t\t\t\t<div class=\"elementor-container elementor-column-gap-no\">\n\t\t\t\t\t<div class=\"elementor-column elementor-col-100 elementor-inner-column elementor-element elementor-element-15f8b21\" data-id=\"15f8b21\" data-element_type=\"column\" data-e-type=\"column\">\n\t\t\t<div class=\"elementor-widget-wrap elementor-element-populated\">\n\t\t\t\t\t\t<div class=\"elementor-element elementor-element-270bede elementor-widget elementor-widget-text-editor\" data-id=\"270bede\" data-element_type=\"widget\" data-e-type=\"widget\" data-widget_type=\"text-editor.default\">\n\t\t\t\t<div class=\"elementor-widget-container\">\n\t\t\t\t\t\t\t\t\t<h2>Uso de los datos personales recogidos<\/h2>\t\t\t\t\t\t\t\t<\/div>\n\t\t\t\t<\/div>\n\t\t\t\t<div class=\"elementor-element elementor-element-6e790e7 elementor-widget elementor-widget-text-editor\" data-id=\"6e790e7\" data-element_type=\"widget\" data-e-type=\"widget\" data-widget_type=\"text-editor.default\">\n\t\t\t\t<div class=\"elementor-widget-container\">\n\t\t\t\t\t\t\t\t\t<h3>Comentarios<\/h3><p>Cuando deja un comentario en nuestro sitio web, no s\u00f3lo se recogen los datos introducidos en el formulario de comentarios, sino tambi\u00e9n su direcci\u00f3n IP y el agente de usuario de su navegador para ayudarnos a detectar comentarios no deseados.<\/p><p>Una cadena anonimizada creada a partir de tu direcci\u00f3n de correo electr\u00f3nico (tambi\u00e9n llamada hash) puede ser enviada al servicio Gravatar para comprobar si lo est\u00e1s utilizando. La pol\u00edtica de privacidad del servicio Gravatar est\u00e1 disponible aqu\u00ed: https:\/\/automattic.com\/privacy\/. Despu\u00e9s de validar tu comentario, tu foto de perfil ser\u00e1 visible p\u00fablicamente junto a tu comentario.<\/p><h3>Medios de comunicaci\u00f3n<\/h3><p>Si eres un usuario registrado y subes im\u00e1genes al sitio web, te aconsejamos que evites subir im\u00e1genes que contengan datos de coordenadas GPS EXIF. Los visitantes de su sitio web pueden descargar y extraer datos de localizaci\u00f3n de estas im\u00e1genes.<\/p><h3>Formularios de contacto<\/h3><h3>Galletas<\/h3><p>Si deja un comentario en nuestro sitio, se le pedir\u00e1 que guarde su nombre, direcci\u00f3n de correo electr\u00f3nico y sitio web en las cookies. Esto es s\u00f3lo para su comodidad, para que no tenga que introducir esta informaci\u00f3n si deja otro comentario m\u00e1s tarde. Estas cookies caducan al cabo de un a\u00f1o.<\/p><p>Si va a la p\u00e1gina de inicio de sesi\u00f3n, se crear\u00e1 una cookie temporal para determinar si su navegador acepta cookies. No contiene ning\u00fan dato personal y se eliminar\u00e1 autom\u00e1ticamente cuando cierre su navegador.<\/p><p>Al iniciar la sesi\u00f3n, estableceremos una serie de cookies para guardar su informaci\u00f3n de inicio de sesi\u00f3n y sus preferencias de pantalla. La vida de una cookie de inicio de sesi\u00f3n es de dos d\u00edas, y la de una cookie de opciones de pantalla es de un a\u00f1o. Si marca la opci\u00f3n \"Recordarme\", su cookie se guardar\u00e1 durante dos semanas. Si sale de su cuenta, la cookie se borrar\u00e1.<\/p><p>Cuando edite o publique una publicaci\u00f3n, se almacenar\u00e1 una cookie adicional en su navegador. Esta cookie no contiene ning\u00fan dato personal. Simplemente indica el ID de la publicaci\u00f3n que acaba de modificar. Caduca al cabo de un d\u00eda.<\/p><h3>Uso y transmisi\u00f3n de sus datos personales<\/h3><p>Para los usuarios que se registran en nuestro sitio (si es posible), tambi\u00e9n almacenamos los datos personales indicados en su perfil. Todos los usuarios pueden ver, modificar o eliminar su informaci\u00f3n personal en cualquier momento (excepto su nombre de usuario). Los administradores del sitio tambi\u00e9n pueden ver y modificar esta informaci\u00f3n.<\/p>\t\t\t\t\t\t\t\t<\/div>\n\t\t\t\t<\/div>\n\t\t\t\t\t<\/div>\n\t\t<\/div>\n\t\t\t\t\t<\/div>\n\t\t<\/section>\n\t\t\t\t<section class=\"elementor-section elementor-inner-section elementor-element elementor-element-f8f9502 elementor-section-boxed elementor-section-height-default elementor-section-height-default\" data-id=\"f8f9502\" data-element_type=\"section\" data-e-type=\"section\" data-settings=\"{&quot;jet_parallax_layout_list&quot;:[]}\">\n\t\t\t\t\t\t<div class=\"elementor-container elementor-column-gap-no\">\n\t\t\t\t\t<div class=\"elementor-column elementor-col-100 elementor-inner-column elementor-element elementor-element-ed97db8\" data-id=\"ed97db8\" data-element_type=\"column\" data-e-type=\"column\">\n\t\t\t<div class=\"elementor-widget-wrap elementor-element-populated\">\n\t\t\t\t\t\t<div class=\"elementor-element elementor-element-35a5ea4 elementor-widget elementor-widget-text-editor\" data-id=\"35a5ea4\" data-element_type=\"widget\" data-e-type=\"widget\" data-widget_type=\"text-editor.default\">\n\t\t\t\t<div class=\"elementor-widget-container\">\n\t\t\t\t\t\t\t\t\t<h2>Los derechos que tiene sobre sus datos<\/h2>\t\t\t\t\t\t\t\t<\/div>\n\t\t\t\t<\/div>\n\t\t\t\t<div class=\"elementor-element elementor-element-b782d6d elementor-widget elementor-widget-text-editor\" data-id=\"b782d6d\" data-element_type=\"widget\" data-e-type=\"widget\" data-widget_type=\"text-editor.default\">\n\t\t\t\t<div class=\"elementor-widget-container\">\n\t\t\t\t\t\t\t\t\t<p>Si tiene una cuenta o si ha dejado comentarios en el sitio, puede solicitar que se le env\u00ede un archivo con todos los datos personales que tenemos sobre usted, incluidos los que ha proporcionado. Tambi\u00e9n puede solicitar la supresi\u00f3n de sus datos personales. Esto no incluye los datos almacenados con fines administrativos, legales o de seguridad.<\/p>\t\t\t\t\t\t\t\t<\/div>\n\t\t\t\t<\/div>\n\t\t\t\t\t<\/div>\n\t\t<\/div>\n\t\t\t\t\t<\/div>\n\t\t<\/section>\n\t\t\t\t\t<\/div>\n\t\t<\/div>\n\t\t\t\t\t<\/div>\n\t\t<\/section>\n\t\t\t\t<\/div>","protected":false},"excerpt":{"rendered":"<p>Legals&nbsp; Legals&nbsp; Who are we? Our website address is: https:\/\/privio.eu. Use of personal data collected Comments When you leave a comment on our website, not only the data entered in the comment form, but also your IP address and the user agent of your browser are collected to help us detect unwanted comments. An anonymized [&hellip;]<\/p>\n","protected":false},"author":2,"featured_media":0,"parent":0,"menu_order":0,"comment_status":"closed","ping_status":"closed","template":"elementor_header_footer","meta":{"footnotes":""},"class_list":["post-809","page","type-page","status-publish","hentry"],"yoast_head":"<!-- This site is optimized with the Yoast SEO plugin v27.5 - https:\/\/yoast.com\/product\/yoast-seo-wordpress\/ -->\n<title>Legals - Privio<\/title>\n<meta name=\"robots\" content=\"index, follow, max-snippet:-1, max-image-preview:large, max-video-preview:-1\" \/>\n<link rel=\"canonical\" href=\"https:\/\/www.privio.com\/es\/legals\/\" \/>\n<meta property=\"og:locale\" content=\"es_ES\" \/>\n<meta property=\"og:type\" content=\"article\" \/>\n<meta property=\"og:title\" content=\"Legals - Privio\" \/>\n<meta property=\"og:description\" content=\"Legals&nbsp; Legals&nbsp; Who are we? Our website address is: https:\/\/privio.eu. Use of personal data collected Comments When you leave a comment on our website, not only the data entered in the comment form, but also your IP address and the user agent of your browser are collected to help us detect unwanted comments. An anonymized [&hellip;]\" \/>\n<meta property=\"og:url\" content=\"https:\/\/www.privio.com\/es\/legals\/\" \/>\n<meta property=\"og:site_name\" content=\"Privio\" \/>\n<meta property=\"article:modified_time\" content=\"2022-04-05T15:13:53+00:00\" \/>\n<meta name=\"twitter:card\" content=\"summary_large_image\" \/>\n<meta name=\"twitter:label1\" content=\"Tiempo de lectura\" \/>\n\t<meta name=\"twitter:data1\" content=\"2 minutos\" \/>\n<script type=\"application\/ld+json\" class=\"yoast-schema-graph\">{\"@context\":\"https:\\\/\\\/schema.org\",\"@graph\":[{\"@type\":\"WebPage\",\"@id\":\"https:\\\/\\\/www.privio.com\\\/legals\\\/\",\"url\":\"https:\\\/\\\/www.privio.com\\\/legals\\\/\",\"name\":\"Legals - Privio\",\"isPartOf\":{\"@id\":\"https:\\\/\\\/www.privio.com\\\/#website\"},\"datePublished\":\"2022-03-31T16:29:07+00:00\",\"dateModified\":\"2022-04-05T15:13:53+00:00\",\"breadcrumb\":{\"@id\":\"https:\\\/\\\/www.privio.com\\\/legals\\\/#breadcrumb\"},\"inLanguage\":\"es\",\"potentialAction\":[{\"@type\":\"ReadAction\",\"target\":[\"https:\\\/\\\/www.privio.com\\\/legals\\\/\"]}]},{\"@type\":\"BreadcrumbList\",\"@id\":\"https:\\\/\\\/www.privio.com\\\/legals\\\/#breadcrumb\",\"itemListElement\":[{\"@type\":\"ListItem\",\"position\":1,\"name\":\"Home\",\"item\":\"https:\\\/\\\/www.privio.com\\\/\"},{\"@type\":\"ListItem\",\"position\":2,\"name\":\"Legals\"}]},{\"@type\":\"WebSite\",\"@id\":\"https:\\\/\\\/www.privio.com\\\/#website\",\"url\":\"https:\\\/\\\/www.privio.com\\\/\",\"name\":\"Privio\",\"description\":\"Privio is your own platform where you can share your films privately and securely\",\"publisher\":{\"@id\":\"https:\\\/\\\/www.privio.com\\\/#organization\"},\"potentialAction\":[{\"@type\":\"SearchAction\",\"target\":{\"@type\":\"EntryPoint\",\"urlTemplate\":\"https:\\\/\\\/www.privio.com\\\/?s={search_term_string}\"},\"query-input\":{\"@type\":\"PropertyValueSpecification\",\"valueRequired\":true,\"valueName\":\"search_term_string\"}}],\"inLanguage\":\"es\"},{\"@type\":\"Organization\",\"@id\":\"https:\\\/\\\/www.privio.com\\\/#organization\",\"name\":\"Privio\",\"url\":\"https:\\\/\\\/www.privio.com\\\/\",\"logo\":{\"@type\":\"ImageObject\",\"inLanguage\":\"es\",\"@id\":\"https:\\\/\\\/www.privio.com\\\/#\\\/schema\\\/logo\\\/image\\\/\",\"url\":\"https:\\\/\\\/www.privio.com\\\/wp-content\\\/uploads\\\/2022\\\/05\\\/privio.png\",\"contentUrl\":\"https:\\\/\\\/www.privio.com\\\/wp-content\\\/uploads\\\/2022\\\/05\\\/privio.png\",\"width\":157,\"height\":52,\"caption\":\"Privio\"},\"image\":{\"@id\":\"https:\\\/\\\/www.privio.com\\\/#\\\/schema\\\/logo\\\/image\\\/\"}}]}<\/script>\n<!-- \/ Yoast SEO plugin. -->","yoast_head_json":{"title":"Legals - Privio","robots":{"index":"index","follow":"follow","max-snippet":"max-snippet:-1","max-image-preview":"max-image-preview:large","max-video-preview":"max-video-preview:-1"},"canonical":"https:\/\/www.privio.com\/es\/legals\/","og_locale":"es_ES","og_type":"article","og_title":"Legals - Privio","og_description":"Legals&nbsp; Legals&nbsp; Who are we? Our website address is: https:\/\/privio.eu. Use of personal data collected Comments When you leave a comment on our website, not only the data entered in the comment form, but also your IP address and the user agent of your browser are collected to help us detect unwanted comments. An anonymized [&hellip;]","og_url":"https:\/\/www.privio.com\/es\/legals\/","og_site_name":"Privio","article_modified_time":"2022-04-05T15:13:53+00:00","twitter_card":"summary_large_image","twitter_misc":{"Tiempo de lectura":"2 minutos"},"schema":{"@context":"https:\/\/schema.org","@graph":[{"@type":"WebPage","@id":"https:\/\/www.privio.com\/legals\/","url":"https:\/\/www.privio.com\/legals\/","name":"Legals - Privio","isPartOf":{"@id":"https:\/\/www.privio.com\/#website"},"datePublished":"2022-03-31T16:29:07+00:00","dateModified":"2022-04-05T15:13:53+00:00","breadcrumb":{"@id":"https:\/\/www.privio.com\/legals\/#breadcrumb"},"inLanguage":"es","potentialAction":[{"@type":"ReadAction","target":["https:\/\/www.privio.com\/legals\/"]}]},{"@type":"BreadcrumbList","@id":"https:\/\/www.privio.com\/legals\/#breadcrumb","itemListElement":[{"@type":"ListItem","position":1,"name":"Home","item":"https:\/\/www.privio.com\/"},{"@type":"ListItem","position":2,"name":"Legals"}]},{"@type":"WebSite","@id":"https:\/\/www.privio.com\/#website","url":"https:\/\/www.privio.com\/","name":"Privio","description":"Privio es tu propia plataforma donde puedes compartir tus pel\u00edculas de forma privada y segura","publisher":{"@id":"https:\/\/www.privio.com\/#organization"},"potentialAction":[{"@type":"SearchAction","target":{"@type":"EntryPoint","urlTemplate":"https:\/\/www.privio.com\/?s={search_term_string}"},"query-input":{"@type":"PropertyValueSpecification","valueRequired":true,"valueName":"search_term_string"}}],"inLanguage":"es"},{"@type":"Organization","@id":"https:\/\/www.privio.com\/#organization","name":"Privio","url":"https:\/\/www.privio.com\/","logo":{"@type":"ImageObject","inLanguage":"es","@id":"https:\/\/www.privio.com\/#\/schema\/logo\/image\/","url":"https:\/\/www.privio.com\/wp-content\/uploads\/2022\/05\/privio.png","contentUrl":"https:\/\/www.privio.com\/wp-content\/uploads\/2022\/05\/privio.png","width":157,"height":52,"caption":"Privio"},"image":{"@id":"https:\/\/www.privio.com\/#\/schema\/logo\/image\/"}}]}},"_links":{"self":[{"href":"https:\/\/www.privio.com\/es\/wp-json\/wp\/v2\/pages\/809","targetHints":{"allow":["GET"]}}],"collection":[{"href":"https:\/\/www.privio.com\/es\/wp-json\/wp\/v2\/pages"}],"about":[{"href":"https:\/\/www.privio.com\/es\/wp-json\/wp\/v2\/types\/page"}],"author":[{"embeddable":true,"href":"https:\/\/www.privio.com\/es\/wp-json\/wp\/v2\/users\/2"}],"replies":[{"embeddable":true,"href":"https:\/\/www.privio.com\/es\/wp-json\/wp\/v2\/comments?post=809"}],"version-history":[{"count":20,"href":"https:\/\/www.privio.com\/es\/wp-json\/wp\/v2\/pages\/809\/revisions"}],"predecessor-version":[{"id":1716,"href":"https:\/\/www.privio.com\/es\/wp-json\/wp\/v2\/pages\/809\/revisions\/1716"}],"wp:attachment":[{"href":"https:\/\/www.privio.com\/es\/wp-json\/wp\/v2\/media?parent=809"}],"curies":[{"name":"wp","href":"https:\/\/api.w.org\/{rel}","templated":true}]}}