{"id":832,"date":"2022-03-31T16:45:22","date_gmt":"2022-03-31T16:45:22","guid":{"rendered":"https:\/\/www.privio.eu\/?page_id=832"},"modified":"2022-04-05T15:14:57","modified_gmt":"2022-04-05T15:14:57","slug":"privacy","status":"publish","type":"page","link":"https:\/\/www.privio.com\/de\/privacy\/","title":{"rendered":"Datenschutz"},"content":{"rendered":"<div data-elementor-type=\"wp-page\" data-elementor-id=\"832\" class=\"elementor elementor-832\" data-elementor-post-type=\"page\">\n\t\t\t\t\t\t<section class=\"elementor-section elementor-top-section elementor-element elementor-element-86c3969 elementor-section-boxed elementor-section-height-default elementor-section-height-default\" data-id=\"86c3969\" data-element_type=\"section\" data-e-type=\"section\" data-settings=\"{&quot;jet_parallax_layout_list&quot;:[]}\">\n\t\t\t\t\t\t<div class=\"elementor-container elementor-column-gap-no\">\n\t\t\t\t\t<div class=\"elementor-column elementor-col-100 elementor-top-column elementor-element elementor-element-aff9f28\" data-id=\"aff9f28\" data-element_type=\"column\" data-e-type=\"column\">\n\t\t\t<div class=\"elementor-widget-wrap elementor-element-populated\">\n\t\t\t\t\t\t<div class=\"elementor-element elementor-element-86650f5 elementor-widget elementor-widget-jet-headline\" data-id=\"86650f5\" data-element_type=\"widget\" data-e-type=\"widget\" data-widget_type=\"jet-headline.default\">\n\t\t\t\t<div class=\"elementor-widget-container\">\n\t\t\t\t\t<h1 class=\"jet-headline jet-headline--direction-horizontal\"><span class=\"jet-headline__part jet-headline__first headline__part--image-text\"><span class=\"jet-headline__label\">Datenschutz<\/span><\/span><span class=\"jet-headline__space\">&nbsp;<\/span><\/h1>\t\t\t\t<\/div>\n\t\t\t\t<\/div>\n\t\t\t\t<div class=\"elementor-element elementor-element-d799dbf elementor-absolute elementor-widget__width-auto elementor-hidden-tablet elementor-hidden-mobile elementor-invisible elementor-widget elementor-widget-jet-headline\" data-id=\"d799dbf\" data-element_type=\"widget\" data-e-type=\"widget\" data-settings=\"{&quot;_position&quot;:&quot;absolute&quot;,&quot;_animation&quot;:&quot;flash&quot;}\" data-widget_type=\"jet-headline.default\">\n\t\t\t\t<div class=\"elementor-widget-container\">\n\t\t\t\t\t<h2 class=\"jet-headline jet-headline--direction-horizontal\"><span class=\"jet-headline__part jet-headline__first headline__part--image-text\"><span class=\"jet-headline__label\">Datenschutz<\/span><\/span><span class=\"jet-headline__space\">&nbsp;<\/span><\/h2>\t\t\t\t<\/div>\n\t\t\t\t<\/div>\n\t\t\t\t<section class=\"elementor-section elementor-inner-section elementor-element elementor-element-643f506 elementor-section-boxed elementor-section-height-default elementor-section-height-default\" data-id=\"643f506\" data-element_type=\"section\" data-e-type=\"section\" data-settings=\"{&quot;jet_parallax_layout_list&quot;:[]}\">\n\t\t\t\t\t\t<div class=\"elementor-container elementor-column-gap-no\">\n\t\t\t\t\t<div class=\"elementor-column elementor-col-100 elementor-inner-column elementor-element elementor-element-452131e\" data-id=\"452131e\" data-element_type=\"column\" data-e-type=\"column\">\n\t\t\t<div class=\"elementor-widget-wrap elementor-element-populated\">\n\t\t\t\t\t\t<div class=\"elementor-element elementor-element-759e9ea elementor-widget elementor-widget-text-editor\" data-id=\"759e9ea\" data-element_type=\"widget\" data-e-type=\"widget\" data-widget_type=\"text-editor.default\">\n\t\t\t\t<div class=\"elementor-widget-container\">\n\t\t\t\t\t\t\t\t\t<h2>Was ist ein Keks?<\/h2>\t\t\t\t\t\t\t\t<\/div>\n\t\t\t\t<\/div>\n\t\t\t\t<div class=\"elementor-element elementor-element-8fbfe97 elementor-widget elementor-widget-text-editor\" data-id=\"8fbfe97\" data-element_type=\"widget\" data-e-type=\"widget\" data-widget_type=\"text-editor.default\">\n\t\t\t\t<div class=\"elementor-widget-container\">\n\t\t\t\t\t\t\t\t\t<p>Ein Cookie ist eine kleine Textdatei in alphanumerischem Format, die vom Server der besuchten Website oder von einem Drittserver (Werbenetzwerk, Webanalysedienst usw.) auf der Festplatte des Internetnutzers abgelegt wird. Ein Cookie erm\u00f6glicht es, einen Besucher wiederzuerkennen, wenn er auf eine Website zur\u00fcckkehrt. Aus technischer Sicht erm\u00f6glicht das Cookie jedoch die Erkennung einer Maschine und nicht wirklich eines Benutzers. Dank der Cookies ist es m\u00f6glich, automatisch auf personalisierte Seiten zuzugreifen, ohne sich selbst zu identifizieren. Die Verhaltensdaten sind mit der Cookie-Nummer verkn\u00fcpft und werden auf den Servern gespeichert, die die Cookies platziert haben. Ein Cookie erm\u00f6glicht eine namentliche Identifizierung nur dann, wenn sich der Internetnutzer bereits auf der Website registriert hat (innerhalb der oben genannten Grenzen).<\/p>\t\t\t\t\t\t\t\t<\/div>\n\t\t\t\t<\/div>\n\t\t\t\t\t<\/div>\n\t\t<\/div>\n\t\t\t\t\t<\/div>\n\t\t<\/section>\n\t\t\t\t<section class=\"elementor-section elementor-inner-section elementor-element elementor-element-762c3f1 elementor-section-boxed elementor-section-height-default elementor-section-height-default\" data-id=\"762c3f1\" data-element_type=\"section\" data-e-type=\"section\" data-settings=\"{&quot;jet_parallax_layout_list&quot;:[]}\">\n\t\t\t\t\t\t<div class=\"elementor-container elementor-column-gap-no\">\n\t\t\t\t\t<div class=\"elementor-column elementor-col-100 elementor-inner-column elementor-element elementor-element-dbc1ea4\" data-id=\"dbc1ea4\" data-element_type=\"column\" data-e-type=\"column\">\n\t\t\t<div class=\"elementor-widget-wrap elementor-element-populated\">\n\t\t\t\t\t\t<div class=\"elementor-element elementor-element-d3436cf elementor-widget elementor-widget-text-editor\" data-id=\"d3436cf\" data-element_type=\"widget\" data-e-type=\"widget\" data-widget_type=\"text-editor.default\">\n\t\t\t\t<div class=\"elementor-widget-container\">\n\t\t\t\t\t\t\t\t\t<h2>Verwendete Cookies<\/h2>\t\t\t\t\t\t\t\t<\/div>\n\t\t\t\t<\/div>\n\t\t\t\t<div class=\"elementor-element elementor-element-e7e633d elementor-widget elementor-widget-text-editor\" data-id=\"e7e633d\" data-element_type=\"widget\" data-e-type=\"widget\" data-widget_type=\"text-editor.default\">\n\t\t\t\t<div class=\"elementor-widget-container\">\n\t\t\t\t\t\t\t\t\t<p>Wenn Sie unsere Website besuchen, k\u00f6nnen Informationen \u00fcber die Navigation Ihres Ger\u00e4ts (Computer, Tablet, Smartphone usw.) auf unserer Website in \"Cookie\"-Dateien gespeichert werden, die auf Ihrem Ger\u00e4t installiert sind. Dar\u00fcber hinaus k\u00f6nnen wir direkt oder \u00fcber unsere Dienstleister (Kommunikationsagenturen, Werbeagenturen) Werbefl\u00e4chen erwerben, um unsere Aktivit\u00e4ten und Angebote auf Websites Dritter durch Werbeinhalte (Texte, Grafiken, Animationen, Videos usw.) zu bewerben, die von diesen Websites verbreitet werden. Bitte beachten Sie, dass nur der Aussteller eines Cookies die M\u00f6glichkeit hat, die darin enthaltenen Informationen zu lesen oder zu \u00e4ndern.<\/p><h3>1. Die Cookies, die wir auf unserer Website verwenden<\/h3><p>Wenn Sie sich mit unserer Website verbinden, k\u00f6nnen wir verschiedene Cookies auf Ihrem Endger\u00e4t installieren, die es uns erm\u00f6glichen, den Browser Ihres Endger\u00e4ts w\u00e4hrend der G\u00fcltigkeitsdauer des betreffenden Cookies zu erkennen.<\/p><p>Diese Cookies erm\u00f6glichen es uns, :<\/p><ul><li>Erstellung von Statistiken \u00fcber die Frequentierung und Nutzung der verschiedenen Elemente unserer Website (besuchte Bereiche und Inhalte, Routen), die es uns erm\u00f6glichen, das Interesse und die Ergonomie unserer Dienstleistungen zu verbessern;<\/li><li>zur Anpassung der Darstellung unserer Website an die Anzeigepr\u00e4ferenzen Ihres Endger\u00e4ts (verwendete Sprache, Bildschirmaufl\u00f6sung, verwendetes Betriebssystem usw.) w\u00e4hrend Ihrer Besuche auf unserer Website, abh\u00e4ngig von der Hardware und der Anzeige- oder Lesesoftware, die Ihr Endger\u00e4t enth\u00e4lt;<\/li><li>um Informationen zu speichern, die sich auf ein Formular beziehen, das Sie auf unserer Website ausgef\u00fcllt haben (Registrierung oder Zugang zu Ihrem Konto) oder auf Produkte, Dienstleistungen oder Informationen, die Sie auf unserer Website ausgew\u00e4hlt haben (Inhalt eines Warenkorbs usw.);<\/li><li>um Ihnen den Zugang zu reservierten und pers\u00f6nlichen Bereichen unserer Website zu erm\u00f6glichen, wie z. B. zu Ihrem Konto, dank Kennungen oder Daten, die Sie uns zuvor anvertraut haben;<\/li><li>zur Durchf\u00fchrung von Sicherheitsma\u00dfnahmen, z. B. wenn Sie aufgefordert werden, sich nach einer bestimmten Zeit erneut mit einem Inhalt oder Dienst zu verbinden.<\/li><\/ul><h3>2. Cookies von Dritten<\/h3><p>Cookies k\u00f6nnen auch von Partnerunternehmen gesetzt werden (Cookies von Dritten). Der Zweck dieser Cookies besteht insbesondere darin, Ihre Interessenschwerpunkte durch die auf unserer Website konsultierten oder gekauften Produkte zu identifizieren und Navigationsdaten zu sammeln, um das an Sie gerichtete Werbeangebot au\u00dferhalb der Website zu personalisieren oder spezifische Ziele zu erreichen.<\/p><p>Cookies k\u00f6nnen auch von sozialen Netzwerken \u00fcber unsere Website auf Ihrem Endger\u00e4t gespeichert werden, wenn Sie Netzwerkschaltfl\u00e4chen (\"Facebook\", \"Pinterest\", \"Instagram\", \"Google +\" usw. ....) verwenden.<\/p><h3>3. Cookies, die von uns auf Websites platziert werden, auf denen unsere Werbung zu sehen ist<\/h3><p>Wenn Sie auf eine Website zugreifen, die eine unserer Anzeigen enth\u00e4lt, kann diese Anzeige ein Cookie enthalten. Dieses Cookie kann auf Ihrem Endger\u00e4t gespeichert werden und erm\u00f6glicht es uns, den Browser auf Ihrem Endger\u00e4t w\u00e4hrend der G\u00fcltigkeitsdauer des betreffenden Cookies zu erkennen.<\/p>\t\t\t\t\t\t\t\t<\/div>\n\t\t\t\t<\/div>\n\t\t\t\t\t<\/div>\n\t\t<\/div>\n\t\t\t\t\t<\/div>\n\t\t<\/section>\n\t\t\t\t<section class=\"elementor-section elementor-inner-section elementor-element elementor-element-82e8071 elementor-section-boxed elementor-section-height-default elementor-section-height-default\" data-id=\"82e8071\" data-element_type=\"section\" data-e-type=\"section\" data-settings=\"{&quot;jet_parallax_layout_list&quot;:[]}\">\n\t\t\t\t\t\t<div class=\"elementor-container elementor-column-gap-no\">\n\t\t\t\t\t<div class=\"elementor-column elementor-col-100 elementor-inner-column elementor-element elementor-element-ae95aaf\" data-id=\"ae95aaf\" data-element_type=\"column\" data-e-type=\"column\">\n\t\t\t<div class=\"elementor-widget-wrap elementor-element-populated\">\n\t\t\t\t\t\t<div class=\"elementor-element elementor-element-bec2a92 elementor-widget elementor-widget-text-editor\" data-id=\"bec2a92\" data-element_type=\"widget\" data-e-type=\"widget\" data-widget_type=\"text-editor.default\">\n\t\t\t\t<div class=\"elementor-widget-container\">\n\t\t\t\t\t\t\t\t\t<h2>Wie verwalten Sie Ihre Cookies?<\/h2>\t\t\t\t\t\t\t\t<\/div>\n\t\t\t\t<\/div>\n\t\t\t\t<div class=\"elementor-element elementor-element-061fd82 elementor-widget elementor-widget-text-editor\" data-id=\"061fd82\" data-element_type=\"widget\" data-e-type=\"widget\" data-widget_type=\"text-editor.default\">\n\t\t\t\t<div class=\"elementor-widget-container\">\n\t\t\t\t\t\t\t\t\t<p>Sie haben mehrere M\u00f6glichkeiten, Ihre Cookies zu verwalten. Jede Einstellung, die Sie vornehmen, wird wahrscheinlich Ihre Internetnavigation und Ihre Zugangsbedingungen zu bestimmten Diensten, die die Verwendung von Cookies erfordern, ver\u00e4ndern.<\/p><p>Sie haben jederzeit die M\u00f6glichkeit, Ihre W\u00fcnsche in Bezug auf Cookies zu \u00e4u\u00dfern und zu \u00e4ndern, und zwar mit den unten beschriebenen Mitteln.<\/p>\t\t\t\t\t\t\t\t<\/div>\n\t\t\t\t<\/div>\n\t\t\t\t\t<\/div>\n\t\t<\/div>\n\t\t\t\t\t<\/div>\n\t\t<\/section>\n\t\t\t\t<section class=\"elementor-section elementor-inner-section elementor-element elementor-element-2a0921d elementor-section-boxed elementor-section-height-default elementor-section-height-default\" data-id=\"2a0921d\" data-element_type=\"section\" data-e-type=\"section\" data-settings=\"{&quot;jet_parallax_layout_list&quot;:[]}\">\n\t\t\t\t\t\t<div class=\"elementor-container elementor-column-gap-no\">\n\t\t\t\t\t<div class=\"elementor-column elementor-col-100 elementor-inner-column elementor-element elementor-element-69acc50\" data-id=\"69acc50\" data-element_type=\"column\" data-e-type=\"column\">\n\t\t\t<div class=\"elementor-widget-wrap elementor-element-populated\">\n\t\t\t\t\t\t<div class=\"elementor-element elementor-element-eeee535 elementor-widget elementor-widget-text-editor\" data-id=\"eeee535\" data-element_type=\"widget\" data-e-type=\"widget\" data-widget_type=\"text-editor.default\">\n\t\t\t\t<div class=\"elementor-widget-container\">\n\t\t\t\t\t\t\t\t\t<h2>Die Auswahlm\u00f6glichkeiten, die Ihnen Ihre Navigationssoftware bietet<\/h2>\t\t\t\t\t\t\t\t<\/div>\n\t\t\t\t<\/div>\n\t\t\t\t<div class=\"elementor-element elementor-element-0604a70 elementor-widget elementor-widget-text-editor\" data-id=\"0604a70\" data-element_type=\"widget\" data-e-type=\"widget\" data-widget_type=\"text-editor.default\">\n\t\t\t\t<div class=\"elementor-widget-container\">\n\t\t\t\t\t\t\t\t\t<p>Sie k\u00f6nnen Ihre Browsersoftware so konfigurieren, dass Cookies auf Ihrem Ger\u00e4t gespeichert werden oder im Gegenteil, dass sie entweder systematisch oder je nach Sender abgelehnt werden. Sie k\u00f6nnen Ihre Browsersoftware auch so konfigurieren, dass Ihnen die Annahme oder Ablehnung von Cookies von Zeit zu Zeit angeboten wird, bevor ein Cookie auf Ihrem Ger\u00e4t gespeichert werden kann.<\/p><p>Wenn Sie in Ihrer Browsersoftware die Speicherung von Cookies auf Ihrem Ger\u00e4t akzeptiert haben, k\u00f6nnen die in den von Ihnen besuchten Seiten und Inhalten eingebetteten Cookies vor\u00fcbergehend in einem speziellen Bereich Ihres Ger\u00e4ts gespeichert werden. Sie k\u00f6nnen dort nur von ihrem Sender gelesen werden.<\/p><p>Wenn Sie sich weigern, die von uns gesetzten Cookies auf Ihrem Endger\u00e4t zu speichern, oder wenn Sie die von uns gespeicherten Cookies l\u00f6schen, k\u00f6nnen Sie bestimmte Funktionen nicht mehr nutzen, die jedoch notwendig sind, um in bestimmten Bereichen unserer Website zu navigieren. Dies w\u00e4re der Fall, wenn wir aus Gr\u00fcnden der technischen Kompatibilit\u00e4t den von Ihrem Endger\u00e4t verwendeten Browsertyp, seine Sprach- und Anzeigeeinstellungen oder das Land, von dem aus Ihr Endger\u00e4t mit dem Internet verbunden zu sein scheint, nicht erkennen k\u00f6nnten. Gegebenenfalls lehnen wir jede Verantwortung f\u00fcr die Folgen ab, die sich aus der Beeintr\u00e4chtigung des Funktionierens unserer Dienste ergeben, wenn es uns nicht m\u00f6glich ist, die f\u00fcr ihr Funktionieren erforderlichen Cookies, die Sie abgelehnt oder gel\u00f6scht haben, zu speichern oder abzufragen.<\/p><p>F\u00fcr die Verwaltung von Cookies und Ihre Wahlm\u00f6glichkeiten ist die Konfiguration jedes Browsers unterschiedlich. Sie wird im Hilfemen\u00fc Ihres Browsers beschrieben, in dem Sie herausfinden k\u00f6nnen, wie Sie Ihre Cookie-Einstellungen \u00e4ndern k\u00f6nnen.<\/p><ul><li>Mit dem Browser Internet Explorer: \u00d6ffnen Sie das Men\u00fc \"Extras\", w\u00e4hlen Sie den Abschnitt \"Internetoptionen\", klicken Sie auf die Registerkarte \"Sicherheit\" und dann auf \"Stufe anpassen\".<\/li><li>Mit dem Mozilla-Browser: \u00d6ffnen Sie das Men\u00fc \"Extras\", w\u00e4hlen Sie den Abschnitt \"Optionen\" und klicken Sie auf die Registerkarte \"Datenschutz\".<\/li><li>Mit dem Chrome-Browser: \u00d6ffnen Sie das Men\u00fc \"Extras\", w\u00e4hlen Sie den Punkt \"Optionen\", klicken Sie auf die Registerkarte \"Erweiterte Optionen\", dann auf die Schaltfl\u00e4che \"Inhaltseinstellungen\" und auf die Registerkarte \"Cookies\".<\/li><li>Mit dem Safari-Browser: \u00d6ffnen Sie das Men\u00fc \"Extras\", w\u00e4hlen Sie den Punkt \"Einstellungen\" und klicken Sie auf die Registerkarte \"Sicherheit\".<\/li><li>Mit dem Opera-Browser: \u00d6ffnen Sie das Men\u00fc \"Extras\", w\u00e4hlen Sie die Rubrik \"Einstellungen\" und klicken Sie auf die Registerkarte \"Cookies\".<\/li><\/ul><h2>Ihre Entscheidungen online auf interprofessionellen Plattformen ausgedr\u00fcckt<\/h2><p>Sie k\u00f6nnen sich mit der Website Youronlinechoices verbinden, die von Fachleuten f\u00fcr digitale Werbung vorgeschlagen wurde, die in der europ\u00e4ischen Vereinigung EDAA (European Digital Advertising Alliance) zusammengeschlossen sind und in Frankreich vom Interactive Advertising Bureau France verwaltet wird.<\/p><p>Auf diese Weise k\u00f6nnen Sie herausfinden, welche Unternehmen auf dieser Plattform registriert sind und welche Ihnen die M\u00f6glichkeit bieten, die Cookies abzulehnen oder zu akzeptieren, die von diesen Unternehmen verwendet werden, um die Werbung, die auf Ihrem Endger\u00e4t angezeigt werden kann, an Ihre Browsing-Informationen anzupassen: http:\/\/www.youronlinechoices.com\/fr\/controler-ses-cookies\/.<\/p><p>Diese europ\u00e4ische Plattform wird von Hunderten von Internet-Werbefachleuten gemeinsam genutzt und stellt eine zentrale Schnittstelle dar, die es Ihnen erm\u00f6glicht, Ihre Ablehnung oder Akzeptanz von Cookies zum Ausdruck zu bringen, die zur Anpassung der auf Ihrem Ger\u00e4t angezeigten Werbung an Ihre Browsing-Informationen verwendet werden k\u00f6nnen.<\/p><p>Beachten Sie, dass dieses Verfahren die Anzeige von Werbung auf den von Ihnen besuchten Websites nicht verhindert. Es werden lediglich Technologien blockiert, die es erm\u00f6glichen, die Werbung auf Ihre Interessen zuzuschneiden.<\/p>\t\t\t\t\t\t\t\t<\/div>\n\t\t\t\t<\/div>\n\t\t\t\t\t<\/div>\n\t\t<\/div>\n\t\t\t\t\t<\/div>\n\t\t<\/section>\n\t\t\t\t\t<\/div>\n\t\t<\/div>\n\t\t\t\t\t<\/div>\n\t\t<\/section>\n\t\t\t\t<\/div>","protected":false},"excerpt":{"rendered":"<p>Privacy&nbsp; Privacy&nbsp; What is a cookie? A cookie is a small text file in alphanumeric format deposited on the hard disk of the Internet user by the server of the site visited or by a third party server (advertising network, web analytics service, etc\u2026). A cookie makes it possible to recognize a visitor when he [&hellip;]<\/p>\n","protected":false},"author":2,"featured_media":0,"parent":0,"menu_order":0,"comment_status":"closed","ping_status":"closed","template":"elementor_header_footer","meta":{"footnotes":""},"class_list":["post-832","page","type-page","status-publish","hentry"],"yoast_head":"<!-- This site is optimized with the Yoast SEO plugin v27.5 - https:\/\/yoast.com\/product\/yoast-seo-wordpress\/ -->\n<title>Privacy - Privio<\/title>\n<meta name=\"robots\" content=\"index, follow, max-snippet:-1, max-image-preview:large, max-video-preview:-1\" \/>\n<link rel=\"canonical\" href=\"https:\/\/www.privio.com\/de\/privacy\/\" \/>\n<meta property=\"og:locale\" content=\"de_DE\" \/>\n<meta property=\"og:type\" content=\"article\" \/>\n<meta property=\"og:title\" content=\"Privacy - Privio\" \/>\n<meta property=\"og:description\" content=\"Privacy&nbsp; Privacy&nbsp; What is a cookie? A cookie is a small text file in alphanumeric format deposited on the hard disk of the Internet user by the server of the site visited or by a third party server (advertising network, web analytics service, etc\u2026). A cookie makes it possible to recognize a visitor when he [&hellip;]\" \/>\n<meta property=\"og:url\" content=\"https:\/\/www.privio.com\/de\/privacy\/\" \/>\n<meta property=\"og:site_name\" content=\"Privio\" \/>\n<meta property=\"article:modified_time\" content=\"2022-04-05T15:14:57+00:00\" \/>\n<meta name=\"twitter:card\" content=\"summary_large_image\" \/>\n<meta name=\"twitter:label1\" content=\"Gesch\u00e4tzte Lesezeit\" \/>\n\t<meta name=\"twitter:data1\" content=\"6\u00a0Minuten\" \/>\n<script type=\"application\/ld+json\" class=\"yoast-schema-graph\">{\"@context\":\"https:\\\/\\\/schema.org\",\"@graph\":[{\"@type\":\"WebPage\",\"@id\":\"https:\\\/\\\/www.privio.com\\\/privacy\\\/\",\"url\":\"https:\\\/\\\/www.privio.com\\\/privacy\\\/\",\"name\":\"Privacy - Privio\",\"isPartOf\":{\"@id\":\"https:\\\/\\\/www.privio.com\\\/#website\"},\"datePublished\":\"2022-03-31T16:45:22+00:00\",\"dateModified\":\"2022-04-05T15:14:57+00:00\",\"breadcrumb\":{\"@id\":\"https:\\\/\\\/www.privio.com\\\/privacy\\\/#breadcrumb\"},\"inLanguage\":\"de\",\"potentialAction\":[{\"@type\":\"ReadAction\",\"target\":[\"https:\\\/\\\/www.privio.com\\\/privacy\\\/\"]}]},{\"@type\":\"BreadcrumbList\",\"@id\":\"https:\\\/\\\/www.privio.com\\\/privacy\\\/#breadcrumb\",\"itemListElement\":[{\"@type\":\"ListItem\",\"position\":1,\"name\":\"Home\",\"item\":\"https:\\\/\\\/www.privio.com\\\/\"},{\"@type\":\"ListItem\",\"position\":2,\"name\":\"Privacy\"}]},{\"@type\":\"WebSite\",\"@id\":\"https:\\\/\\\/www.privio.com\\\/#website\",\"url\":\"https:\\\/\\\/www.privio.com\\\/\",\"name\":\"Privio\",\"description\":\"Privio is your own platform where you can share your films privately and securely\",\"publisher\":{\"@id\":\"https:\\\/\\\/www.privio.com\\\/#organization\"},\"potentialAction\":[{\"@type\":\"SearchAction\",\"target\":{\"@type\":\"EntryPoint\",\"urlTemplate\":\"https:\\\/\\\/www.privio.com\\\/?s={search_term_string}\"},\"query-input\":{\"@type\":\"PropertyValueSpecification\",\"valueRequired\":true,\"valueName\":\"search_term_string\"}}],\"inLanguage\":\"de\"},{\"@type\":\"Organization\",\"@id\":\"https:\\\/\\\/www.privio.com\\\/#organization\",\"name\":\"Privio\",\"url\":\"https:\\\/\\\/www.privio.com\\\/\",\"logo\":{\"@type\":\"ImageObject\",\"inLanguage\":\"de\",\"@id\":\"https:\\\/\\\/www.privio.com\\\/#\\\/schema\\\/logo\\\/image\\\/\",\"url\":\"https:\\\/\\\/www.privio.com\\\/wp-content\\\/uploads\\\/2022\\\/05\\\/privio.png\",\"contentUrl\":\"https:\\\/\\\/www.privio.com\\\/wp-content\\\/uploads\\\/2022\\\/05\\\/privio.png\",\"width\":157,\"height\":52,\"caption\":\"Privio\"},\"image\":{\"@id\":\"https:\\\/\\\/www.privio.com\\\/#\\\/schema\\\/logo\\\/image\\\/\"}}]}<\/script>\n<!-- \/ Yoast SEO plugin. -->","yoast_head_json":{"title":"Privacy - Privio","robots":{"index":"index","follow":"follow","max-snippet":"max-snippet:-1","max-image-preview":"max-image-preview:large","max-video-preview":"max-video-preview:-1"},"canonical":"https:\/\/www.privio.com\/de\/privacy\/","og_locale":"de_DE","og_type":"article","og_title":"Privacy - Privio","og_description":"Privacy&nbsp; Privacy&nbsp; What is a cookie? A cookie is a small text file in alphanumeric format deposited on the hard disk of the Internet user by the server of the site visited or by a third party server (advertising network, web analytics service, etc\u2026). A cookie makes it possible to recognize a visitor when he [&hellip;]","og_url":"https:\/\/www.privio.com\/de\/privacy\/","og_site_name":"Privio","article_modified_time":"2022-04-05T15:14:57+00:00","twitter_card":"summary_large_image","twitter_misc":{"Gesch\u00e4tzte Lesezeit":"6\u00a0Minuten"},"schema":{"@context":"https:\/\/schema.org","@graph":[{"@type":"WebPage","@id":"https:\/\/www.privio.com\/privacy\/","url":"https:\/\/www.privio.com\/privacy\/","name":"Privacy - Privio","isPartOf":{"@id":"https:\/\/www.privio.com\/#website"},"datePublished":"2022-03-31T16:45:22+00:00","dateModified":"2022-04-05T15:14:57+00:00","breadcrumb":{"@id":"https:\/\/www.privio.com\/privacy\/#breadcrumb"},"inLanguage":"de","potentialAction":[{"@type":"ReadAction","target":["https:\/\/www.privio.com\/privacy\/"]}]},{"@type":"BreadcrumbList","@id":"https:\/\/www.privio.com\/privacy\/#breadcrumb","itemListElement":[{"@type":"ListItem","position":1,"name":"Home","item":"https:\/\/www.privio.com\/"},{"@type":"ListItem","position":2,"name":"Privacy"}]},{"@type":"WebSite","@id":"https:\/\/www.privio.com\/#website","url":"https:\/\/www.privio.com\/","name":"Privio","description":"Privio ist Ihre eigene Plattform, auf der Sie Ihre Filme privat und sicher teilen k\u00f6nnen","publisher":{"@id":"https:\/\/www.privio.com\/#organization"},"potentialAction":[{"@type":"SearchAction","target":{"@type":"EntryPoint","urlTemplate":"https:\/\/www.privio.com\/?s={search_term_string}"},"query-input":{"@type":"PropertyValueSpecification","valueRequired":true,"valueName":"search_term_string"}}],"inLanguage":"de"},{"@type":"Organization","@id":"https:\/\/www.privio.com\/#organization","name":"Privio","url":"https:\/\/www.privio.com\/","logo":{"@type":"ImageObject","inLanguage":"de","@id":"https:\/\/www.privio.com\/#\/schema\/logo\/image\/","url":"https:\/\/www.privio.com\/wp-content\/uploads\/2022\/05\/privio.png","contentUrl":"https:\/\/www.privio.com\/wp-content\/uploads\/2022\/05\/privio.png","width":157,"height":52,"caption":"Privio"},"image":{"@id":"https:\/\/www.privio.com\/#\/schema\/logo\/image\/"}}]}},"_links":{"self":[{"href":"https:\/\/www.privio.com\/de\/wp-json\/wp\/v2\/pages\/832","targetHints":{"allow":["GET"]}}],"collection":[{"href":"https:\/\/www.privio.com\/de\/wp-json\/wp\/v2\/pages"}],"about":[{"href":"https:\/\/www.privio.com\/de\/wp-json\/wp\/v2\/types\/page"}],"author":[{"embeddable":true,"href":"https:\/\/www.privio.com\/de\/wp-json\/wp\/v2\/users\/2"}],"replies":[{"embeddable":true,"href":"https:\/\/www.privio.com\/de\/wp-json\/wp\/v2\/comments?post=832"}],"version-history":[{"count":16,"href":"https:\/\/www.privio.com\/de\/wp-json\/wp\/v2\/pages\/832\/revisions"}],"predecessor-version":[{"id":1722,"href":"https:\/\/www.privio.com\/de\/wp-json\/wp\/v2\/pages\/832\/revisions\/1722"}],"wp:attachment":[{"href":"https:\/\/www.privio.com\/de\/wp-json\/wp\/v2\/media?parent=832"}],"curies":[{"name":"wp","href":"https:\/\/api.w.org\/{rel}","templated":true}]}}