{"id":823,"date":"2022-03-31T16:39:31","date_gmt":"2022-03-31T16:39:31","guid":{"rendered":"https:\/\/www.privio.eu\/?page_id=823"},"modified":"2024-06-26T07:35:11","modified_gmt":"2024-06-26T07:35:11","slug":"gdpr","status":"publish","type":"page","link":"https:\/\/www.privio.com\/de\/gdpr\/","title":{"rendered":"GDPR"},"content":{"rendered":"<div data-elementor-type=\"wp-page\" data-elementor-id=\"823\" class=\"elementor elementor-823\" data-elementor-post-type=\"page\">\n\t\t\t\t\t\t<section class=\"elementor-section elementor-top-section elementor-element elementor-element-381306d elementor-section-boxed elementor-section-height-default elementor-section-height-default\" data-id=\"381306d\" data-element_type=\"section\" data-e-type=\"section\" data-settings=\"{&quot;jet_parallax_layout_list&quot;:[]}\">\n\t\t\t\t\t\t<div class=\"elementor-container elementor-column-gap-no\">\n\t\t\t\t\t<div class=\"elementor-column elementor-col-100 elementor-top-column elementor-element elementor-element-e3fcfb2\" data-id=\"e3fcfb2\" data-element_type=\"column\" data-e-type=\"column\">\n\t\t\t<div class=\"elementor-widget-wrap elementor-element-populated\">\n\t\t\t\t\t\t<div class=\"elementor-element elementor-element-2646c1f elementor-widget elementor-widget-jet-headline\" data-id=\"2646c1f\" data-element_type=\"widget\" data-e-type=\"widget\" data-widget_type=\"jet-headline.default\">\n\t\t\t\t<div class=\"elementor-widget-container\">\n\t\t\t\t\t<h1 class=\"jet-headline jet-headline--direction-horizontal\"><span class=\"jet-headline__part jet-headline__first headline__part--image-text\"><span class=\"jet-headline__label\">GDPR<\/span><\/span><span class=\"jet-headline__space\">&nbsp;<\/span><\/h1>\t\t\t\t<\/div>\n\t\t\t\t<\/div>\n\t\t\t\t<div class=\"elementor-element elementor-element-94ac7ca elementor-absolute elementor-widget__width-auto elementor-hidden-tablet elementor-hidden-mobile elementor-invisible elementor-widget elementor-widget-jet-headline\" data-id=\"94ac7ca\" data-element_type=\"widget\" data-e-type=\"widget\" data-settings=\"{&quot;_position&quot;:&quot;absolute&quot;,&quot;_animation&quot;:&quot;flash&quot;}\" data-widget_type=\"jet-headline.default\">\n\t\t\t\t<div class=\"elementor-widget-container\">\n\t\t\t\t\t<h2 class=\"jet-headline jet-headline--direction-horizontal\"><span class=\"jet-headline__part jet-headline__first headline__part--image-text\"><span class=\"jet-headline__label\">GPDR<\/span><\/span><span class=\"jet-headline__space\">&nbsp;<\/span><\/h2>\t\t\t\t<\/div>\n\t\t\t\t<\/div>\n\t\t\t\t<section class=\"elementor-section elementor-inner-section elementor-element elementor-element-efe71cb elementor-section-boxed elementor-section-height-default elementor-section-height-default\" data-id=\"efe71cb\" data-element_type=\"section\" data-e-type=\"section\" data-settings=\"{&quot;jet_parallax_layout_list&quot;:[]}\">\n\t\t\t\t\t\t<div class=\"elementor-container elementor-column-gap-no\">\n\t\t\t\t\t<div class=\"elementor-column elementor-col-100 elementor-inner-column elementor-element elementor-element-b7dd839\" data-id=\"b7dd839\" data-element_type=\"column\" data-e-type=\"column\">\n\t\t\t<div class=\"elementor-widget-wrap elementor-element-populated\">\n\t\t\t\t\t\t<div class=\"elementor-element elementor-element-cd48212 elementor-widget elementor-widget-text-editor\" data-id=\"cd48212\" data-element_type=\"widget\" data-e-type=\"widget\" data-widget_type=\"text-editor.default\">\n\t\t\t\t<div class=\"elementor-widget-container\">\n\t\t\t\t\t\t\t\t\t<h1>Datenschutzbestimmungen<\/h1>\t\t\t\t\t\t\t\t<\/div>\n\t\t\t\t<\/div>\n\t\t\t\t<div class=\"elementor-element elementor-element-d4a7a55 elementor-widget elementor-widget-text-editor\" data-id=\"d4a7a55\" data-element_type=\"widget\" data-e-type=\"widget\" data-widget_type=\"text-editor.default\">\n\t\t\t\t<div class=\"elementor-widget-container\">\n\t\t\t\t\t\t\t\t\t<p>Datum des Inkrafttretens: Juni 13, 2019<\/p><p>PRIVIO (\"wir\", \"wir\" oder \"unser\") betreibt die Website https:\/\/www.privio.com (im Folgenden als \"Service\" bezeichnet).<\/p><p>Diese Seite informiert Sie \u00fcber unsere Richtlinien bez\u00fcglich der Erfassung, Verwendung und Weitergabe von pers\u00f6nlichen Daten, wenn Sie unseren Service nutzen, und \u00fcber die Wahlm\u00f6glichkeiten, die Sie in Bezug auf diese Daten haben.<\/p><p>Wir verwenden Ihre Daten zur Bereitstellung und Verbesserung des Dienstes. Durch die Nutzung des Dienstes erkl\u00e4ren Sie sich mit der Erfassung und Verwendung von Daten in \u00dcbereinstimmung mit dieser Richtlinie einverstanden. Sofern in dieser Datenschutzrichtlinie nicht anders definiert, haben die in dieser Datenschutzrichtlinie verwendeten Begriffe dieselbe Bedeutung wie in unseren Allgemeinen Gesch\u00e4ftsbedingungen, die unter https:\/\/www.privio.com abrufbar sind.<\/p>\t\t\t\t\t\t\t\t<\/div>\n\t\t\t\t<\/div>\n\t\t\t\t\t<\/div>\n\t\t<\/div>\n\t\t\t\t\t<\/div>\n\t\t<\/section>\n\t\t\t\t<section class=\"elementor-section elementor-inner-section elementor-element elementor-element-cc25b9a elementor-section-boxed elementor-section-height-default elementor-section-height-default\" data-id=\"cc25b9a\" data-element_type=\"section\" data-e-type=\"section\" data-settings=\"{&quot;jet_parallax_layout_list&quot;:[]}\">\n\t\t\t\t\t\t<div class=\"elementor-container elementor-column-gap-no\">\n\t\t\t\t\t<div class=\"elementor-column elementor-col-100 elementor-inner-column elementor-element elementor-element-ba004d4\" data-id=\"ba004d4\" data-element_type=\"column\" data-e-type=\"column\">\n\t\t\t<div class=\"elementor-widget-wrap elementor-element-populated\">\n\t\t\t\t\t\t<div class=\"elementor-element elementor-element-7a6cde1 elementor-widget elementor-widget-text-editor\" data-id=\"7a6cde1\" data-element_type=\"widget\" data-e-type=\"widget\" data-widget_type=\"text-editor.default\">\n\t\t\t\t<div class=\"elementor-widget-container\">\n\t\t\t\t\t\t\t\t\t<h2>Definitionen<\/h2>\t\t\t\t\t\t\t\t<\/div>\n\t\t\t\t<\/div>\n\t\t\t\t<div class=\"elementor-element elementor-element-309539e elementor-widget elementor-widget-text-editor\" data-id=\"309539e\" data-element_type=\"widget\" data-e-type=\"widget\" data-widget_type=\"text-editor.default\">\n\t\t\t\t<div class=\"elementor-widget-container\">\n\t\t\t\t\t\t\t\t\t<p><strong>Dienst<\/strong>\u00a0Dienst ist die von PRIVIO betriebene Website https:\/\/www.privio.com<\/p><p><strong>Pers\u00f6nliche Daten<\/strong>\u00a0Personenbezogene Daten sind Daten \u00fcber eine lebende Person, die anhand dieser Daten (oder anhand dieser und anderer Informationen, die sich entweder in unserem Besitz befinden oder in unseren Besitz gelangen k\u00f6nnen) identifiziert werden kann.<\/p><p><strong>Verwendungsdaten<\/strong>\u00a0Nutzungsdaten sind Daten, die automatisch entweder durch die Nutzung des Dienstes oder durch die Infrastruktur des Dienstes selbst (z. B. die Dauer eines Seitenbesuchs) erhoben werden.<\/p><p><strong>Cookies<\/strong>\u00a0Cookies sind kleine Dateien, die auf Ihrem Ger\u00e4t (Computer oder Mobilger\u00e4t) gespeichert werden.<\/p>\t\t\t\t\t\t\t\t<\/div>\n\t\t\t\t<\/div>\n\t\t\t\t\t<\/div>\n\t\t<\/div>\n\t\t\t\t\t<\/div>\n\t\t<\/section>\n\t\t\t\t<section class=\"elementor-section elementor-inner-section elementor-element elementor-element-0bf2dc8 elementor-section-boxed elementor-section-height-default elementor-section-height-default\" data-id=\"0bf2dc8\" data-element_type=\"section\" data-e-type=\"section\" data-settings=\"{&quot;jet_parallax_layout_list&quot;:[]}\">\n\t\t\t\t\t\t<div class=\"elementor-container elementor-column-gap-no\">\n\t\t\t\t\t<div class=\"elementor-column elementor-col-100 elementor-inner-column elementor-element elementor-element-8900c36\" data-id=\"8900c36\" data-element_type=\"column\" data-e-type=\"column\">\n\t\t\t<div class=\"elementor-widget-wrap elementor-element-populated\">\n\t\t\t\t\t\t<div class=\"elementor-element elementor-element-824dcc0 elementor-widget elementor-widget-text-editor\" data-id=\"824dcc0\" data-element_type=\"widget\" data-e-type=\"widget\" data-widget_type=\"text-editor.default\">\n\t\t\t\t<div class=\"elementor-widget-container\">\n\t\t\t\t\t\t\t\t\t<h2>Sammlung und Verwendung von Informationen<\/h2>\t\t\t\t\t\t\t\t<\/div>\n\t\t\t\t<\/div>\n\t\t\t\t<div class=\"elementor-element elementor-element-4b12e28 elementor-widget elementor-widget-text-editor\" data-id=\"4b12e28\" data-element_type=\"widget\" data-e-type=\"widget\" data-widget_type=\"text-editor.default\">\n\t\t\t\t<div class=\"elementor-widget-container\">\n\t\t\t\t\t\t\t\t\t<p>Wir sammeln verschiedene Arten von Informationen zu unterschiedlichen Zwecken, um unseren Service f\u00fcr Sie bereitzustellen und zu verbessern.<\/p>\t\t\t\t\t\t\t\t<\/div>\n\t\t\t\t<\/div>\n\t\t\t\t\t<\/div>\n\t\t<\/div>\n\t\t\t\t\t<\/div>\n\t\t<\/section>\n\t\t\t\t<section class=\"elementor-section elementor-inner-section elementor-element elementor-element-effbab4 elementor-section-boxed elementor-section-height-default elementor-section-height-default\" data-id=\"effbab4\" data-element_type=\"section\" data-e-type=\"section\" data-settings=\"{&quot;jet_parallax_layout_list&quot;:[]}\">\n\t\t\t\t\t\t<div class=\"elementor-container elementor-column-gap-no\">\n\t\t\t\t\t<div class=\"elementor-column elementor-col-100 elementor-inner-column elementor-element elementor-element-eff61ab\" data-id=\"eff61ab\" data-element_type=\"column\" data-e-type=\"column\">\n\t\t\t<div class=\"elementor-widget-wrap elementor-element-populated\">\n\t\t\t\t\t\t<div class=\"elementor-element elementor-element-aab9e35 elementor-widget elementor-widget-text-editor\" data-id=\"aab9e35\" data-element_type=\"widget\" data-e-type=\"widget\" data-widget_type=\"text-editor.default\">\n\t\t\t\t<div class=\"elementor-widget-container\">\n\t\t\t\t\t\t\t\t\t<h3>Arten von gesammelten Daten<\/h3>\t\t\t\t\t\t\t\t<\/div>\n\t\t\t\t<\/div>\n\t\t\t\t<div class=\"elementor-element elementor-element-109782a elementor-widget elementor-widget-text-editor\" data-id=\"109782a\" data-element_type=\"widget\" data-e-type=\"widget\" data-widget_type=\"text-editor.default\">\n\t\t\t\t<div class=\"elementor-widget-container\">\n\t\t\t\t\t\t\t\t\t<h4>Pers\u00f6nliche Daten<\/h4><p>Bei der Nutzung unseres Dienstes k\u00f6nnen wir Sie bitten, uns bestimmte personenbezogene Daten mitzuteilen, die dazu verwendet werden k\u00f6nnen, Sie zu kontaktieren oder zu identifizieren (\"personenbezogene Daten\"). Pers\u00f6nlich identifizierbare Daten k\u00f6nnen unter anderem sein:<\/p><ul><li>E-Mail Adresse<\/li><li>Vorname und Nachname<\/li><li>Rufnummer<\/li><li>Cookies und Nutzungsdaten<\/li><\/ul><h4>Verwendungsdaten<\/h4><p>Wir k\u00f6nnen auch Informationen dar\u00fcber sammeln, wie auf den Dienst zugegriffen wird und wie er genutzt wird (\"Nutzungsdaten\"). Diese Nutzungsdaten k\u00f6nnen Informationen wie die Internetprotokolladresse Ihres Computers (z. B. IP-Adresse), den Browsertyp, die Browserversion, die von Ihnen besuchten Seiten unseres Dienstes, die Uhrzeit und das Datum Ihres Besuchs, die auf diesen Seiten verbrachte Zeit, eindeutige Ger\u00e4tekennungen und andere Diagnosedaten umfassen.<\/p><h4>Tracking &amp; Cookies Daten<\/h4><p>Wir verwenden Cookies und \u00e4hnliche Tracking-Technologien, um die Aktivit\u00e4ten auf unserem Service zu verfolgen, und wir speichern bestimmte Informationen.<\/p><p>Cookies sind Dateien mit einer kleinen Menge von Daten, die eine anonyme eindeutige Kennung enthalten k\u00f6nnen. Cookies werden von einer Website an Ihren Browser gesendet und auf Ihrem Ger\u00e4t gespeichert. Es werden auch andere Tracking-Technologien wie Beacons, Tags und Skripte verwendet, um Informationen zu sammeln und zu verfolgen und um unseren Dienst zu verbessern und zu analysieren.<\/p><p>Sie k\u00f6nnen Ihren Browser so einstellen, dass alle Cookies abgelehnt werden oder dass er anzeigt, wenn ein Cookie gesendet wird. Wenn Sie jedoch keine Cookies akzeptieren, k\u00f6nnen Sie m\u00f6glicherweise einige Teile unseres Dienstes nicht nutzen.<\/p><p>Beispiele f\u00fcr von uns verwendete Cookies:<\/p><ul><li><strong>Sitzungs-Cookies.<\/strong>\u00a0Wir verwenden Sitzungs-Cookies, um unseren Dienst zu betreiben.<\/li><li><strong>Pr\u00e4ferenz-Cookies.<\/strong>\u00a0Wir verwenden Pr\u00e4ferenz-Cookies, um Ihre Pr\u00e4ferenzen und verschiedene Einstellungen zu speichern.<\/li><li><strong>Sicherheits-Cookies.<\/strong>\u00a0Wir verwenden Sicherheits-Cookies f\u00fcr Sicherheitszwecke.<\/li><\/ul><h2>Verwendung von Daten<\/h2><p>PRIVIO verwendet die gesammelten Daten f\u00fcr verschiedene Zwecke:<\/p><ul><li>Zur Bereitstellung und Aufrechterhaltung unseres Dienstes<\/li><li>Um Sie \u00fcber \u00c4nderungen an unserem Service zu informieren<\/li><li>Um Ihnen die Teilnahme an interaktiven Funktionen unseres Dienstes zu erm\u00f6glichen, wenn Sie dies w\u00fcnschen<\/li><li>Kundenunterst\u00fctzung bieten<\/li><li>Um Analysen oder wertvolle Informationen zu sammeln, damit wir unseren Service verbessern k\u00f6nnen<\/li><li>Um die Nutzung unseres Dienstes zu \u00fcberwachen<\/li><li>Erkennen, Vorbeugen und Beheben technischer Probleme<\/li><\/ul><h2>\u00dcbertragung von Daten<\/h2><p>Ihre Informationen, einschlie\u00dflich personenbezogener Daten, k\u00f6nnen an Computer au\u00dferhalb Ihres Staates, Ihrer Provinz, Ihres Landes oder anderer staatlicher Zust\u00e4ndigkeitsbereiche, in denen die Datenschutzgesetze von denen Ihres Zust\u00e4ndigkeitsbereichs abweichen k\u00f6nnen, \u00fcbertragen und dort gespeichert werden.<\/p><p>Wenn Sie sich au\u00dferhalb Frankreichs befinden und sich daf\u00fcr entscheiden, uns Informationen zu \u00fcbermitteln, beachten Sie bitte, dass wir die Daten, einschlie\u00dflich personenbezogener Daten, nach Frankreich \u00fcbermitteln und sie dort verarbeiten.<\/p><p>Mit Ihrer Zustimmung zu dieser Datenschutzrichtlinie und der anschlie\u00dfenden \u00dcbermittlung solcher Informationen erkl\u00e4ren Sie sich mit dieser \u00dcbertragung einverstanden.<\/p><p>PRIVIO wird alle angemessenen Schritte unternehmen, um sicherzustellen, dass Ihre Daten sicher und in \u00dcbereinstimmung mit dieser Datenschutzrichtlinie behandelt werden, und es wird keine \u00dcbermittlung Ihrer pers\u00f6nlichen Daten an eine Organisation oder ein Land stattfinden, wenn nicht angemessene Kontrollen vorhanden sind, die die Sicherheit Ihrer Daten und anderer pers\u00f6nlicher Informationen einschlie\u00dfen.<\/p><h2>Offenlegung von Daten<\/h2>\t\t\t\t\t\t\t\t<\/div>\n\t\t\t\t<\/div>\n\t\t\t\t\t<\/div>\n\t\t<\/div>\n\t\t\t\t\t<\/div>\n\t\t<\/section>\n\t\t\t\t<section class=\"elementor-section elementor-inner-section elementor-element elementor-element-fb09143 elementor-section-boxed elementor-section-height-default elementor-section-height-default\" data-id=\"fb09143\" data-element_type=\"section\" data-e-type=\"section\" data-settings=\"{&quot;jet_parallax_layout_list&quot;:[]}\">\n\t\t\t\t\t\t<div class=\"elementor-container elementor-column-gap-no\">\n\t\t\t\t\t<div class=\"elementor-column elementor-col-100 elementor-inner-column elementor-element elementor-element-d116e5b\" data-id=\"d116e5b\" data-element_type=\"column\" data-e-type=\"column\">\n\t\t\t<div class=\"elementor-widget-wrap elementor-element-populated\">\n\t\t\t\t\t\t<div class=\"elementor-element elementor-element-511384f elementor-widget elementor-widget-text-editor\" data-id=\"511384f\" data-element_type=\"widget\" data-e-type=\"widget\" data-widget_type=\"text-editor.default\">\n\t\t\t\t<div class=\"elementor-widget-container\">\n\t\t\t\t\t\t\t\t\t<h3>Rechtliche Anforderungen<\/h3>\t\t\t\t\t\t\t\t<\/div>\n\t\t\t\t<\/div>\n\t\t\t\t<div class=\"elementor-element elementor-element-8aadec1 elementor-widget elementor-widget-text-editor\" data-id=\"8aadec1\" data-element_type=\"widget\" data-e-type=\"widget\" data-widget_type=\"text-editor.default\">\n\t\t\t\t<div class=\"elementor-widget-container\">\n\t\t\t\t\t\t\t\t\t<p>PRIVIO kann Ihre pers\u00f6nlichen Daten in gutem Glauben offenlegen, dass dies notwendig ist, um:<\/p><ul><li>Um einer gesetzlichen Verpflichtung nachzukommen<\/li><li>Zum Schutz und zur Verteidigung der Rechte und des Eigentums von PRIVIO<\/li><li>Um m\u00f6gliches Fehlverhalten im Zusammenhang mit dem Dienst zu verhindern oder zu untersuchen<\/li><li>Zum Schutz der pers\u00f6nlichen Sicherheit von Nutzern des Dienstes oder der \u00d6ffentlichkeit<\/li><li>Zum Schutz vor rechtlicher Haftung<\/li><\/ul><h2>Sicherheit der Daten<\/h2><p>Die Sicherheit Ihrer Daten ist uns wichtig, aber denken Sie daran, dass keine Methode der \u00dcbertragung \u00fcber das Internet oder der elektronischen Speicherung 100% sicher ist. Obwohl wir uns bem\u00fchen, kommerziell annehmbare Mittel zum Schutz Ihrer pers\u00f6nlichen Daten einzusetzen, k\u00f6nnen wir deren absolute Sicherheit nicht garantieren.<\/p><h2>Anbieter von Dienstleistungen<\/h2><p>Wir k\u00f6nnen Drittunternehmen und Einzelpersonen damit beauftragen, unseren Dienst zu erleichtern (\"Dienstanbieter\"), den Dienst in unserem Namen bereitzustellen, dienstbezogene Dienstleistungen zu erbringen oder uns bei der Analyse der Nutzung unseres Dienstes zu unterst\u00fctzen.<\/p><p>Diese Dritten haben nur Zugang zu Ihren pers\u00f6nlichen Daten, um diese Aufgaben in unserem Auftrag zu erf\u00fcllen, und sind verpflichtet, sie nicht weiterzugeben oder f\u00fcr andere Zwecke zu verwenden.<\/p><h2>Links zu anderen Seiten<\/h2><p>Unser Service kann Links zu anderen Websites enthalten, die nicht von uns betrieben werden. Wenn Sie auf einen Link einer dritten Partei klicken, werden Sie auf die Seite dieser dritten Partei weitergeleitet. Wir empfehlen Ihnen dringend, die Datenschutzrichtlinien jeder Seite, die Sie besuchen, zu lesen.<\/p><p>Wir haben keine Kontrolle \u00fcber und \u00fcbernehmen keine Verantwortung f\u00fcr den Inhalt, die Datenschutzrichtlinien oder Praktiken von Websites oder Diensten Dritter.<\/p><h2>Datenschutz f\u00fcr Kinder<\/h2><p>Unser Service richtet sich nicht an Personen unter 18 Jahren (\"Kinder\").<\/p><p>Wir sammeln nicht wissentlich personenbezogene Daten von Personen unter 18 Jahren. Wenn Sie ein Elternteil oder Erziehungsberechtigter sind und wissen, dass Ihr Kind uns personenbezogene Daten zur Verf\u00fcgung gestellt hat, kontaktieren Sie uns bitte. Wenn wir feststellen, dass wir personenbezogene Daten von Kindern ohne \u00dcberpr\u00fcfung der elterlichen Zustimmung erfasst haben, ergreifen wir Ma\u00dfnahmen, um diese Daten von unseren Servern zu entfernen.<\/p><h2>\u00c4nderungen an dieser Datenschutzrichtlinie<\/h2><p>Wir k\u00f6nnen unsere Datenschutzrichtlinie von Zeit zu Zeit aktualisieren. Wir werden Sie \u00fcber alle \u00c4nderungen informieren, indem wir die neue Datenschutzrichtlinie auf dieser Seite ver\u00f6ffentlichen.<\/p><p>Wir werden Sie per E-Mail und\/oder durch einen auff\u00e4lligen Hinweis in unserem Service informieren, bevor die \u00c4nderung in Kraft tritt, und das \"Datum des Inkrafttretens\" oben in dieser Datenschutzrichtlinie aktualisieren.<\/p><p>Wir empfehlen Ihnen, diese Datenschutzrichtlinie regelm\u00e4\u00dfig auf \u00c4nderungen zu \u00fcberpr\u00fcfen. \u00c4nderungen an dieser Datenschutzrichtlinie werden wirksam, wenn sie auf dieser Seite ver\u00f6ffentlicht werden.<\/p><h2>Kontakt<\/h2><p>Wenn Sie Fragen zu dieser Datenschutzrichtlinie haben, wenden Sie sich bitte an uns: Per E-Mail:\u00a0<a href=\"mailto:gpdr@privio.com\">gdpr@privio.com<\/a><\/p>\t\t\t\t\t\t\t\t<\/div>\n\t\t\t\t<\/div>\n\t\t\t\t\t<\/div>\n\t\t<\/div>\n\t\t\t\t\t<\/div>\n\t\t<\/section>\n\t\t\t\t\t<\/div>\n\t\t<\/div>\n\t\t\t\t\t<\/div>\n\t\t<\/section>\n\t\t\t\t<\/div>","protected":false},"excerpt":{"rendered":"<p>GDPR&nbsp; GPDR&nbsp; Privacy Policy Effective date: June 13, 2019 PRIVIO (\u00ab\u00a0us\u00a0\u00bb, \u00ab\u00a0we\u00a0\u00bb, or \u00ab\u00a0our\u00a0\u00bb) operates the https:\/\/www.privio.com website (hereinafter referred to as the \u00ab\u00a0Service\u00a0\u00bb). This page informs you of our policies regarding the collection, use and disclosure of personal data when you use our Service and the choices you have associated with that data. We [&hellip;]<\/p>\n","protected":false},"author":2,"featured_media":0,"parent":0,"menu_order":0,"comment_status":"closed","ping_status":"closed","template":"elementor_header_footer","meta":{"footnotes":""},"class_list":["post-823","page","type-page","status-publish","hentry"],"yoast_head":"<!-- This site is optimized with the Yoast SEO plugin v27.5 - https:\/\/yoast.com\/product\/yoast-seo-wordpress\/ -->\n<title>GDPR - Privio<\/title>\n<meta name=\"robots\" content=\"index, follow, max-snippet:-1, max-image-preview:large, max-video-preview:-1\" \/>\n<link rel=\"canonical\" href=\"https:\/\/www.privio.com\/de\/gdpr\/\" \/>\n<meta property=\"og:locale\" content=\"de_DE\" \/>\n<meta property=\"og:type\" content=\"article\" \/>\n<meta property=\"og:title\" content=\"GDPR - Privio\" \/>\n<meta property=\"og:description\" content=\"GDPR&nbsp; GPDR&nbsp; Privacy Policy Effective date: June 13, 2019 PRIVIO (\u00ab\u00a0us\u00a0\u00bb, \u00ab\u00a0we\u00a0\u00bb, or \u00ab\u00a0our\u00a0\u00bb) operates the https:\/\/www.privio.com website (hereinafter referred to as the \u00ab\u00a0Service\u00a0\u00bb). This page informs you of our policies regarding the collection, use and disclosure of personal data when you use our Service and the choices you have associated with that data. We [&hellip;]\" \/>\n<meta property=\"og:url\" content=\"https:\/\/www.privio.com\/de\/gdpr\/\" \/>\n<meta property=\"og:site_name\" content=\"Privio\" \/>\n<meta property=\"article:modified_time\" content=\"2024-06-26T07:35:11+00:00\" \/>\n<meta name=\"twitter:card\" content=\"summary_large_image\" \/>\n<meta name=\"twitter:label1\" content=\"Gesch\u00e4tzte Lesezeit\" \/>\n\t<meta name=\"twitter:data1\" content=\"6\u00a0Minuten\" \/>\n<script type=\"application\/ld+json\" class=\"yoast-schema-graph\">{\"@context\":\"https:\\\/\\\/schema.org\",\"@graph\":[{\"@type\":\"WebPage\",\"@id\":\"https:\\\/\\\/www.privio.com\\\/gdpr\\\/\",\"url\":\"https:\\\/\\\/www.privio.com\\\/gdpr\\\/\",\"name\":\"GDPR - Privio\",\"isPartOf\":{\"@id\":\"https:\\\/\\\/www.privio.com\\\/#website\"},\"datePublished\":\"2022-03-31T16:39:31+00:00\",\"dateModified\":\"2024-06-26T07:35:11+00:00\",\"breadcrumb\":{\"@id\":\"https:\\\/\\\/www.privio.com\\\/gdpr\\\/#breadcrumb\"},\"inLanguage\":\"de\",\"potentialAction\":[{\"@type\":\"ReadAction\",\"target\":[\"https:\\\/\\\/www.privio.com\\\/gdpr\\\/\"]}]},{\"@type\":\"BreadcrumbList\",\"@id\":\"https:\\\/\\\/www.privio.com\\\/gdpr\\\/#breadcrumb\",\"itemListElement\":[{\"@type\":\"ListItem\",\"position\":1,\"name\":\"Home\",\"item\":\"https:\\\/\\\/www.privio.com\\\/\"},{\"@type\":\"ListItem\",\"position\":2,\"name\":\"GDPR\"}]},{\"@type\":\"WebSite\",\"@id\":\"https:\\\/\\\/www.privio.com\\\/#website\",\"url\":\"https:\\\/\\\/www.privio.com\\\/\",\"name\":\"Privio\",\"description\":\"Privio is your own platform where you can share your films privately and securely\",\"publisher\":{\"@id\":\"https:\\\/\\\/www.privio.com\\\/#organization\"},\"potentialAction\":[{\"@type\":\"SearchAction\",\"target\":{\"@type\":\"EntryPoint\",\"urlTemplate\":\"https:\\\/\\\/www.privio.com\\\/?s={search_term_string}\"},\"query-input\":{\"@type\":\"PropertyValueSpecification\",\"valueRequired\":true,\"valueName\":\"search_term_string\"}}],\"inLanguage\":\"de\"},{\"@type\":\"Organization\",\"@id\":\"https:\\\/\\\/www.privio.com\\\/#organization\",\"name\":\"Privio\",\"url\":\"https:\\\/\\\/www.privio.com\\\/\",\"logo\":{\"@type\":\"ImageObject\",\"inLanguage\":\"de\",\"@id\":\"https:\\\/\\\/www.privio.com\\\/#\\\/schema\\\/logo\\\/image\\\/\",\"url\":\"https:\\\/\\\/www.privio.com\\\/wp-content\\\/uploads\\\/2022\\\/05\\\/privio.png\",\"contentUrl\":\"https:\\\/\\\/www.privio.com\\\/wp-content\\\/uploads\\\/2022\\\/05\\\/privio.png\",\"width\":157,\"height\":52,\"caption\":\"Privio\"},\"image\":{\"@id\":\"https:\\\/\\\/www.privio.com\\\/#\\\/schema\\\/logo\\\/image\\\/\"}}]}<\/script>\n<!-- \/ Yoast SEO plugin. -->","yoast_head_json":{"title":"GDPR - Privio","robots":{"index":"index","follow":"follow","max-snippet":"max-snippet:-1","max-image-preview":"max-image-preview:large","max-video-preview":"max-video-preview:-1"},"canonical":"https:\/\/www.privio.com\/de\/gdpr\/","og_locale":"de_DE","og_type":"article","og_title":"GDPR - Privio","og_description":"GDPR&nbsp; GPDR&nbsp; Privacy Policy Effective date: June 13, 2019 PRIVIO (\u00ab\u00a0us\u00a0\u00bb, \u00ab\u00a0we\u00a0\u00bb, or \u00ab\u00a0our\u00a0\u00bb) operates the https:\/\/www.privio.com website (hereinafter referred to as the \u00ab\u00a0Service\u00a0\u00bb). This page informs you of our policies regarding the collection, use and disclosure of personal data when you use our Service and the choices you have associated with that data. We [&hellip;]","og_url":"https:\/\/www.privio.com\/de\/gdpr\/","og_site_name":"Privio","article_modified_time":"2024-06-26T07:35:11+00:00","twitter_card":"summary_large_image","twitter_misc":{"Gesch\u00e4tzte Lesezeit":"6\u00a0Minuten"},"schema":{"@context":"https:\/\/schema.org","@graph":[{"@type":"WebPage","@id":"https:\/\/www.privio.com\/gdpr\/","url":"https:\/\/www.privio.com\/gdpr\/","name":"GDPR - Privio","isPartOf":{"@id":"https:\/\/www.privio.com\/#website"},"datePublished":"2022-03-31T16:39:31+00:00","dateModified":"2024-06-26T07:35:11+00:00","breadcrumb":{"@id":"https:\/\/www.privio.com\/gdpr\/#breadcrumb"},"inLanguage":"de","potentialAction":[{"@type":"ReadAction","target":["https:\/\/www.privio.com\/gdpr\/"]}]},{"@type":"BreadcrumbList","@id":"https:\/\/www.privio.com\/gdpr\/#breadcrumb","itemListElement":[{"@type":"ListItem","position":1,"name":"Home","item":"https:\/\/www.privio.com\/"},{"@type":"ListItem","position":2,"name":"GDPR"}]},{"@type":"WebSite","@id":"https:\/\/www.privio.com\/#website","url":"https:\/\/www.privio.com\/","name":"Privio","description":"Privio ist Ihre eigene Plattform, auf der Sie Ihre Filme privat und sicher teilen k\u00f6nnen","publisher":{"@id":"https:\/\/www.privio.com\/#organization"},"potentialAction":[{"@type":"SearchAction","target":{"@type":"EntryPoint","urlTemplate":"https:\/\/www.privio.com\/?s={search_term_string}"},"query-input":{"@type":"PropertyValueSpecification","valueRequired":true,"valueName":"search_term_string"}}],"inLanguage":"de"},{"@type":"Organization","@id":"https:\/\/www.privio.com\/#organization","name":"Privio","url":"https:\/\/www.privio.com\/","logo":{"@type":"ImageObject","inLanguage":"de","@id":"https:\/\/www.privio.com\/#\/schema\/logo\/image\/","url":"https:\/\/www.privio.com\/wp-content\/uploads\/2022\/05\/privio.png","contentUrl":"https:\/\/www.privio.com\/wp-content\/uploads\/2022\/05\/privio.png","width":157,"height":52,"caption":"Privio"},"image":{"@id":"https:\/\/www.privio.com\/#\/schema\/logo\/image\/"}}]}},"_links":{"self":[{"href":"https:\/\/www.privio.com\/de\/wp-json\/wp\/v2\/pages\/823","targetHints":{"allow":["GET"]}}],"collection":[{"href":"https:\/\/www.privio.com\/de\/wp-json\/wp\/v2\/pages"}],"about":[{"href":"https:\/\/www.privio.com\/de\/wp-json\/wp\/v2\/types\/page"}],"author":[{"embeddable":true,"href":"https:\/\/www.privio.com\/de\/wp-json\/wp\/v2\/users\/2"}],"replies":[{"embeddable":true,"href":"https:\/\/www.privio.com\/de\/wp-json\/wp\/v2\/comments?post=823"}],"version-history":[{"count":26,"href":"https:\/\/www.privio.com\/de\/wp-json\/wp\/v2\/pages\/823\/revisions"}],"predecessor-version":[{"id":5861,"href":"https:\/\/www.privio.com\/de\/wp-json\/wp\/v2\/pages\/823\/revisions\/5861"}],"wp:attachment":[{"href":"https:\/\/www.privio.com\/de\/wp-json\/wp\/v2\/media?parent=823"}],"curies":[{"name":"wp","href":"https:\/\/api.w.org\/{rel}","templated":true}]}}