{"id":809,"date":"2022-03-31T16:29:07","date_gmt":"2022-03-31T16:29:07","guid":{"rendered":"https:\/\/www.privio.eu\/?page_id=809"},"modified":"2022-04-05T15:13:53","modified_gmt":"2022-04-05T15:13:53","slug":"legals","status":"publish","type":"page","link":"https:\/\/www.privio.com\/de\/legals\/","title":{"rendered":"Rechtliches"},"content":{"rendered":"<div data-elementor-type=\"wp-page\" data-elementor-id=\"809\" class=\"elementor elementor-809\" data-elementor-post-type=\"page\">\n\t\t\t\t\t\t<section class=\"elementor-section elementor-top-section elementor-element elementor-element-1c15d32 elementor-section-boxed elementor-section-height-default elementor-section-height-default\" data-id=\"1c15d32\" data-element_type=\"section\" data-e-type=\"section\" data-settings=\"{&quot;jet_parallax_layout_list&quot;:[]}\">\n\t\t\t\t\t\t<div class=\"elementor-container elementor-column-gap-no\">\n\t\t\t\t\t<div class=\"elementor-column elementor-col-100 elementor-top-column elementor-element elementor-element-d31d156\" data-id=\"d31d156\" data-element_type=\"column\" data-e-type=\"column\">\n\t\t\t<div class=\"elementor-widget-wrap elementor-element-populated\">\n\t\t\t\t\t\t<div class=\"elementor-element elementor-element-884841e elementor-widget elementor-widget-jet-headline\" data-id=\"884841e\" data-element_type=\"widget\" data-e-type=\"widget\" data-widget_type=\"jet-headline.default\">\n\t\t\t\t<div class=\"elementor-widget-container\">\n\t\t\t\t\t<h1 class=\"jet-headline jet-headline--direction-horizontal\"><span class=\"jet-headline__part jet-headline__first headline__part--image-text\"><span class=\"jet-headline__label\">Rechtliches<\/span><\/span><span class=\"jet-headline__space\">&nbsp;<\/span><\/h1>\t\t\t\t<\/div>\n\t\t\t\t<\/div>\n\t\t\t\t<div class=\"elementor-element elementor-element-5e21ea0 elementor-absolute elementor-widget__width-auto elementor-hidden-tablet elementor-hidden-mobile elementor-invisible elementor-widget elementor-widget-jet-headline\" data-id=\"5e21ea0\" data-element_type=\"widget\" data-e-type=\"widget\" data-settings=\"{&quot;_position&quot;:&quot;absolute&quot;,&quot;_animation&quot;:&quot;flash&quot;}\" data-widget_type=\"jet-headline.default\">\n\t\t\t\t<div class=\"elementor-widget-container\">\n\t\t\t\t\t<h2 class=\"jet-headline jet-headline--direction-horizontal\"><span class=\"jet-headline__part jet-headline__first headline__part--image-text\"><span class=\"jet-headline__label\">Rechtliches<\/span><\/span><span class=\"jet-headline__space\">&nbsp;<\/span><\/h2>\t\t\t\t<\/div>\n\t\t\t\t<\/div>\n\t\t\t\t<section class=\"elementor-section elementor-inner-section elementor-element elementor-element-418ca10 elementor-section-boxed elementor-section-height-default elementor-section-height-default\" data-id=\"418ca10\" data-element_type=\"section\" data-e-type=\"section\" data-settings=\"{&quot;jet_parallax_layout_list&quot;:[]}\">\n\t\t\t\t\t\t<div class=\"elementor-container elementor-column-gap-no\">\n\t\t\t\t\t<div class=\"elementor-column elementor-col-100 elementor-inner-column elementor-element elementor-element-555a100\" data-id=\"555a100\" data-element_type=\"column\" data-e-type=\"column\">\n\t\t\t<div class=\"elementor-widget-wrap elementor-element-populated\">\n\t\t\t\t\t\t<div class=\"elementor-element elementor-element-0eb8123 elementor-widget elementor-widget-text-editor\" data-id=\"0eb8123\" data-element_type=\"widget\" data-e-type=\"widget\" data-widget_type=\"text-editor.default\">\n\t\t\t\t<div class=\"elementor-widget-container\">\n\t\t\t\t\t\t\t\t\t<h2>Wer sind wir?<\/h2>\t\t\t\t\t\t\t\t<\/div>\n\t\t\t\t<\/div>\n\t\t\t\t<div class=\"elementor-element elementor-element-d610223 elementor-widget elementor-widget-text-editor\" data-id=\"d610223\" data-element_type=\"widget\" data-e-type=\"widget\" data-widget_type=\"text-editor.default\">\n\t\t\t\t<div class=\"elementor-widget-container\">\n\t\t\t\t\t\t\t\t\t<p>Unsere Website-Adresse lautet: https:\/\/privio.com.<\/p>\t\t\t\t\t\t\t\t<\/div>\n\t\t\t\t<\/div>\n\t\t\t\t\t<\/div>\n\t\t<\/div>\n\t\t\t\t\t<\/div>\n\t\t<\/section>\n\t\t\t\t<section class=\"elementor-section elementor-inner-section elementor-element elementor-element-690736b elementor-section-boxed elementor-section-height-default elementor-section-height-default\" data-id=\"690736b\" data-element_type=\"section\" data-e-type=\"section\" data-settings=\"{&quot;jet_parallax_layout_list&quot;:[]}\">\n\t\t\t\t\t\t<div class=\"elementor-container elementor-column-gap-no\">\n\t\t\t\t\t<div class=\"elementor-column elementor-col-100 elementor-inner-column elementor-element elementor-element-15f8b21\" data-id=\"15f8b21\" data-element_type=\"column\" data-e-type=\"column\">\n\t\t\t<div class=\"elementor-widget-wrap elementor-element-populated\">\n\t\t\t\t\t\t<div class=\"elementor-element elementor-element-270bede elementor-widget elementor-widget-text-editor\" data-id=\"270bede\" data-element_type=\"widget\" data-e-type=\"widget\" data-widget_type=\"text-editor.default\">\n\t\t\t\t<div class=\"elementor-widget-container\">\n\t\t\t\t\t\t\t\t\t<h2>Verwendung der erhobenen personenbezogenen Daten<\/h2>\t\t\t\t\t\t\t\t<\/div>\n\t\t\t\t<\/div>\n\t\t\t\t<div class=\"elementor-element elementor-element-6e790e7 elementor-widget elementor-widget-text-editor\" data-id=\"6e790e7\" data-element_type=\"widget\" data-e-type=\"widget\" data-widget_type=\"text-editor.default\">\n\t\t\t\t<div class=\"elementor-widget-container\">\n\t\t\t\t\t\t\t\t\t<h3>Kommentare<\/h3><p>Wenn Sie einen Kommentar auf unserer Website hinterlassen, werden nicht nur die in das Kommentarformular eingegebenen Daten, sondern auch Ihre IP-Adresse und der User-Agent Ihres Browsers erfasst, damit wir unerw\u00fcnschte Kommentare erkennen k\u00f6nnen.<\/p><p>Eine anonymisierte Zeichenkette, die aus Ihrer E-Mail-Adresse erstellt wird (auch Hash genannt), kann an den Gravatar-Dienst gesendet werden, um zu \u00fcberpr\u00fcfen, ob Sie ihn benutzen. Die Datenschutzbestimmungen des Gravatar-Dienstes finden Sie hier: https:\/\/automattic.com\/privacy\/. Nach der Validierung Ihres Kommentars wird Ihr Profilbild neben Ihrem Kommentar \u00f6ffentlich sichtbar sein.<\/p><h3>Medien<\/h3><p>Wenn Sie ein registrierter Nutzer sind und Bilder auf die Website hochladen, raten wir Ihnen, das Hochladen von Bildern mit EXIF-GPS-Koordinaten zu vermeiden. Besucher Ihrer Website k\u00f6nnen Standortdaten aus diesen Bildern herunterladen und extrahieren.<\/p><h3>Kontaktformulare<\/h3><h3>Cookies<\/h3><p>Wenn Sie einen Kommentar auf unserer Website hinterlassen, werden Sie aufgefordert, Ihren Namen, Ihre E-Mail-Adresse und Ihre Website in Cookies zu speichern. Dies dient lediglich Ihrer Bequemlichkeit, damit Sie diese Informationen nicht erneut eingeben m\u00fcssen, wenn Sie sp\u00e4ter einen weiteren Kommentar hinterlassen. Diese Cookies verfallen nach einem Jahr.<\/p><p>Wenn Sie die Anmeldeseite aufrufen, wird ein tempor\u00e4rer Cookie angelegt, um festzustellen, ob Ihr Browser Cookies akzeptiert. Es enth\u00e4lt keine pers\u00f6nlichen Daten und wird automatisch gel\u00f6scht, wenn Sie Ihren Browser schlie\u00dfen.<\/p><p>Wenn Sie sich anmelden, werden wir eine Reihe von Cookies setzen, um Ihre Anmeldeinformationen und Bildschirmeinstellungen zu speichern. Die Lebensdauer eines Anmelde-Cookies betr\u00e4gt zwei Tage, die eines Cookies f\u00fcr Bildschirmoptionen ein Jahr. Wenn Sie das Kontrollk\u00e4stchen \"Mich merken\" aktivieren, wird Ihr Cookie zwei Wochen lang gespeichert. Wenn Sie sich von Ihrem Konto abmelden, wird das Cookie gel\u00f6scht.<\/p><p>Bei der Bearbeitung oder Ver\u00f6ffentlichung einer Publikation wird ein zus\u00e4tzliches Cookie in Ihrem Browser gespeichert. Dieses Cookie enth\u00e4lt keine pers\u00f6nlichen Daten. Er zeigt lediglich die ID der Ver\u00f6ffentlichung an, die Sie gerade ge\u00e4ndert haben. Er verf\u00e4llt nach einem Tag.<\/p><h3>Verwendung und \u00dcbermittlung Ihrer personenbezogenen Daten<\/h3><p>Bei Nutzern, die sich auf unserer Website registrieren (sofern m\u00f6glich), speichern wir auch die in ihrem Profil angegebenen personenbezogenen Daten. Alle Nutzer k\u00f6nnen ihre pers\u00f6nlichen Daten jederzeit einsehen, \u00e4ndern oder l\u00f6schen (mit Ausnahme ihres Benutzernamens). Auch die Verantwortlichen der Website k\u00f6nnen diese Informationen einsehen und \u00e4ndern.<\/p>\t\t\t\t\t\t\t\t<\/div>\n\t\t\t\t<\/div>\n\t\t\t\t\t<\/div>\n\t\t<\/div>\n\t\t\t\t\t<\/div>\n\t\t<\/section>\n\t\t\t\t<section class=\"elementor-section elementor-inner-section elementor-element elementor-element-f8f9502 elementor-section-boxed elementor-section-height-default elementor-section-height-default\" data-id=\"f8f9502\" data-element_type=\"section\" data-e-type=\"section\" data-settings=\"{&quot;jet_parallax_layout_list&quot;:[]}\">\n\t\t\t\t\t\t<div class=\"elementor-container elementor-column-gap-no\">\n\t\t\t\t\t<div class=\"elementor-column elementor-col-100 elementor-inner-column elementor-element elementor-element-ed97db8\" data-id=\"ed97db8\" data-element_type=\"column\" data-e-type=\"column\">\n\t\t\t<div class=\"elementor-widget-wrap elementor-element-populated\">\n\t\t\t\t\t\t<div class=\"elementor-element elementor-element-35a5ea4 elementor-widget elementor-widget-text-editor\" data-id=\"35a5ea4\" data-element_type=\"widget\" data-e-type=\"widget\" data-widget_type=\"text-editor.default\">\n\t\t\t\t<div class=\"elementor-widget-container\">\n\t\t\t\t\t\t\t\t\t<h2>Welche Rechte Sie in Bezug auf Ihre Daten haben<\/h2>\t\t\t\t\t\t\t\t<\/div>\n\t\t\t\t<\/div>\n\t\t\t\t<div class=\"elementor-element elementor-element-b782d6d elementor-widget elementor-widget-text-editor\" data-id=\"b782d6d\" data-element_type=\"widget\" data-e-type=\"widget\" data-widget_type=\"text-editor.default\">\n\t\t\t\t<div class=\"elementor-widget-container\">\n\t\t\t\t\t\t\t\t\t<p>Wenn Sie ein Konto haben oder Kommentare auf der Website hinterlassen haben, k\u00f6nnen Sie eine Datei anfordern, die alle pers\u00f6nlichen Daten enth\u00e4lt, die wir \u00fcber Sie haben, einschlie\u00dflich der Daten, die Sie uns mitgeteilt haben. Sie k\u00f6nnen auch die L\u00f6schung Ihrer personenbezogenen Daten beantragen. Davon ausgenommen sind Daten, die zu administrativen, rechtlichen oder Sicherheitszwecken gespeichert werden.<\/p>\t\t\t\t\t\t\t\t<\/div>\n\t\t\t\t<\/div>\n\t\t\t\t\t<\/div>\n\t\t<\/div>\n\t\t\t\t\t<\/div>\n\t\t<\/section>\n\t\t\t\t\t<\/div>\n\t\t<\/div>\n\t\t\t\t\t<\/div>\n\t\t<\/section>\n\t\t\t\t<\/div>","protected":false},"excerpt":{"rendered":"<p>Legals&nbsp; Legals&nbsp; Who are we? Our website address is: https:\/\/privio.eu. Use of personal data collected Comments When you leave a comment on our website, not only the data entered in the comment form, but also your IP address and the user agent of your browser are collected to help us detect unwanted comments. An anonymized [&hellip;]<\/p>\n","protected":false},"author":2,"featured_media":0,"parent":0,"menu_order":0,"comment_status":"closed","ping_status":"closed","template":"elementor_header_footer","meta":{"footnotes":""},"class_list":["post-809","page","type-page","status-publish","hentry"],"yoast_head":"<!-- This site is optimized with the Yoast SEO plugin v27.5 - https:\/\/yoast.com\/product\/yoast-seo-wordpress\/ -->\n<title>Legals - Privio<\/title>\n<meta name=\"robots\" content=\"index, follow, max-snippet:-1, max-image-preview:large, max-video-preview:-1\" \/>\n<link rel=\"canonical\" href=\"https:\/\/www.privio.com\/de\/legals\/\" \/>\n<meta property=\"og:locale\" content=\"de_DE\" \/>\n<meta property=\"og:type\" content=\"article\" \/>\n<meta property=\"og:title\" content=\"Legals - Privio\" \/>\n<meta property=\"og:description\" content=\"Legals&nbsp; Legals&nbsp; Who are we? Our website address is: https:\/\/privio.eu. Use of personal data collected Comments When you leave a comment on our website, not only the data entered in the comment form, but also your IP address and the user agent of your browser are collected to help us detect unwanted comments. An anonymized [&hellip;]\" \/>\n<meta property=\"og:url\" content=\"https:\/\/www.privio.com\/de\/legals\/\" \/>\n<meta property=\"og:site_name\" content=\"Privio\" \/>\n<meta property=\"article:modified_time\" content=\"2022-04-05T15:13:53+00:00\" \/>\n<meta name=\"twitter:card\" content=\"summary_large_image\" \/>\n<meta name=\"twitter:label1\" content=\"Gesch\u00e4tzte Lesezeit\" \/>\n\t<meta name=\"twitter:data1\" content=\"2\u00a0Minuten\" \/>\n<script type=\"application\/ld+json\" class=\"yoast-schema-graph\">{\"@context\":\"https:\\\/\\\/schema.org\",\"@graph\":[{\"@type\":\"WebPage\",\"@id\":\"https:\\\/\\\/www.privio.com\\\/legals\\\/\",\"url\":\"https:\\\/\\\/www.privio.com\\\/legals\\\/\",\"name\":\"Legals - Privio\",\"isPartOf\":{\"@id\":\"https:\\\/\\\/www.privio.com\\\/#website\"},\"datePublished\":\"2022-03-31T16:29:07+00:00\",\"dateModified\":\"2022-04-05T15:13:53+00:00\",\"breadcrumb\":{\"@id\":\"https:\\\/\\\/www.privio.com\\\/legals\\\/#breadcrumb\"},\"inLanguage\":\"de\",\"potentialAction\":[{\"@type\":\"ReadAction\",\"target\":[\"https:\\\/\\\/www.privio.com\\\/legals\\\/\"]}]},{\"@type\":\"BreadcrumbList\",\"@id\":\"https:\\\/\\\/www.privio.com\\\/legals\\\/#breadcrumb\",\"itemListElement\":[{\"@type\":\"ListItem\",\"position\":1,\"name\":\"Home\",\"item\":\"https:\\\/\\\/www.privio.com\\\/\"},{\"@type\":\"ListItem\",\"position\":2,\"name\":\"Legals\"}]},{\"@type\":\"WebSite\",\"@id\":\"https:\\\/\\\/www.privio.com\\\/#website\",\"url\":\"https:\\\/\\\/www.privio.com\\\/\",\"name\":\"Privio\",\"description\":\"Privio is your own platform where you can share your films privately and securely\",\"publisher\":{\"@id\":\"https:\\\/\\\/www.privio.com\\\/#organization\"},\"potentialAction\":[{\"@type\":\"SearchAction\",\"target\":{\"@type\":\"EntryPoint\",\"urlTemplate\":\"https:\\\/\\\/www.privio.com\\\/?s={search_term_string}\"},\"query-input\":{\"@type\":\"PropertyValueSpecification\",\"valueRequired\":true,\"valueName\":\"search_term_string\"}}],\"inLanguage\":\"de\"},{\"@type\":\"Organization\",\"@id\":\"https:\\\/\\\/www.privio.com\\\/#organization\",\"name\":\"Privio\",\"url\":\"https:\\\/\\\/www.privio.com\\\/\",\"logo\":{\"@type\":\"ImageObject\",\"inLanguage\":\"de\",\"@id\":\"https:\\\/\\\/www.privio.com\\\/#\\\/schema\\\/logo\\\/image\\\/\",\"url\":\"https:\\\/\\\/www.privio.com\\\/wp-content\\\/uploads\\\/2022\\\/05\\\/privio.png\",\"contentUrl\":\"https:\\\/\\\/www.privio.com\\\/wp-content\\\/uploads\\\/2022\\\/05\\\/privio.png\",\"width\":157,\"height\":52,\"caption\":\"Privio\"},\"image\":{\"@id\":\"https:\\\/\\\/www.privio.com\\\/#\\\/schema\\\/logo\\\/image\\\/\"}}]}<\/script>\n<!-- \/ Yoast SEO plugin. -->","yoast_head_json":{"title":"Legals - Privio","robots":{"index":"index","follow":"follow","max-snippet":"max-snippet:-1","max-image-preview":"max-image-preview:large","max-video-preview":"max-video-preview:-1"},"canonical":"https:\/\/www.privio.com\/de\/legals\/","og_locale":"de_DE","og_type":"article","og_title":"Legals - Privio","og_description":"Legals&nbsp; Legals&nbsp; Who are we? Our website address is: https:\/\/privio.eu. Use of personal data collected Comments When you leave a comment on our website, not only the data entered in the comment form, but also your IP address and the user agent of your browser are collected to help us detect unwanted comments. An anonymized [&hellip;]","og_url":"https:\/\/www.privio.com\/de\/legals\/","og_site_name":"Privio","article_modified_time":"2022-04-05T15:13:53+00:00","twitter_card":"summary_large_image","twitter_misc":{"Gesch\u00e4tzte Lesezeit":"2\u00a0Minuten"},"schema":{"@context":"https:\/\/schema.org","@graph":[{"@type":"WebPage","@id":"https:\/\/www.privio.com\/legals\/","url":"https:\/\/www.privio.com\/legals\/","name":"Legals - Privio","isPartOf":{"@id":"https:\/\/www.privio.com\/#website"},"datePublished":"2022-03-31T16:29:07+00:00","dateModified":"2022-04-05T15:13:53+00:00","breadcrumb":{"@id":"https:\/\/www.privio.com\/legals\/#breadcrumb"},"inLanguage":"de","potentialAction":[{"@type":"ReadAction","target":["https:\/\/www.privio.com\/legals\/"]}]},{"@type":"BreadcrumbList","@id":"https:\/\/www.privio.com\/legals\/#breadcrumb","itemListElement":[{"@type":"ListItem","position":1,"name":"Home","item":"https:\/\/www.privio.com\/"},{"@type":"ListItem","position":2,"name":"Legals"}]},{"@type":"WebSite","@id":"https:\/\/www.privio.com\/#website","url":"https:\/\/www.privio.com\/","name":"Privio","description":"Privio ist Ihre eigene Plattform, auf der Sie Ihre Filme privat und sicher teilen k\u00f6nnen","publisher":{"@id":"https:\/\/www.privio.com\/#organization"},"potentialAction":[{"@type":"SearchAction","target":{"@type":"EntryPoint","urlTemplate":"https:\/\/www.privio.com\/?s={search_term_string}"},"query-input":{"@type":"PropertyValueSpecification","valueRequired":true,"valueName":"search_term_string"}}],"inLanguage":"de"},{"@type":"Organization","@id":"https:\/\/www.privio.com\/#organization","name":"Privio","url":"https:\/\/www.privio.com\/","logo":{"@type":"ImageObject","inLanguage":"de","@id":"https:\/\/www.privio.com\/#\/schema\/logo\/image\/","url":"https:\/\/www.privio.com\/wp-content\/uploads\/2022\/05\/privio.png","contentUrl":"https:\/\/www.privio.com\/wp-content\/uploads\/2022\/05\/privio.png","width":157,"height":52,"caption":"Privio"},"image":{"@id":"https:\/\/www.privio.com\/#\/schema\/logo\/image\/"}}]}},"_links":{"self":[{"href":"https:\/\/www.privio.com\/de\/wp-json\/wp\/v2\/pages\/809","targetHints":{"allow":["GET"]}}],"collection":[{"href":"https:\/\/www.privio.com\/de\/wp-json\/wp\/v2\/pages"}],"about":[{"href":"https:\/\/www.privio.com\/de\/wp-json\/wp\/v2\/types\/page"}],"author":[{"embeddable":true,"href":"https:\/\/www.privio.com\/de\/wp-json\/wp\/v2\/users\/2"}],"replies":[{"embeddable":true,"href":"https:\/\/www.privio.com\/de\/wp-json\/wp\/v2\/comments?post=809"}],"version-history":[{"count":20,"href":"https:\/\/www.privio.com\/de\/wp-json\/wp\/v2\/pages\/809\/revisions"}],"predecessor-version":[{"id":1716,"href":"https:\/\/www.privio.com\/de\/wp-json\/wp\/v2\/pages\/809\/revisions\/1716"}],"wp:attachment":[{"href":"https:\/\/www.privio.com\/de\/wp-json\/wp\/v2\/media?parent=809"}],"curies":[{"name":"wp","href":"https:\/\/api.w.org\/{rel}","templated":true}]}}